{"id":4149,"date":"2023-01-18T08:22:20","date_gmt":"2023-01-18T08:22:20","guid":{"rendered":"https:\/\/nouvellealpina.ch\/?page_id=4149"},"modified":"2023-01-19T20:57:42","modified_gmt":"2023-01-19T20:57:42","slug":"plans-etages","status":"publish","type":"page","link":"https:\/\/nouvellealpina.ch\/en\/plans-etages\/","title":{"rendered":"Floor Plans"},"content":{"rendered":"<div class=\"wpb-content-wrapper\"><div class=\"vc_row wpb_row vc_row-fluid\"><div class=\"wpb_column vc_column_container vc_col-sm-12\"><div class=\"vc_column-inner\"><div class=\"wpb_wrapper\"><div style=\"background-color:;height: 50px\" class=\"nicdark_section  \"><\/div> <h3 style=\"color:#000000;padding:px;text-align:;font-size:25px;line-height:25px;letter-spacing: px;font-weight:normal\" class=\"   nd_options_first_font \">Plans des \u00e9tages<\/h3> <div style=\"background-color:;height: 50px\" class=\"nicdark_section  \"><\/div><\/div><\/div><\/div><\/div><div class=\"vc_row wpb_row vc_row-fluid vc_custom_1674030248770\"><div class=\"wpb_column vc_column_container vc_col-sm-1\"><div class=\"vc_column-inner\"><div class=\"wpb_wrapper\"><\/div><\/div><\/div><div class=\"wpb_column vc_column_container vc_col-sm-10\"><div class=\"vc_column-inner\"><div class=\"wpb_wrapper\"><div class=\"wpb_gallery wpb_content_element vc_clearfix wpb_content_element\" ><div class=\"wpb_wrapper\"><div class=\"wpb_gallery_slides wpb_flexslider flexslider_fade flexslider\" data-interval=\"0\" data-flex_fx=\"fade\"><ul class=\"slides\"><li><a class=\"\" href=\"https:\/\/nouvellealpina.ch\/wp-content\/uploads\/2023\/01\/Plans-Nouvelle-Alpina-2023.001-1024x576.png\" data-lightbox=\"lightbox[rel-4149-4076388211]\"><img loading=\"lazy\" decoding=\"async\" width=\"300\" height=\"169\" src=\"https:\/\/nouvellealpina.ch\/wp-content\/uploads\/2023\/01\/Plans-Nouvelle-Alpina-2023.001-300x169.png\" class=\"attachment-medium\" alt=\"\" title=\"Plans Nouvelle Alpina 2023.001\" srcset=\"https:\/\/nouvellealpina.ch\/wp-content\/uploads\/2023\/01\/Plans-Nouvelle-Alpina-2023.001-300x169.png 300w, https:\/\/nouvellealpina.ch\/wp-content\/uploads\/2023\/01\/Plans-Nouvelle-Alpina-2023.001-1024x576.png 1024w, https:\/\/nouvellealpina.ch\/wp-content\/uploads\/2023\/01\/Plans-Nouvelle-Alpina-2023.001-768x432.png 768w, https:\/\/nouvellealpina.ch\/wp-content\/uploads\/2023\/01\/Plans-Nouvelle-Alpina-2023.001-1536x864.png 1536w, https:\/\/nouvellealpina.ch\/wp-content\/uploads\/2023\/01\/Plans-Nouvelle-Alpina-2023.001-18x10.png 18w, https:\/\/nouvellealpina.ch\/wp-content\/uploads\/2023\/01\/Plans-Nouvelle-Alpina-2023.001.png 1920w\" sizes=\"auto, (max-width: 300px) 100vw, 300px\" \/><\/a><\/li><li><a class=\"\" href=\"https:\/\/nouvellealpina.ch\/wp-content\/uploads\/2023\/01\/Plans-Nouvelle-Alpina-2023.002-1024x576.png\" data-lightbox=\"lightbox[rel-4149-4076388211]\"><img loading=\"lazy\" decoding=\"async\" width=\"300\" height=\"169\" src=\"https:\/\/nouvellealpina.ch\/wp-content\/uploads\/2023\/01\/Plans-Nouvelle-Alpina-2023.002-300x169.png\" class=\"attachment-medium\" alt=\"\" title=\"Plans Nouvelle Alpina 2023.002\" srcset=\"https:\/\/nouvellealpina.ch\/wp-content\/uploads\/2023\/01\/Plans-Nouvelle-Alpina-2023.002-300x169.png 300w, https:\/\/nouvellealpina.ch\/wp-content\/uploads\/2023\/01\/Plans-Nouvelle-Alpina-2023.002-1024x576.png 1024w, https:\/\/nouvellealpina.ch\/wp-content\/uploads\/2023\/01\/Plans-Nouvelle-Alpina-2023.002-768x432.png 768w, https:\/\/nouvellealpina.ch\/wp-content\/uploads\/2023\/01\/Plans-Nouvelle-Alpina-2023.002-1536x864.png 1536w, https:\/\/nouvellealpina.ch\/wp-content\/uploads\/2023\/01\/Plans-Nouvelle-Alpina-2023.002-18x10.png 18w, https:\/\/nouvellealpina.ch\/wp-content\/uploads\/2023\/01\/Plans-Nouvelle-Alpina-2023.002.png 1920w\" sizes=\"auto, (max-width: 300px) 100vw, 300px\" \/><\/a><\/li><li><a class=\"\" href=\"https:\/\/nouvellealpina.ch\/wp-content\/uploads\/2023\/01\/Plans-Nouvelle-Alpina-2023.003-1-1024x576.png\" data-lightbox=\"lightbox[rel-4149-4076388211]\"><img loading=\"lazy\" decoding=\"async\" width=\"300\" height=\"169\" src=\"https:\/\/nouvellealpina.ch\/wp-content\/uploads\/2023\/01\/Plans-Nouvelle-Alpina-2023.003-1-300x169.png\" class=\"attachment-medium\" alt=\"\" title=\"Plans Nouvelle Alpina 2023.003\" srcset=\"https:\/\/nouvellealpina.ch\/wp-content\/uploads\/2023\/01\/Plans-Nouvelle-Alpina-2023.003-1-300x169.png 300w, https:\/\/nouvellealpina.ch\/wp-content\/uploads\/2023\/01\/Plans-Nouvelle-Alpina-2023.003-1-1024x576.png 1024w, https:\/\/nouvellealpina.ch\/wp-content\/uploads\/2023\/01\/Plans-Nouvelle-Alpina-2023.003-1-768x432.png 768w, https:\/\/nouvellealpina.ch\/wp-content\/uploads\/2023\/01\/Plans-Nouvelle-Alpina-2023.003-1-1536x864.png 1536w, https:\/\/nouvellealpina.ch\/wp-content\/uploads\/2023\/01\/Plans-Nouvelle-Alpina-2023.003-1-18x10.png 18w, https:\/\/nouvellealpina.ch\/wp-content\/uploads\/2023\/01\/Plans-Nouvelle-Alpina-2023.003-1.png 1920w\" sizes=\"auto, (max-width: 300px) 100vw, 300px\" \/><\/a><\/li><li><a class=\"\" href=\"https:\/\/nouvellealpina.ch\/wp-content\/uploads\/2023\/01\/Plans-Nouvelle-Alpina-2023.004-1024x576.png\" data-lightbox=\"lightbox[rel-4149-4076388211]\"><img loading=\"lazy\" decoding=\"async\" width=\"300\" height=\"169\" src=\"https:\/\/nouvellealpina.ch\/wp-content\/uploads\/2023\/01\/Plans-Nouvelle-Alpina-2023.004-300x169.png\" class=\"attachment-medium\" alt=\"\" title=\"Plans Nouvelle Alpina 2023.004\" srcset=\"https:\/\/nouvellealpina.ch\/wp-content\/uploads\/2023\/01\/Plans-Nouvelle-Alpina-2023.004-300x169.png 300w, https:\/\/nouvellealpina.ch\/wp-content\/uploads\/2023\/01\/Plans-Nouvelle-Alpina-2023.004-1024x576.png 1024w, https:\/\/nouvellealpina.ch\/wp-content\/uploads\/2023\/01\/Plans-Nouvelle-Alpina-2023.004-768x432.png 768w, https:\/\/nouvellealpina.ch\/wp-content\/uploads\/2023\/01\/Plans-Nouvelle-Alpina-2023.004-1536x864.png 1536w, https:\/\/nouvellealpina.ch\/wp-content\/uploads\/2023\/01\/Plans-Nouvelle-Alpina-2023.004-18x10.png 18w, https:\/\/nouvellealpina.ch\/wp-content\/uploads\/2023\/01\/Plans-Nouvelle-Alpina-2023.004.png 1920w\" sizes=\"auto, (max-width: 300px) 100vw, 300px\" \/><\/a><\/li><li><a class=\"\" href=\"https:\/\/nouvellealpina.ch\/wp-content\/uploads\/2023\/01\/Plans-Nouvelle-Alpina-2023.005-1024x576.png\" data-lightbox=\"lightbox[rel-4149-4076388211]\"><img loading=\"lazy\" decoding=\"async\" width=\"300\" height=\"169\" src=\"https:\/\/nouvellealpina.ch\/wp-content\/uploads\/2023\/01\/Plans-Nouvelle-Alpina-2023.005-300x169.png\" class=\"attachment-medium\" alt=\"\" title=\"Plans Nouvelle Alpina 2023.005\" srcset=\"https:\/\/nouvellealpina.ch\/wp-content\/uploads\/2023\/01\/Plans-Nouvelle-Alpina-2023.005-300x169.png 300w, https:\/\/nouvellealpina.ch\/wp-content\/uploads\/2023\/01\/Plans-Nouvelle-Alpina-2023.005-1024x576.png 1024w, https:\/\/nouvellealpina.ch\/wp-content\/uploads\/2023\/01\/Plans-Nouvelle-Alpina-2023.005-768x432.png 768w, https:\/\/nouvellealpina.ch\/wp-content\/uploads\/2023\/01\/Plans-Nouvelle-Alpina-2023.005-1536x864.png 1536w, https:\/\/nouvellealpina.ch\/wp-content\/uploads\/2023\/01\/Plans-Nouvelle-Alpina-2023.005-18x10.png 18w, https:\/\/nouvellealpina.ch\/wp-content\/uploads\/2023\/01\/Plans-Nouvelle-Alpina-2023.005.png 1920w\" sizes=\"auto, (max-width: 300px) 100vw, 300px\" \/><\/a><\/li><\/ul><\/div><\/div><\/div><\/div><\/div><\/div><div class=\"wpb_column vc_column_container vc_col-sm-1\"><div class=\"vc_column-inner\"><div class=\"wpb_wrapper\"><\/div><\/div><\/div><\/div>\n<\/div>","protected":false},"excerpt":{"rendered":"Floor Plans","protected":false},"author":1,"featured_media":0,"parent":0,"menu_order":0,"comment_status":"closed","ping_status":"closed","template":"","meta":{"_monsterinsights_skip_tracking":false,"_monsterinsights_sitenote_active":false,"_monsterinsights_sitenote_note":"","_monsterinsights_sitenote_category":0,"footnotes":""},"class_list":["post-4149","page","type-page","status-publish","hentry"],"yoast_head":"<!-- This site is optimized with the Yoast SEO Premium plugin v21.6 (Yoast SEO v27.4) - https:\/\/yoast.com\/product\/yoast-seo-premium-wordpress\/ -->\n<title>Plans des \u00e9tages - La Nouvelle Alpina<\/title>\n<meta name=\"robots\" content=\"index, follow, max-snippet:-1, max-image-preview:large, max-video-preview:-1\" \/>\n<link rel=\"canonical\" href=\"https:\/\/nouvellealpina.ch\/en\/plans-etages\/\" \/>\n<meta property=\"og:locale\" content=\"en_GB\" \/>\n<meta property=\"og:type\" content=\"article\" \/>\n<meta property=\"og:title\" content=\"Plans des \u00e9tages\" \/>\n<meta property=\"og:url\" content=\"https:\/\/nouvellealpina.ch\/en\/plans-etages\/\" \/>\n<meta property=\"og:site_name\" content=\"La Nouvelle Alpina\" \/>\n<meta property=\"article:publisher\" content=\"https:\/\/www.facebook.com\/nouvellealpina\" \/>\n<meta property=\"article:modified_time\" content=\"2023-01-19T20:57:42+00:00\" \/>\n<meta name=\"twitter:card\" content=\"summary_large_image\" \/>\n<meta name=\"twitter:label1\" content=\"Estimated reading time\" \/>\n\t<meta name=\"twitter:data1\" content=\"1 minute\" \/>\n<script type=\"application\/ld+json\" class=\"yoast-schema-graph\">{\"@context\":\"https:\\\/\\\/schema.org\",\"@graph\":[{\"@type\":\"WebPage\",\"@id\":\"https:\\\/\\\/nouvellealpina.ch\\\/plans-etages\\\/\",\"url\":\"https:\\\/\\\/nouvellealpina.ch\\\/plans-etages\\\/\",\"name\":\"Plans des \u00e9tages - La Nouvelle Alpina\",\"isPartOf\":{\"@id\":\"https:\\\/\\\/nouvellealpina.ch\\\/#website\"},\"datePublished\":\"2023-01-18T08:22:20+00:00\",\"dateModified\":\"2023-01-19T20:57:42+00:00\",\"breadcrumb\":{\"@id\":\"https:\\\/\\\/nouvellealpina.ch\\\/plans-etages\\\/#breadcrumb\"},\"inLanguage\":\"en-GB\",\"potentialAction\":[{\"@type\":\"ReadAction\",\"target\":[\"https:\\\/\\\/nouvellealpina.ch\\\/plans-etages\\\/\"]}]},{\"@type\":\"BreadcrumbList\",\"@id\":\"https:\\\/\\\/nouvellealpina.ch\\\/plans-etages\\\/#breadcrumb\",\"itemListElement\":[{\"@type\":\"ListItem\",\"position\":1,\"name\":\"Accueil\",\"item\":\"https:\\\/\\\/nouvellealpina.ch\\\/\"},{\"@type\":\"ListItem\",\"position\":2,\"name\":\"Plans des \u00e9tages\"}]},{\"@type\":\"WebSite\",\"@id\":\"https:\\\/\\\/nouvellealpina.ch\\\/#website\",\"url\":\"https:\\\/\\\/nouvellealpina.ch\\\/\",\"name\":\"La Nouvelle Alpina\",\"description\":\"Auberge Chalet pour groupes \u00e0 louer \u00e0 Champ\u00e9ry\",\"publisher\":{\"@id\":\"https:\\\/\\\/nouvellealpina.ch\\\/#organization\"},\"potentialAction\":[{\"@type\":\"SearchAction\",\"target\":{\"@type\":\"EntryPoint\",\"urlTemplate\":\"https:\\\/\\\/nouvellealpina.ch\\\/?s={search_term_string}\"},\"query-input\":{\"@type\":\"PropertyValueSpecification\",\"valueRequired\":true,\"valueName\":\"search_term_string\"}}],\"inLanguage\":\"en-GB\"},{\"@type\":\"Organization\",\"@id\":\"https:\\\/\\\/nouvellealpina.ch\\\/#organization\",\"name\":\"La Nouvelle Alpina\",\"url\":\"https:\\\/\\\/nouvellealpina.ch\\\/\",\"logo\":{\"@type\":\"ImageObject\",\"inLanguage\":\"en-GB\",\"@id\":\"https:\\\/\\\/nouvellealpina.ch\\\/#\\\/schema\\\/logo\\\/image\\\/\",\"url\":\"https:\\\/\\\/nouvellealpina.ch\\\/wp-content\\\/uploads\\\/2022\\\/05\\\/Logo-Nouvelle-Alpina.png\",\"contentUrl\":\"https:\\\/\\\/nouvellealpina.ch\\\/wp-content\\\/uploads\\\/2022\\\/05\\\/Logo-Nouvelle-Alpina.png\",\"width\":740,\"height\":198,\"caption\":\"La Nouvelle Alpina\"},\"image\":{\"@id\":\"https:\\\/\\\/nouvellealpina.ch\\\/#\\\/schema\\\/logo\\\/image\\\/\"},\"sameAs\":[\"https:\\\/\\\/www.facebook.com\\\/nouvellealpina\",\"https:\\\/\\\/www.instagram.com\\\/nouvellealpina\\\/\"]}]}<\/script>\n<!-- \/ Yoast SEO Premium plugin. -->","yoast_head_json":{"title":"Plans des \u00e9tages - La Nouvelle Alpina","robots":{"index":"index","follow":"follow","max-snippet":"max-snippet:-1","max-image-preview":"max-image-preview:large","max-video-preview":"max-video-preview:-1"},"canonical":"https:\/\/nouvellealpina.ch\/en\/plans-etages\/","og_locale":"en_GB","og_type":"article","og_title":"Plans des \u00e9tages","og_url":"https:\/\/nouvellealpina.ch\/en\/plans-etages\/","og_site_name":"La Nouvelle Alpina","article_publisher":"https:\/\/www.facebook.com\/nouvellealpina","article_modified_time":"2023-01-19T20:57:42+00:00","twitter_card":"summary_large_image","twitter_misc":{"Estimated reading time":"1 minute"},"schema":{"@context":"https:\/\/schema.org","@graph":[{"@type":"WebPage","@id":"https:\/\/nouvellealpina.ch\/plans-etages\/","url":"https:\/\/nouvellealpina.ch\/plans-etages\/","name":"Plans des \u00e9tages - La Nouvelle Alpina","isPartOf":{"@id":"https:\/\/nouvellealpina.ch\/#website"},"datePublished":"2023-01-18T08:22:20+00:00","dateModified":"2023-01-19T20:57:42+00:00","breadcrumb":{"@id":"https:\/\/nouvellealpina.ch\/plans-etages\/#breadcrumb"},"inLanguage":"en-GB","potentialAction":[{"@type":"ReadAction","target":["https:\/\/nouvellealpina.ch\/plans-etages\/"]}]},{"@type":"BreadcrumbList","@id":"https:\/\/nouvellealpina.ch\/plans-etages\/#breadcrumb","itemListElement":[{"@type":"ListItem","position":1,"name":"Accueil","item":"https:\/\/nouvellealpina.ch\/"},{"@type":"ListItem","position":2,"name":"Plans des \u00e9tages"}]},{"@type":"WebSite","@id":"https:\/\/nouvellealpina.ch\/#website","url":"https:\/\/nouvellealpina.ch\/","name":"Nouvelle Alpina","description":"Auberge Chalet pour groupes \u00e0 louer \u00e0 Champ\u00e9ry","publisher":{"@id":"https:\/\/nouvellealpina.ch\/#organization"},"potentialAction":[{"@type":"SearchAction","target":{"@type":"EntryPoint","urlTemplate":"https:\/\/nouvellealpina.ch\/?s={search_term_string}"},"query-input":{"@type":"PropertyValueSpecification","valueRequired":true,"valueName":"search_term_string"}}],"inLanguage":"en-GB"},{"@type":"Organization","@id":"https:\/\/nouvellealpina.ch\/#organization","name":"Nouvelle Alpina","url":"https:\/\/nouvellealpina.ch\/","logo":{"@type":"ImageObject","inLanguage":"en-GB","@id":"https:\/\/nouvellealpina.ch\/#\/schema\/logo\/image\/","url":"https:\/\/nouvellealpina.ch\/wp-content\/uploads\/2022\/05\/Logo-Nouvelle-Alpina.png","contentUrl":"https:\/\/nouvellealpina.ch\/wp-content\/uploads\/2022\/05\/Logo-Nouvelle-Alpina.png","width":740,"height":198,"caption":"La Nouvelle Alpina"},"image":{"@id":"https:\/\/nouvellealpina.ch\/#\/schema\/logo\/image\/"},"sameAs":["https:\/\/www.facebook.com\/nouvellealpina","https:\/\/www.instagram.com\/nouvellealpina\/"]}]}},"_links":{"self":[{"href":"https:\/\/nouvellealpina.ch\/en\/wp-json\/wp\/v2\/pages\/4149","targetHints":{"allow":["GET"]}}],"collection":[{"href":"https:\/\/nouvellealpina.ch\/en\/wp-json\/wp\/v2\/pages"}],"about":[{"href":"https:\/\/nouvellealpina.ch\/en\/wp-json\/wp\/v2\/types\/page"}],"author":[{"embeddable":true,"href":"https:\/\/nouvellealpina.ch\/en\/wp-json\/wp\/v2\/users\/1"}],"replies":[{"embeddable":true,"href":"https:\/\/nouvellealpina.ch\/en\/wp-json\/wp\/v2\/comments?post=4149"}],"version-history":[{"count":6,"href":"https:\/\/nouvellealpina.ch\/en\/wp-json\/wp\/v2\/pages\/4149\/revisions"}],"predecessor-version":[{"id":4156,"href":"https:\/\/nouvellealpina.ch\/en\/wp-json\/wp\/v2\/pages\/4149\/revisions\/4156"}],"wp:attachment":[{"href":"https:\/\/nouvellealpina.ch\/en\/wp-json\/wp\/v2\/media?parent=4149"}],"curies":[{"name":"wp","href":"https:\/\/api.w.org\/{rel}","templated":true}]}}