{"id":3,"date":"2022-04-27T23:39:09","date_gmt":"2022-04-27T23:39:09","guid":{"rendered":"https:\/\/dijisoft.net\/wordpress\/nouvellealpina\/?page_id=3"},"modified":"2022-06-12T22:25:57","modified_gmt":"2022-06-12T22:25:57","slug":"politique-de-confidentialite","status":"publish","type":"page","link":"https:\/\/nouvellealpina.ch\/en\/politique-de-confidentialite\/","title":{"rendered":"Privacy Policy"},"content":{"rendered":"<p><\/br><\/p>\n<h4>Privacy Policy<\/h4>\n<p>Nouvelle Alpina (\"us\", \"we\", or \"our\") operates the nouvellealpina.ch website (the \"Service\").<\/p>\n<p>This page informs you of our policies regarding the collection, use and disclosure of personal information when you use our Service.<\/p>\n<p>We will not use or share your information with anyone except as described in this Privacy Policy.<\/p>\n<p>Nous utilisons vos informations personnelles pour fournir et am\u00e9liorer le service. En utilisant le Service, vous acceptez la collecte et l&rsquo;utilisation des informations conform\u00e9ment \u00e0 la pr\u00e9sente politique. Sauf d\u00e9finition contraire dans la pr\u00e9sente politique de confidentialit\u00e9, les termes utilis\u00e9s dans la pr\u00e9sente politique de confidentialit\u00e9 ont la m\u00eame signification que dans nos conditions g\u00e9n\u00e9rales, accessibles \u00e0 l&rsquo;adresse:\u00a0<a title=\"https:\/\/panel.realberg.ch\/fr\/conditions-utilisation\/\" href=\"https:\/\/nouvellealpina.ch\/fr\/conditions-utilisation\/\">https:\/\/nouvellealpina.ch\/fr\/conditions-utilisation\/<\/a><br \/>\n<\/br><\/p>\n<h4>Collection and use of information<\/h4>\n<p>When you use our Service, we may ask you to provide certain personally identifiable information that may be used to contact or identify you. Personally identifiable information (\"Personal Information\") may include, but is not limited to: Last Name and First Name, Email Address, Phone Number.<br \/>\n<\/br><\/p>\n<h4>Data collected<\/h4>\n<p>We collect information that your browser sends whenever you visit our Service (\"Collected Data\"). This data may include information such as your computer's IP address, browser type, browser version, the pages of our Service you visit, the time and date of your visit, the time spent on those pages, and other statistics.<br \/>\n<\/br><\/p>\n<h4>Cookies<\/h4>\n<p>Cookies are files containing a small amount of data, which may include an anonymous unique identifier. Cookies are sent to your browser from a website and stored on your computer's hard drive.<\/p>\n<p>We use \"cookies\" to collect information. You can set your browser to refuse all cookies or to indicate when a cookie is being sent. However, if you do not accept cookies, you may not be able to use some parts of our service.<br \/>\n<\/br><\/p>\n<h4>Service providers<\/h4>\n<p>We may employ third party companies and individuals to facilitate our Service, to provide the Service on our behalf, to perform services related to the Service, or to help us analyze how our Service is used.<\/p>\n<p>These third parties have access to your personal information only to perform these tasks on our behalf and are required not to disclose or use it for any other purpose.<br \/>\n<\/br><\/p>\n<h4>Security<\/h4>\n<p>The security of your personal information is important to us, but please remember that no method of transmission over the Internet or method of electronic storage is 100% secure. While we strive to use commercially acceptable means to protect your personal information, we cannot guarantee its absolute security.<br \/>\n<\/br><\/p>\n<h4>Links to other sites<\/h4>\n<p>Our service may contain links to other sites that are not operated by us. If you click on a third party link, you will be directed to that third party's site. We urge you to review the privacy policy of each site you visit.<\/p>\n<p>We have no control over, and assume no responsibility for, the content, privacy policies or practices of any third party site or service.<br \/>\n<\/br><\/p>\n<h4>Children's privacy<\/h4>\n<p>Our service is not intended for persons under the age of 18 (\"Children\").<\/p>\n<p>We do not knowingly collect personally identifiable information from children under the age of 18. If you are a parent or guardian and you know that your child has provided us with personal information, please contact us. If we discover that a child under the age of 18 has provided us with personal information, we will immediately delete that information from our servers.<br \/>\n<\/br><\/p>\n<h4>Changes to this Privacy Policy<\/h4>\n<p>We may update our privacy policy from time to time. We will notify you of any changes by posting the new privacy policy on this page.<\/p>\n<p>You should check this privacy policy periodically for changes. Changes to this Privacy Policy are effective when posted on this page.<br \/>\n<\/br><\/p>\n<h4>Contact us<\/h4>\n<p>Si vous avez des questions concernant la pr\u00e9sente politique de confidentialit\u00e9, veuillez nous contacter.<\/p>","protected":false},"excerpt":{"rendered":"<p>Politique de confidentialit\u00e9 La Nouvelle Alpina (\u00ab\u00a0nous\u00a0\u00bb, \u00ab\u00a0notre\u00a0\u00bb ou \u00ab\u00a0nos\u00a0\u00bb) exploite le site web nouvellealpina.ch (le \u00ab\u00a0Service\u00a0\u00bb). Cette page vous informe de nos politiques concernant la collecte, l&rsquo;utilisation et la divulgation des informations personnelles lorsque vous utilisez notre Service. Nous n&rsquo;utiliserons ni ne partagerons vos informations avec quiconque, sauf dans les cas d\u00e9crits dans la [&hellip;]<\/p>\n","protected":false},"author":1,"featured_media":0,"parent":0,"menu_order":0,"comment_status":"closed","ping_status":"open","template":"","meta":{"_monsterinsights_skip_tracking":false,"_monsterinsights_sitenote_active":false,"_monsterinsights_sitenote_note":"","_monsterinsights_sitenote_category":0,"footnotes":""},"class_list":["post-3","page","type-page","status-publish","hentry"],"yoast_head":"<!-- This site is optimized with the Yoast SEO Premium plugin v21.6 (Yoast SEO v27.4) - https:\/\/yoast.com\/product\/yoast-seo-premium-wordpress\/ -->\n<title>Politique de confidentialit\u00e9 - La Nouvelle Alpina<\/title>\n<meta name=\"robots\" content=\"index, follow, max-snippet:-1, max-image-preview:large, max-video-preview:-1\" \/>\n<link rel=\"canonical\" href=\"https:\/\/nouvellealpina.ch\/en\/politique-de-confidentialite\/\" \/>\n<meta property=\"og:locale\" content=\"en_GB\" \/>\n<meta property=\"og:type\" content=\"article\" \/>\n<meta property=\"og:title\" content=\"Politique de confidentialit\u00e9\" \/>\n<meta property=\"og:description\" content=\"Politique de confidentialit\u00e9 La Nouvelle Alpina (\u00ab\u00a0nous\u00a0\u00bb, \u00ab\u00a0notre\u00a0\u00bb ou \u00ab\u00a0nos\u00a0\u00bb) exploite le site web nouvellealpina.ch (le \u00ab\u00a0Service\u00a0\u00bb). Cette page vous informe de nos politiques concernant la collecte, l&rsquo;utilisation et la divulgation des informations personnelles lorsque vous utilisez notre Service. Nous n&rsquo;utiliserons ni ne partagerons vos informations avec quiconque, sauf dans les cas d\u00e9crits dans la [&hellip;]\" \/>\n<meta property=\"og:url\" content=\"https:\/\/nouvellealpina.ch\/en\/politique-de-confidentialite\/\" \/>\n<meta property=\"og:site_name\" content=\"La Nouvelle Alpina\" \/>\n<meta property=\"article:publisher\" content=\"https:\/\/www.facebook.com\/nouvellealpina\" \/>\n<meta property=\"article:modified_time\" content=\"2022-06-12T22:25:57+00:00\" \/>\n<meta name=\"twitter:card\" content=\"summary_large_image\" \/>\n<meta name=\"twitter:label1\" content=\"Estimated reading time\" \/>\n\t<meta name=\"twitter:data1\" content=\"4 minutes\" \/>\n<script type=\"application\/ld+json\" class=\"yoast-schema-graph\">{\"@context\":\"https:\\\/\\\/schema.org\",\"@graph\":[{\"@type\":\"WebPage\",\"@id\":\"https:\\\/\\\/nouvellealpina.ch\\\/politique-de-confidentialite\\\/\",\"url\":\"https:\\\/\\\/nouvellealpina.ch\\\/politique-de-confidentialite\\\/\",\"name\":\"Politique de confidentialit\u00e9 - La Nouvelle Alpina\",\"isPartOf\":{\"@id\":\"https:\\\/\\\/nouvellealpina.ch\\\/#website\"},\"datePublished\":\"2022-04-27T23:39:09+00:00\",\"dateModified\":\"2022-06-12T22:25:57+00:00\",\"breadcrumb\":{\"@id\":\"https:\\\/\\\/nouvellealpina.ch\\\/politique-de-confidentialite\\\/#breadcrumb\"},\"inLanguage\":\"en-GB\",\"potentialAction\":[{\"@type\":\"ReadAction\",\"target\":[\"https:\\\/\\\/nouvellealpina.ch\\\/politique-de-confidentialite\\\/\"]}]},{\"@type\":\"BreadcrumbList\",\"@id\":\"https:\\\/\\\/nouvellealpina.ch\\\/politique-de-confidentialite\\\/#breadcrumb\",\"itemListElement\":[{\"@type\":\"ListItem\",\"position\":1,\"name\":\"Accueil\",\"item\":\"https:\\\/\\\/nouvellealpina.ch\\\/\"},{\"@type\":\"ListItem\",\"position\":2,\"name\":\"Politique de confidentialit\u00e9\"}]},{\"@type\":\"WebSite\",\"@id\":\"https:\\\/\\\/nouvellealpina.ch\\\/#website\",\"url\":\"https:\\\/\\\/nouvellealpina.ch\\\/\",\"name\":\"La Nouvelle Alpina\",\"description\":\"Auberge Chalet pour groupes \u00e0 louer \u00e0 Champ\u00e9ry\",\"publisher\":{\"@id\":\"https:\\\/\\\/nouvellealpina.ch\\\/#organization\"},\"potentialAction\":[{\"@type\":\"SearchAction\",\"target\":{\"@type\":\"EntryPoint\",\"urlTemplate\":\"https:\\\/\\\/nouvellealpina.ch\\\/?s={search_term_string}\"},\"query-input\":{\"@type\":\"PropertyValueSpecification\",\"valueRequired\":true,\"valueName\":\"search_term_string\"}}],\"inLanguage\":\"en-GB\"},{\"@type\":\"Organization\",\"@id\":\"https:\\\/\\\/nouvellealpina.ch\\\/#organization\",\"name\":\"La Nouvelle Alpina\",\"url\":\"https:\\\/\\\/nouvellealpina.ch\\\/\",\"logo\":{\"@type\":\"ImageObject\",\"inLanguage\":\"en-GB\",\"@id\":\"https:\\\/\\\/nouvellealpina.ch\\\/#\\\/schema\\\/logo\\\/image\\\/\",\"url\":\"https:\\\/\\\/nouvellealpina.ch\\\/wp-content\\\/uploads\\\/2022\\\/05\\\/Logo-Nouvelle-Alpina.png\",\"contentUrl\":\"https:\\\/\\\/nouvellealpina.ch\\\/wp-content\\\/uploads\\\/2022\\\/05\\\/Logo-Nouvelle-Alpina.png\",\"width\":740,\"height\":198,\"caption\":\"La Nouvelle Alpina\"},\"image\":{\"@id\":\"https:\\\/\\\/nouvellealpina.ch\\\/#\\\/schema\\\/logo\\\/image\\\/\"},\"sameAs\":[\"https:\\\/\\\/www.facebook.com\\\/nouvellealpina\",\"https:\\\/\\\/www.instagram.com\\\/nouvellealpina\\\/\"]}]}<\/script>\n<!-- \/ Yoast SEO Premium plugin. -->","yoast_head_json":{"title":"Politique de confidentialit\u00e9 - La Nouvelle Alpina","robots":{"index":"index","follow":"follow","max-snippet":"max-snippet:-1","max-image-preview":"max-image-preview:large","max-video-preview":"max-video-preview:-1"},"canonical":"https:\/\/nouvellealpina.ch\/en\/politique-de-confidentialite\/","og_locale":"en_GB","og_type":"article","og_title":"Politique de confidentialit\u00e9","og_description":"Politique de confidentialit\u00e9 La Nouvelle Alpina (\u00ab\u00a0nous\u00a0\u00bb, \u00ab\u00a0notre\u00a0\u00bb ou \u00ab\u00a0nos\u00a0\u00bb) exploite le site web nouvellealpina.ch (le \u00ab\u00a0Service\u00a0\u00bb). Cette page vous informe de nos politiques concernant la collecte, l&rsquo;utilisation et la divulgation des informations personnelles lorsque vous utilisez notre Service. Nous n&rsquo;utiliserons ni ne partagerons vos informations avec quiconque, sauf dans les cas d\u00e9crits dans la [&hellip;]","og_url":"https:\/\/nouvellealpina.ch\/en\/politique-de-confidentialite\/","og_site_name":"La Nouvelle Alpina","article_publisher":"https:\/\/www.facebook.com\/nouvellealpina","article_modified_time":"2022-06-12T22:25:57+00:00","twitter_card":"summary_large_image","twitter_misc":{"Estimated reading time":"4 minutes"},"schema":{"@context":"https:\/\/schema.org","@graph":[{"@type":"WebPage","@id":"https:\/\/nouvellealpina.ch\/politique-de-confidentialite\/","url":"https:\/\/nouvellealpina.ch\/politique-de-confidentialite\/","name":"Politique de confidentialit\u00e9 - La Nouvelle Alpina","isPartOf":{"@id":"https:\/\/nouvellealpina.ch\/#website"},"datePublished":"2022-04-27T23:39:09+00:00","dateModified":"2022-06-12T22:25:57+00:00","breadcrumb":{"@id":"https:\/\/nouvellealpina.ch\/politique-de-confidentialite\/#breadcrumb"},"inLanguage":"en-GB","potentialAction":[{"@type":"ReadAction","target":["https:\/\/nouvellealpina.ch\/politique-de-confidentialite\/"]}]},{"@type":"BreadcrumbList","@id":"https:\/\/nouvellealpina.ch\/politique-de-confidentialite\/#breadcrumb","itemListElement":[{"@type":"ListItem","position":1,"name":"Accueil","item":"https:\/\/nouvellealpina.ch\/"},{"@type":"ListItem","position":2,"name":"Politique de confidentialit\u00e9"}]},{"@type":"WebSite","@id":"https:\/\/nouvellealpina.ch\/#website","url":"https:\/\/nouvellealpina.ch\/","name":"Nouvelle Alpina","description":"Auberge Chalet pour groupes \u00e0 louer \u00e0 Champ\u00e9ry","publisher":{"@id":"https:\/\/nouvellealpina.ch\/#organization"},"potentialAction":[{"@type":"SearchAction","target":{"@type":"EntryPoint","urlTemplate":"https:\/\/nouvellealpina.ch\/?s={search_term_string}"},"query-input":{"@type":"PropertyValueSpecification","valueRequired":true,"valueName":"search_term_string"}}],"inLanguage":"en-GB"},{"@type":"Organization","@id":"https:\/\/nouvellealpina.ch\/#organization","name":"Nouvelle Alpina","url":"https:\/\/nouvellealpina.ch\/","logo":{"@type":"ImageObject","inLanguage":"en-GB","@id":"https:\/\/nouvellealpina.ch\/#\/schema\/logo\/image\/","url":"https:\/\/nouvellealpina.ch\/wp-content\/uploads\/2022\/05\/Logo-Nouvelle-Alpina.png","contentUrl":"https:\/\/nouvellealpina.ch\/wp-content\/uploads\/2022\/05\/Logo-Nouvelle-Alpina.png","width":740,"height":198,"caption":"La Nouvelle Alpina"},"image":{"@id":"https:\/\/nouvellealpina.ch\/#\/schema\/logo\/image\/"},"sameAs":["https:\/\/www.facebook.com\/nouvellealpina","https:\/\/www.instagram.com\/nouvellealpina\/"]}]}},"_links":{"self":[{"href":"https:\/\/nouvellealpina.ch\/en\/wp-json\/wp\/v2\/pages\/3","targetHints":{"allow":["GET"]}}],"collection":[{"href":"https:\/\/nouvellealpina.ch\/en\/wp-json\/wp\/v2\/pages"}],"about":[{"href":"https:\/\/nouvellealpina.ch\/en\/wp-json\/wp\/v2\/types\/page"}],"author":[{"embeddable":true,"href":"https:\/\/nouvellealpina.ch\/en\/wp-json\/wp\/v2\/users\/1"}],"replies":[{"embeddable":true,"href":"https:\/\/nouvellealpina.ch\/en\/wp-json\/wp\/v2\/comments?post=3"}],"version-history":[{"count":13,"href":"https:\/\/nouvellealpina.ch\/en\/wp-json\/wp\/v2\/pages\/3\/revisions"}],"predecessor-version":[{"id":2698,"href":"https:\/\/nouvellealpina.ch\/en\/wp-json\/wp\/v2\/pages\/3\/revisions\/2698"}],"wp:attachment":[{"href":"https:\/\/nouvellealpina.ch\/en\/wp-json\/wp\/v2\/media?parent=3"}],"curies":[{"name":"wp","href":"https:\/\/api.w.org\/{rel}","templated":true}]}}