{"id":2682,"date":"2022-06-12T22:11:04","date_gmt":"2022-06-12T22:11:04","guid":{"rendered":"https:\/\/nouvellealpina.com\/?page_id=2682"},"modified":"2022-06-13T08:00:19","modified_gmt":"2022-06-13T08:00:19","slug":"conditions-utilisation","status":"publish","type":"page","link":"https:\/\/nouvellealpina.ch\/en\/conditions-utilisation\/","title":{"rendered":"Terms of use"},"content":{"rendered":"<p>&nbsp;<\/p>\n<h4>Terms of use<\/h4>\n<p>Please read these Terms of Use (\"Terms\", \"Terms of Use\") carefully before using the https:\/\/nouvellealpina.ch website (the \"Service\") operated by New Alpina (\"we\", \"us\", or \"our\").<\/p>\n<p>Your access to and use of the Service is conditioned on your acceptance of and compliance with these Terms. These Terms apply to all visitors, users and others who access or use the Service.<\/p>\n<p>By accessing or using the Service, you agree to be bound by these Terms. If you do not agree with any part of the Terms, you may not access the Service.<\/p>\n<p>&nbsp;<\/p>\n<h4>Accounts<\/h4>\n<p>In the event that you create an account with us, you must provide us with information that is accurate, complete and current at all times. Failure to do so is a breach of the Terms, which may result in immediate termination of your account with us.<\/p>\n<p>You are responsible for safeguarding the password you use to access the Service and for all activities or actions that occur under your password, whether those activities or actions are related to our Service or to a third-party service.<\/p>\n<p>You agree not to disclose your password to any third party. You must notify us immediately upon learning of any breach of security or unauthorized use of your account.<\/p>\n<p>&nbsp;<\/p>\n<h4>Intellectual Property<\/h4>\n<p>The Service and its original content, features and functionality are and will remain the exclusive property of New Alpina and its licensors.<\/p>\n<p>&nbsp;<\/p>\n<h4>Links to other websites<\/h4>\n<p>Notre Service peut contenir des liens vers des sites Web ou des services tiers qui ne sont pas d\u00e9tenus ou contr\u00f4l\u00e9s par la Nouvelle Alpina.<\/p>\n<p>Nouvelle Alpina has no control over, and assumes no responsibility for, the content, privacy policies or practices of any third party website or service. You further acknowledge and agree that Nouvelle Alpina shall not be responsible or liable, directly or indirectly, for any damage or loss caused or alleged to be caused by or in connection with use of or reliance on any such content, goods or services available on or through any such website or service.<\/p>\n<p>We urge you to read the terms and conditions and privacy policies of any third-party website or service you visit.<\/p>\n<p>&nbsp;<\/p>\n<h4>Applicable law<\/h4>\n<p>These Terms shall be governed by and construed in accordance with the laws of Switzerland, without regard to its conflict of laws provisions.<\/p>\n<p>Our failure to enforce any right or provision of these Terms shall not be deemed a waiver of such rights. If any provision of these Terms is found by a court to be invalid or unenforceable, the remaining provisions of these Terms will remain in effect. These Terms constitute the entire agreement between us with respect to our Service, and supersede any prior agreements we may have with respect to the Service.<\/p>\n<p>&nbsp;<\/p>\n<h4>Changes<\/h4>\n<p>We reserve the right, in our sole discretion, to modify or replace these Terms at any time. If a revision is material, we will endeavor to provide at least 30 days' notice before the new terms become effective. What constitutes a material change will be determined at our sole discretion.<\/p>\n<p>By continuing to access or use our service after such revisions become effective, you agree to be bound by the revised terms. If you do not agree to the new terms, please discontinue use of the Service.<\/p>\n<p>&nbsp;<\/p>\n<h4>Contact us<\/h4>\n<h4><\/h4>\n<p>If you have any questions about these conditions, please contact us.<\/p>","protected":false},"excerpt":{"rendered":"<p>&nbsp; Conditions d&rsquo;utilisation Veuillez lire attentivement les pr\u00e9sentes Conditions d&rsquo;utilisation (\u00ab\u00a0Conditions\u00a0\u00bb, \u00ab\u00a0Conditions d&rsquo;utilisation\u00a0\u00bb) avant d&rsquo;utiliser le site web https:\/\/nouvellealpina.ch (le \u00ab\u00a0Service\u00a0\u00bb) exploit\u00e9 par la Nouvelle Alpina (\u00ab\u00a0nous\u00a0\u00bb, \u00ab\u00a0notre\u00a0\u00bb, ou \u00ab\u00a0nos\u00a0\u00bb). Votre acc\u00e8s au Service et son utilisation sont conditionn\u00e9s par votre acceptation et votre respect des pr\u00e9sentes Conditions. Ces Conditions s&rsquo;appliquent \u00e0 tous les visiteurs, [&hellip;]<\/p>\n","protected":false},"author":1,"featured_media":0,"parent":0,"menu_order":0,"comment_status":"closed","ping_status":"closed","template":"","meta":{"_monsterinsights_skip_tracking":false,"_monsterinsights_sitenote_active":false,"_monsterinsights_sitenote_note":"","_monsterinsights_sitenote_category":0,"footnotes":""},"class_list":["post-2682","page","type-page","status-publish","hentry"],"yoast_head":"<!-- This site is optimized with the Yoast SEO Premium plugin v21.6 (Yoast SEO v27.4) - https:\/\/yoast.com\/product\/yoast-seo-premium-wordpress\/ -->\n<title>Conditions d&#039;utilisation - La Nouvelle Alpina<\/title>\n<meta name=\"robots\" content=\"index, follow, max-snippet:-1, max-image-preview:large, max-video-preview:-1\" \/>\n<link rel=\"canonical\" href=\"https:\/\/nouvellealpina.ch\/en\/conditions-utilisation\/\" \/>\n<meta property=\"og:locale\" content=\"en_GB\" \/>\n<meta property=\"og:type\" content=\"article\" \/>\n<meta property=\"og:title\" content=\"Conditions d&#039;utilisation\" \/>\n<meta property=\"og:description\" content=\"&nbsp; Conditions d&rsquo;utilisation Veuillez lire attentivement les pr\u00e9sentes Conditions d&rsquo;utilisation (\u00ab\u00a0Conditions\u00a0\u00bb, \u00ab\u00a0Conditions d&rsquo;utilisation\u00a0\u00bb) avant d&rsquo;utiliser le site web https:\/\/nouvellealpina.ch (le \u00ab\u00a0Service\u00a0\u00bb) exploit\u00e9 par la Nouvelle Alpina (\u00ab\u00a0nous\u00a0\u00bb, \u00ab\u00a0notre\u00a0\u00bb, ou \u00ab\u00a0nos\u00a0\u00bb). Votre acc\u00e8s au Service et son utilisation sont conditionn\u00e9s par votre acceptation et votre respect des pr\u00e9sentes Conditions. Ces Conditions s&rsquo;appliquent \u00e0 tous les visiteurs, [&hellip;]\" \/>\n<meta property=\"og:url\" content=\"https:\/\/nouvellealpina.ch\/en\/conditions-utilisation\/\" \/>\n<meta property=\"og:site_name\" content=\"La Nouvelle Alpina\" \/>\n<meta property=\"article:publisher\" content=\"https:\/\/www.facebook.com\/nouvellealpina\" \/>\n<meta property=\"article:modified_time\" content=\"2022-06-13T08:00:19+00:00\" \/>\n<meta name=\"twitter:card\" content=\"summary_large_image\" \/>\n<meta name=\"twitter:label1\" content=\"Estimated reading time\" \/>\n\t<meta name=\"twitter:data1\" content=\"3 minutes\" \/>\n<script type=\"application\/ld+json\" class=\"yoast-schema-graph\">{\"@context\":\"https:\\\/\\\/schema.org\",\"@graph\":[{\"@type\":\"WebPage\",\"@id\":\"https:\\\/\\\/nouvellealpina.ch\\\/conditions-utilisation\\\/\",\"url\":\"https:\\\/\\\/nouvellealpina.ch\\\/conditions-utilisation\\\/\",\"name\":\"Conditions d'utilisation - La Nouvelle Alpina\",\"isPartOf\":{\"@id\":\"https:\\\/\\\/nouvellealpina.ch\\\/#website\"},\"datePublished\":\"2022-06-12T22:11:04+00:00\",\"dateModified\":\"2022-06-13T08:00:19+00:00\",\"breadcrumb\":{\"@id\":\"https:\\\/\\\/nouvellealpina.ch\\\/conditions-utilisation\\\/#breadcrumb\"},\"inLanguage\":\"en-GB\",\"potentialAction\":[{\"@type\":\"ReadAction\",\"target\":[\"https:\\\/\\\/nouvellealpina.ch\\\/conditions-utilisation\\\/\"]}]},{\"@type\":\"BreadcrumbList\",\"@id\":\"https:\\\/\\\/nouvellealpina.ch\\\/conditions-utilisation\\\/#breadcrumb\",\"itemListElement\":[{\"@type\":\"ListItem\",\"position\":1,\"name\":\"Accueil\",\"item\":\"https:\\\/\\\/nouvellealpina.ch\\\/\"},{\"@type\":\"ListItem\",\"position\":2,\"name\":\"Conditions d&rsquo;utilisation\"}]},{\"@type\":\"WebSite\",\"@id\":\"https:\\\/\\\/nouvellealpina.ch\\\/#website\",\"url\":\"https:\\\/\\\/nouvellealpina.ch\\\/\",\"name\":\"La Nouvelle Alpina\",\"description\":\"Auberge Chalet pour groupes \u00e0 louer \u00e0 Champ\u00e9ry\",\"publisher\":{\"@id\":\"https:\\\/\\\/nouvellealpina.ch\\\/#organization\"},\"potentialAction\":[{\"@type\":\"SearchAction\",\"target\":{\"@type\":\"EntryPoint\",\"urlTemplate\":\"https:\\\/\\\/nouvellealpina.ch\\\/?s={search_term_string}\"},\"query-input\":{\"@type\":\"PropertyValueSpecification\",\"valueRequired\":true,\"valueName\":\"search_term_string\"}}],\"inLanguage\":\"en-GB\"},{\"@type\":\"Organization\",\"@id\":\"https:\\\/\\\/nouvellealpina.ch\\\/#organization\",\"name\":\"La Nouvelle Alpina\",\"url\":\"https:\\\/\\\/nouvellealpina.ch\\\/\",\"logo\":{\"@type\":\"ImageObject\",\"inLanguage\":\"en-GB\",\"@id\":\"https:\\\/\\\/nouvellealpina.ch\\\/#\\\/schema\\\/logo\\\/image\\\/\",\"url\":\"https:\\\/\\\/nouvellealpina.ch\\\/wp-content\\\/uploads\\\/2022\\\/05\\\/Logo-Nouvelle-Alpina.png\",\"contentUrl\":\"https:\\\/\\\/nouvellealpina.ch\\\/wp-content\\\/uploads\\\/2022\\\/05\\\/Logo-Nouvelle-Alpina.png\",\"width\":740,\"height\":198,\"caption\":\"La Nouvelle Alpina\"},\"image\":{\"@id\":\"https:\\\/\\\/nouvellealpina.ch\\\/#\\\/schema\\\/logo\\\/image\\\/\"},\"sameAs\":[\"https:\\\/\\\/www.facebook.com\\\/nouvellealpina\",\"https:\\\/\\\/www.instagram.com\\\/nouvellealpina\\\/\"]}]}<\/script>\n<!-- \/ Yoast SEO Premium plugin. -->","yoast_head_json":{"title":"Conditions d'utilisation - La Nouvelle Alpina","robots":{"index":"index","follow":"follow","max-snippet":"max-snippet:-1","max-image-preview":"max-image-preview:large","max-video-preview":"max-video-preview:-1"},"canonical":"https:\/\/nouvellealpina.ch\/en\/conditions-utilisation\/","og_locale":"en_GB","og_type":"article","og_title":"Conditions d'utilisation","og_description":"&nbsp; Conditions d&rsquo;utilisation Veuillez lire attentivement les pr\u00e9sentes Conditions d&rsquo;utilisation (\u00ab\u00a0Conditions\u00a0\u00bb, \u00ab\u00a0Conditions d&rsquo;utilisation\u00a0\u00bb) avant d&rsquo;utiliser le site web https:\/\/nouvellealpina.ch (le \u00ab\u00a0Service\u00a0\u00bb) exploit\u00e9 par la Nouvelle Alpina (\u00ab\u00a0nous\u00a0\u00bb, \u00ab\u00a0notre\u00a0\u00bb, ou \u00ab\u00a0nos\u00a0\u00bb). Votre acc\u00e8s au Service et son utilisation sont conditionn\u00e9s par votre acceptation et votre respect des pr\u00e9sentes Conditions. Ces Conditions s&rsquo;appliquent \u00e0 tous les visiteurs, [&hellip;]","og_url":"https:\/\/nouvellealpina.ch\/en\/conditions-utilisation\/","og_site_name":"La Nouvelle Alpina","article_publisher":"https:\/\/www.facebook.com\/nouvellealpina","article_modified_time":"2022-06-13T08:00:19+00:00","twitter_card":"summary_large_image","twitter_misc":{"Estimated reading time":"3 minutes"},"schema":{"@context":"https:\/\/schema.org","@graph":[{"@type":"WebPage","@id":"https:\/\/nouvellealpina.ch\/conditions-utilisation\/","url":"https:\/\/nouvellealpina.ch\/conditions-utilisation\/","name":"Conditions d'utilisation - La Nouvelle Alpina","isPartOf":{"@id":"https:\/\/nouvellealpina.ch\/#website"},"datePublished":"2022-06-12T22:11:04+00:00","dateModified":"2022-06-13T08:00:19+00:00","breadcrumb":{"@id":"https:\/\/nouvellealpina.ch\/conditions-utilisation\/#breadcrumb"},"inLanguage":"en-GB","potentialAction":[{"@type":"ReadAction","target":["https:\/\/nouvellealpina.ch\/conditions-utilisation\/"]}]},{"@type":"BreadcrumbList","@id":"https:\/\/nouvellealpina.ch\/conditions-utilisation\/#breadcrumb","itemListElement":[{"@type":"ListItem","position":1,"name":"Accueil","item":"https:\/\/nouvellealpina.ch\/"},{"@type":"ListItem","position":2,"name":"Conditions d&rsquo;utilisation"}]},{"@type":"WebSite","@id":"https:\/\/nouvellealpina.ch\/#website","url":"https:\/\/nouvellealpina.ch\/","name":"Nouvelle Alpina","description":"Auberge Chalet pour groupes \u00e0 louer \u00e0 Champ\u00e9ry","publisher":{"@id":"https:\/\/nouvellealpina.ch\/#organization"},"potentialAction":[{"@type":"SearchAction","target":{"@type":"EntryPoint","urlTemplate":"https:\/\/nouvellealpina.ch\/?s={search_term_string}"},"query-input":{"@type":"PropertyValueSpecification","valueRequired":true,"valueName":"search_term_string"}}],"inLanguage":"en-GB"},{"@type":"Organization","@id":"https:\/\/nouvellealpina.ch\/#organization","name":"Nouvelle Alpina","url":"https:\/\/nouvellealpina.ch\/","logo":{"@type":"ImageObject","inLanguage":"en-GB","@id":"https:\/\/nouvellealpina.ch\/#\/schema\/logo\/image\/","url":"https:\/\/nouvellealpina.ch\/wp-content\/uploads\/2022\/05\/Logo-Nouvelle-Alpina.png","contentUrl":"https:\/\/nouvellealpina.ch\/wp-content\/uploads\/2022\/05\/Logo-Nouvelle-Alpina.png","width":740,"height":198,"caption":"La Nouvelle Alpina"},"image":{"@id":"https:\/\/nouvellealpina.ch\/#\/schema\/logo\/image\/"},"sameAs":["https:\/\/www.facebook.com\/nouvellealpina","https:\/\/www.instagram.com\/nouvellealpina\/"]}]}},"_links":{"self":[{"href":"https:\/\/nouvellealpina.ch\/en\/wp-json\/wp\/v2\/pages\/2682","targetHints":{"allow":["GET"]}}],"collection":[{"href":"https:\/\/nouvellealpina.ch\/en\/wp-json\/wp\/v2\/pages"}],"about":[{"href":"https:\/\/nouvellealpina.ch\/en\/wp-json\/wp\/v2\/types\/page"}],"author":[{"embeddable":true,"href":"https:\/\/nouvellealpina.ch\/en\/wp-json\/wp\/v2\/users\/1"}],"replies":[{"embeddable":true,"href":"https:\/\/nouvellealpina.ch\/en\/wp-json\/wp\/v2\/comments?post=2682"}],"version-history":[{"count":17,"href":"https:\/\/nouvellealpina.ch\/en\/wp-json\/wp\/v2\/pages\/2682\/revisions"}],"predecessor-version":[{"id":2842,"href":"https:\/\/nouvellealpina.ch\/en\/wp-json\/wp\/v2\/pages\/2682\/revisions\/2842"}],"wp:attachment":[{"href":"https:\/\/nouvellealpina.ch\/en\/wp-json\/wp\/v2\/media?parent=2682"}],"curies":[{"name":"wp","href":"https:\/\/api.w.org\/{rel}","templated":true}]}}