{"id":20,"date":"2017-06-30T09:49:25","date_gmt":"2017-06-30T09:49:25","guid":{"rendered":"http:\/\/www.nicdarkthemes.com\/themes\/hotel\/wp\/demo\/?page_id=20"},"modified":"2022-06-26T04:44:28","modified_gmt":"2022-06-26T04:44:28","slug":"les-dents-du-midi","status":"publish","type":"page","link":"https:\/\/nouvellealpina.ch\/en\/les-dents-du-midi\/","title":{"rendered":"The Dents du Midi"},"content":{"rendered":"<div class=\"wpb-content-wrapper\"><div class=\"vc_row wpb_row vc_row-fluid\"><div class=\"wpb_column vc_column_container vc_col-sm-12\"><div class=\"vc_column-inner\"><div class=\"wpb_wrapper\">\n\t\t\t<!-- START Dents du Midi REVOLUTION SLIDER 6.5.7 --><p class=\"rs-p-wp-fix\"><\/p>\n\t\t\t<rs-module-wrap id=\"rev_slider_21_1_wrapper\" data-source=\"gallery\" style=\"visibility:hidden;background:#FFFFFF;padding:0;margin:0px auto;margin-top:0;margin-bottom:0;\">\n\t\t\t\t<rs-module id=\"rev_slider_21_1\" style=\"\" data-version=\"6.5.7\">\n\t\t\t\t\t<rs-slides>\n\t\t\t\t\t\t<rs-slide style=\"position: absolute;\" data-key=\"rs-48\" data-title=\"Slide\" data-in=\"o:0;\" data-out=\"a:false;\">\n\t\t\t\t\t\t\t<img loading=\"lazy\" decoding=\"async\" src=\"\/\/nouvellealpina.ch\/wp-content\/plugins\/revslider\/public\/assets\/assets\/dummy.png\" title=\"Champery-1614093345_1614093439_93457\" width=\"2560\" height=\"1920\" class=\"rev-slidebg tp-rs-img rs-lazyload\" data-lazyload=\"\/\/nouvellealpina.ch\/wp-content\/uploads\/2022\/05\/Champery-1614093345_1614093439_93457-scaled.jpeg\" data-panzoom=\"d:10000;ss:105%;se:110%;os:150px\/0;oe:0\/50px;\" data-no-retina>\n<!--\n\t\t\t\t\t\t\t--><rs-layer\n\t\t\t\t\t\t\t\tid=\"slider-21-slide-48-layer-4\" \n\t\t\t\t\t\t\t\tclass=\"tp-shape tp-shapewrapper\"\n\t\t\t\t\t\t\t\tdata-type=\"shape\"\n\t\t\t\t\t\t\t\tdata-rsp_ch=\"on\"\n\t\t\t\t\t\t\t\tdata-xy=\"x:c;xo:-185px,-185px,-185px,-186px;y:m;yo:311px,311px,311px,453px;\"\n\t\t\t\t\t\t\t\tdata-text=\"w:normal;fw:700;\"\n\t\t\t\t\t\t\t\tdata-dim=\"w:3000px;h:1909.99px,1909px,1909px,1909px;\"\n\t\t\t\t\t\t\t\tdata-frame_1=\"e:power2.inOut;\"\n\t\t\t\t\t\t\t\tdata-frame_999=\"o:0;e:nothing;st:w;sR:8700;\"\n\t\t\t\t\t\t\t\tstyle=\"z-index:8;background-color:rgba(0,0,0,0.15);background:linear-gradient(to bottom, rgba(28,28,28,0.8) 0%,rgba(28,28,28,0) 35%,rgba(28,28,28,0) 45%,rgba(28,28,28,0.7) 100%);\"\n\t\t\t\t\t\t\t> \n\t\t\t\t\t\t\t<\/rs-layer><!--\n-->\t\t\t\t\t\t<\/rs-slide>\n\t\t\t\t\t<\/rs-slides>\n\t\t\t\t<\/rs-module>\n\t\t\t\t<script type=\"text\/javascript\">\n\t\t\t\t\tsetREVStartSize({c: 'rev_slider_21_1',rl:[1240,1024,778,480],el:[867.995,768,960,720],gw:[1240,1024,778,480],gh:[868,768,960,720],type:'standard',justify:'',layout:'fullwidth',mh:\"0\"});if (window.RS_MODULES!==undefined && window.RS_MODULES.modules!==undefined && window.RS_MODULES.modules[\"revslider211\"]!==undefined) {window.RS_MODULES.modules[\"revslider211\"].once = false;window.revapi21 = undefined;if (window.RS_MODULES.checkMinimal!==undefined) window.RS_MODULES.checkMinimal()}\n\t\t\t\t<\/script>\n\t\t\t<\/rs-module-wrap>\n\t\t\t<!-- END REVOLUTION SLIDER -->\n<\/div><\/div><\/div><\/div><div class=\"vc_row wpb_row vc_row-fluid\"><div class=\"wpb_column vc_column_container vc_col-sm-12\"><div class=\"vc_column-inner\"><div class=\"wpb_wrapper\"><div style=\"background-color:;height: 40px\" class=\"nicdark_section  \"><\/div> <h6 style=\"color:#878787;padding:px;text-align:center;font-size:20px;line-height:20px;letter-spacing: px;font-weight:lighter\" class=\"   nd_options_second_font \">R\u00c9GION<\/h6> <div style=\"background-color:;height: 20px\" class=\"nicdark_section  \"><\/div>\n    <div class=\"nd_options_section nd_options_line_height_0  nd_options_text_align_center \">\n        <span style=\"height:1px;width:30px;background-color:#878787\" class=\"nd_options_display_inline_block\"><\/span>\n    <\/div>\n   <div style=\"background-color:;height: 30px\" class=\"nicdark_section  \"><\/div> <h1 style=\"color:#1c1c1c;padding:px;text-align:center;font-size:55px;line-height:55px;letter-spacing: px;font-weight:normal\" class=\"   nd_options_first_font \">Les Dents du Midi<\/h1> <div style=\"background-color:;height: 20px\" class=\"nicdark_section  \"><\/div><\/div><\/div><\/div><\/div><div class=\"vc_row wpb_row vc_row-fluid\"><div class=\"wpb_column vc_column_container vc_col-sm-1\"><div class=\"vc_column-inner\"><div class=\"wpb_wrapper\"><\/div><\/div><\/div><div class=\"wpb_column vc_column_container vc_col-sm-10\"><div class=\"vc_column-inner\"><div class=\"wpb_wrapper\"><div style=\"background-color:;height: 20px\" class=\"nicdark_section  \"><\/div> <p style=\"color:;padding:px;text-align:;font-size:18px;line-height:px;letter-spacing: px;font-weight:lighter\" class=\"   nd_options_second_font \">Les Dents du Midi sont le point de rep\u00e8re de toute une r\u00e9gion et l\u2019embl\u00e8me du domaine des Portes du Soleil.<\/p> <div style=\"background-color:;height: 20px\" class=\"nicdark_section  \"><\/div> <p style=\"color:;padding:px;text-align:;font-size:18px;line-height:px;letter-spacing: px;font-weight:lighter\" class=\"   nd_options_second_font \">Visible \u00e0 des kilom\u00e8tres \u00e0 la ronde autour de la r\u00e9gion du Chablais, la chaine de montagnes valaisanne est un massif calcaire sauvage situ\u00e9 entre le val du Trient et le Val d'Illiez, d\u2019une longueur de 3 kilom\u00e8tres.<\/p> <div style=\"background-color:;height: 20px\" class=\"nicdark_section  \"><\/div> <p style=\"color:;padding:px;text-align:;font-size:18px;line-height:px;letter-spacing: px;font-weight:lighter\" class=\"   nd_options_second_font \">Les amateurs de randonn\u00e9es ou les experts de trails appr\u00e9cieront le tour des Dents du Midi qui peut \u00eatre effectu\u00e9 en 2 \u00e0 4 jours, selon plusieurs variantes, notamment avec l\u2019ascension de son plus haut sommet, la Haute Cime, via un itin\u00e9raire de 40 km \u00e0 suivre loin des routes et des agglom\u00e9rations.<\/p> <div style=\"background-color:;height: 20px\" class=\"nicdark_section  \"><\/div> <p style=\"color:;padding:px;text-align:;font-size:18px;line-height:px;letter-spacing: px;font-weight:lighter\" class=\"   nd_options_second_font \">Des haltes peuvent \u00eatre organis\u00e9es dans diff\u00e9rents g\u00eetes de montagne situ\u00e9s autour des Dents du Midi comme la cabane d'Anth\u00e8me ou la cabane de Susanfe.<\/p> <div style=\"background-color:;height: 20px\" class=\"nicdark_section  \"><\/div> <p style=\"color:;padding:px;text-align:;font-size:18px;line-height:px;letter-spacing: px;font-weight:lighter\" class=\"   nd_options_second_font \">VTT, randonn\u00e9e, faune, flore, gastronomie, culture, traditions, sensations fortes... Laissez-vous porter par la richesse des activit\u00e9s pr\u00e9sentes dans la R\u00e9gion Dents du Midi et vivez l'aventure au quotidien \u00e9t\u00e9 comme hiver!<\/p> <div style=\"background-color:;height: 30px\" class=\"nicdark_section  \"><\/div><\/div><\/div><\/div><div class=\"wpb_column vc_column_container vc_col-sm-1\"><div class=\"vc_column-inner\"><div class=\"wpb_wrapper\"><\/div><\/div><\/div><\/div><div class=\"vc_row wpb_row vc_row-fluid\"><div class=\"wpb_column vc_column_container vc_col-sm-1\"><div class=\"vc_column-inner\"><div class=\"wpb_wrapper\"><\/div><\/div><\/div><div class=\"wpb_column vc_column_container vc_col-sm-10\"><div class=\"vc_column-inner\"><div class=\"wpb_wrapper\"><div style=\"background-color:;height: 20px\" class=\"nicdark_section  \"><\/div>\n\n  <!--START team-->\n  <div class=\" nd_options_team_component_l5 nd_options_section nd_options_box_sizing_border_box  \">    \n    <div class=\"nd_options_section nd_options_position_relative\">\n\n      <img decoding=\"async\" alt=\"\" class=\"nd_options_section\" src=\"https:\/\/nouvellealpina.ch\/wp-content\/uploads\/2022\/06\/dent-1030x451-1-1024x448.jpeg\">\n\n      <div class=\"nd_options_bg_greydark_alpha_gradient_3 nd_options_position_absolute nd_options_left_0 nd_options_height_100_percentage nd_options_width_100_percentage nd_options_box_sizing_border_box\">\n        <div class=\"nd_options_position_absolute nd_options_bottom_30 nd_options_width_100_percentage nd_options_padding_botttom_0 nd_options_padding_50 nd_options_box_sizing_border_box nd_options_text_align_center\">\n          <h3 class=\"nd_options_color_white\"><\/h3>\n          <div class=\"nd_options_section nd_options_height_10\"><\/div>\n          <h6 class=\"nd_options_color_white\"><strong><\/strong><\/h6>\n        <\/div>\n      <\/div>\n\n    <\/div>\n  <\/div>\n  <!--END team-->\n<div style=\"background-color:;height: 20px\" class=\"nicdark_section  \"><\/div><\/div><\/div><\/div><div class=\"wpb_column vc_column_container vc_col-sm-1\"><div class=\"vc_column-inner\"><div class=\"wpb_wrapper\"><\/div><\/div><\/div><\/div><div class=\"vc_row wpb_row vc_row-fluid\"><div class=\"wpb_column vc_column_container vc_col-sm-12\"><div class=\"vc_column-inner\"><div class=\"wpb_wrapper\"><div style=\"background-color:;height: 30px\" class=\"nicdark_section  \"><\/div> <h2 style=\"color:;padding:px;text-align:center;font-size:25px;line-height:45px;letter-spacing: px;font-weight:normal\" class=\"   nd_options_first_font \">D\u00e9couvrez les ''incontournables'' de la R\u00e9gion Dents du Midi.<\/h2> <div style=\"background-color:;height: 30px\" class=\"nicdark_section  \"><\/div>\n\t<div class=\"nd_options_section nd_options_text_align_center\">\n\t<a style=\"border: px solid;border-radius:2px;letter-spacing:2px;line-height:13px;font-size:13px;background-color:#c19b76;padding:15px 35px;margin:;color:#ffffff\" rel=\"\" target=\"_blank\" href=\"https:\/\/www.regiondentsdumidi.ch\/\" class=\"nicdark_display_inline_block  nd_options_font_weight_normal nd_options_second_font  \">EN SAVOIR PLUS<\/a>\n\t<\/div>\n<div style=\"background-color:;height: 30px\" class=\"nicdark_section  \"><\/div><\/div><\/div><\/div><\/div><div data-vc-full-width=\"true\" data-vc-full-width-init=\"false\" class=\"vc_row wpb_row vc_row-fluid vc_custom_1656196726563 vc_row-has-fill\"><div class=\"wpb_column vc_column_container vc_col-sm-12\"><div class=\"vc_column-inner\"><div class=\"wpb_wrapper\"> <h3 style=\"color:#ffffff;padding:px;text-align:center;font-size:13px;line-height:13px;letter-spacing: 2px;font-weight:lighter\" class=\"   nd_options_second_font \">CONTACTEZ-NOUS<\/h3> <div style=\"background-color:;height: px\" class=\"nicdark_section  \"><\/div> <h1 style=\"color:#ffffff;padding:px;text-align:center;font-size:30px;line-height:35px;letter-spacing: px;font-weight:normal\" class=\"   nd_options_first_font \">N'h\u00e9sitez pas \u00e0 nous contacter pour toute question ou info suppl\u00e9mentaire.<\/h1> <\/div><\/div><\/div><\/div><div class=\"vc_row-full-width vc_clearfix\"><\/div>\n<\/div>","protected":false},"excerpt":{"rendered":"R\u00c9GION Les Dents du Midi Les Dents du Midi sont le point de rep\u00e8re de toute une r\u00e9gion et l\u2019embl\u00e8me du domaine des Portes du Soleil. Visible \u00e0 des kilom\u00e8tres \u00e0 la ronde autour de la r\u00e9gion du Chablais, la chaine de montagnes valaisanne est un massif calcaire sauvage situ\u00e9 entre le val du Trient [...]","protected":false},"author":1,"featured_media":0,"parent":0,"menu_order":0,"comment_status":"closed","ping_status":"closed","template":"","meta":{"_monsterinsights_skip_tracking":false,"_monsterinsights_sitenote_active":false,"_monsterinsights_sitenote_note":"","_monsterinsights_sitenote_category":0,"footnotes":""},"class_list":["post-20","page","type-page","status-publish","hentry"],"yoast_head":"<!-- This site is optimized with the Yoast SEO Premium plugin v21.6 (Yoast SEO v27.3) - https:\/\/yoast.com\/product\/yoast-seo-premium-wordpress\/ -->\n<title>Les Dents du Midi - Chalet La Nouvelle Alpina - \u00c0 louer - Champ\u00e9ry - Valais<\/title>\n<meta name=\"description\" content=\"Visible \u00e0 des kilom\u00e8tres \u00e0 la ronde autour de la r\u00e9gion du Chablais, Les Dents du Midi sont le point de rep\u00e8re de toute une r\u00e9gion et l\u2019embl\u00e8me du domaine des Portes du Soleil.\" \/>\n<meta name=\"robots\" content=\"index, follow, max-snippet:-1, max-image-preview:large, max-video-preview:-1\" \/>\n<link rel=\"canonical\" href=\"https:\/\/nouvellealpina.ch\/en\/les-dents-du-midi\/\" \/>\n<meta property=\"og:locale\" content=\"en_GB\" \/>\n<meta property=\"og:type\" content=\"article\" \/>\n<meta property=\"og:title\" content=\"Les Dents du Midi\" \/>\n<meta property=\"og:description\" content=\"Visible \u00e0 des kilom\u00e8tres \u00e0 la ronde autour de la r\u00e9gion du Chablais, Les Dents du Midi sont le point de rep\u00e8re de toute une r\u00e9gion et l\u2019embl\u00e8me du domaine des Portes du Soleil.\" \/>\n<meta property=\"og:url\" content=\"https:\/\/nouvellealpina.ch\/en\/les-dents-du-midi\/\" \/>\n<meta property=\"og:site_name\" content=\"La Nouvelle Alpina\" \/>\n<meta property=\"article:publisher\" content=\"https:\/\/www.facebook.com\/nouvellealpina\" \/>\n<meta property=\"article:modified_time\" content=\"2022-06-26T04:44:28+00:00\" \/>\n<meta name=\"twitter:card\" content=\"summary_large_image\" \/>\n<meta name=\"twitter:label1\" content=\"Estimated reading time\" \/>\n\t<meta name=\"twitter:data1\" content=\"4 minutes\" \/>\n<script type=\"application\/ld+json\" class=\"yoast-schema-graph\">{\"@context\":\"https:\\\/\\\/schema.org\",\"@graph\":[{\"@type\":\"WebPage\",\"@id\":\"https:\\\/\\\/nouvellealpina.ch\\\/les-dents-du-midi\\\/\",\"url\":\"https:\\\/\\\/nouvellealpina.ch\\\/les-dents-du-midi\\\/\",\"name\":\"Les Dents du Midi - Chalet La Nouvelle Alpina - \u00c0 louer - Champ\u00e9ry - Valais\",\"isPartOf\":{\"@id\":\"https:\\\/\\\/nouvellealpina.ch\\\/#website\"},\"datePublished\":\"2017-06-30T09:49:25+00:00\",\"dateModified\":\"2022-06-26T04:44:28+00:00\",\"description\":\"Visible \u00e0 des kilom\u00e8tres \u00e0 la ronde autour de la r\u00e9gion du Chablais, Les Dents du Midi sont le point de rep\u00e8re de toute une r\u00e9gion et l\u2019embl\u00e8me du domaine des Portes du Soleil.\",\"breadcrumb\":{\"@id\":\"https:\\\/\\\/nouvellealpina.ch\\\/les-dents-du-midi\\\/#breadcrumb\"},\"inLanguage\":\"en-GB\",\"potentialAction\":[{\"@type\":\"ReadAction\",\"target\":[\"https:\\\/\\\/nouvellealpina.ch\\\/les-dents-du-midi\\\/\"]}]},{\"@type\":\"BreadcrumbList\",\"@id\":\"https:\\\/\\\/nouvellealpina.ch\\\/les-dents-du-midi\\\/#breadcrumb\",\"itemListElement\":[{\"@type\":\"ListItem\",\"position\":1,\"name\":\"Accueil\",\"item\":\"https:\\\/\\\/nouvellealpina.ch\\\/\"},{\"@type\":\"ListItem\",\"position\":2,\"name\":\"Les Dents du Midi\"}]},{\"@type\":\"WebSite\",\"@id\":\"https:\\\/\\\/nouvellealpina.ch\\\/#website\",\"url\":\"https:\\\/\\\/nouvellealpina.ch\\\/\",\"name\":\"La Nouvelle Alpina\",\"description\":\"Auberge Chalet pour groupes \u00e0 louer \u00e0 Champ\u00e9ry\",\"publisher\":{\"@id\":\"https:\\\/\\\/nouvellealpina.ch\\\/#organization\"},\"potentialAction\":[{\"@type\":\"SearchAction\",\"target\":{\"@type\":\"EntryPoint\",\"urlTemplate\":\"https:\\\/\\\/nouvellealpina.ch\\\/?s={search_term_string}\"},\"query-input\":{\"@type\":\"PropertyValueSpecification\",\"valueRequired\":true,\"valueName\":\"search_term_string\"}}],\"inLanguage\":\"en-GB\"},{\"@type\":\"Organization\",\"@id\":\"https:\\\/\\\/nouvellealpina.ch\\\/#organization\",\"name\":\"La Nouvelle Alpina\",\"url\":\"https:\\\/\\\/nouvellealpina.ch\\\/\",\"logo\":{\"@type\":\"ImageObject\",\"inLanguage\":\"en-GB\",\"@id\":\"https:\\\/\\\/nouvellealpina.ch\\\/#\\\/schema\\\/logo\\\/image\\\/\",\"url\":\"https:\\\/\\\/nouvellealpina.ch\\\/wp-content\\\/uploads\\\/2022\\\/05\\\/Logo-Nouvelle-Alpina.png\",\"contentUrl\":\"https:\\\/\\\/nouvellealpina.ch\\\/wp-content\\\/uploads\\\/2022\\\/05\\\/Logo-Nouvelle-Alpina.png\",\"width\":740,\"height\":198,\"caption\":\"La Nouvelle Alpina\"},\"image\":{\"@id\":\"https:\\\/\\\/nouvellealpina.ch\\\/#\\\/schema\\\/logo\\\/image\\\/\"},\"sameAs\":[\"https:\\\/\\\/www.facebook.com\\\/nouvellealpina\",\"https:\\\/\\\/www.instagram.com\\\/nouvellealpina\\\/\"]}]}<\/script>\n<!-- \/ Yoast SEO Premium plugin. -->","yoast_head_json":{"title":"Les Dents du Midi - Chalet La Nouvelle Alpina - \u00c0 louer - Champ\u00e9ry - Valais","description":"Visible \u00e0 des kilom\u00e8tres \u00e0 la ronde autour de la r\u00e9gion du Chablais, Les Dents du Midi sont le point de rep\u00e8re de toute une r\u00e9gion et l\u2019embl\u00e8me du domaine des Portes du Soleil.","robots":{"index":"index","follow":"follow","max-snippet":"max-snippet:-1","max-image-preview":"max-image-preview:large","max-video-preview":"max-video-preview:-1"},"canonical":"https:\/\/nouvellealpina.ch\/en\/les-dents-du-midi\/","og_locale":"en_GB","og_type":"article","og_title":"Les Dents du Midi","og_description":"Visible \u00e0 des kilom\u00e8tres \u00e0 la ronde autour de la r\u00e9gion du Chablais, Les Dents du Midi sont le point de rep\u00e8re de toute une r\u00e9gion et l\u2019embl\u00e8me du domaine des Portes du Soleil.","og_url":"https:\/\/nouvellealpina.ch\/en\/les-dents-du-midi\/","og_site_name":"La Nouvelle Alpina","article_publisher":"https:\/\/www.facebook.com\/nouvellealpina","article_modified_time":"2022-06-26T04:44:28+00:00","twitter_card":"summary_large_image","twitter_misc":{"Estimated reading time":"4 minutes"},"schema":{"@context":"https:\/\/schema.org","@graph":[{"@type":"WebPage","@id":"https:\/\/nouvellealpina.ch\/les-dents-du-midi\/","url":"https:\/\/nouvellealpina.ch\/les-dents-du-midi\/","name":"Les Dents du Midi - Chalet La Nouvelle Alpina - \u00c0 louer - Champ\u00e9ry - Valais","isPartOf":{"@id":"https:\/\/nouvellealpina.ch\/#website"},"datePublished":"2017-06-30T09:49:25+00:00","dateModified":"2022-06-26T04:44:28+00:00","description":"Visible \u00e0 des kilom\u00e8tres \u00e0 la ronde autour de la r\u00e9gion du Chablais, Les Dents du Midi sont le point de rep\u00e8re de toute une r\u00e9gion et l\u2019embl\u00e8me du domaine des Portes du Soleil.","breadcrumb":{"@id":"https:\/\/nouvellealpina.ch\/les-dents-du-midi\/#breadcrumb"},"inLanguage":"en-GB","potentialAction":[{"@type":"ReadAction","target":["https:\/\/nouvellealpina.ch\/les-dents-du-midi\/"]}]},{"@type":"BreadcrumbList","@id":"https:\/\/nouvellealpina.ch\/les-dents-du-midi\/#breadcrumb","itemListElement":[{"@type":"ListItem","position":1,"name":"Accueil","item":"https:\/\/nouvellealpina.ch\/"},{"@type":"ListItem","position":2,"name":"Les Dents du Midi"}]},{"@type":"WebSite","@id":"https:\/\/nouvellealpina.ch\/#website","url":"https:\/\/nouvellealpina.ch\/","name":"Nouvelle Alpina","description":"Auberge Chalet pour groupes \u00e0 louer \u00e0 Champ\u00e9ry","publisher":{"@id":"https:\/\/nouvellealpina.ch\/#organization"},"potentialAction":[{"@type":"SearchAction","target":{"@type":"EntryPoint","urlTemplate":"https:\/\/nouvellealpina.ch\/?s={search_term_string}"},"query-input":{"@type":"PropertyValueSpecification","valueRequired":true,"valueName":"search_term_string"}}],"inLanguage":"en-GB"},{"@type":"Organization","@id":"https:\/\/nouvellealpina.ch\/#organization","name":"Nouvelle Alpina","url":"https:\/\/nouvellealpina.ch\/","logo":{"@type":"ImageObject","inLanguage":"en-GB","@id":"https:\/\/nouvellealpina.ch\/#\/schema\/logo\/image\/","url":"https:\/\/nouvellealpina.ch\/wp-content\/uploads\/2022\/05\/Logo-Nouvelle-Alpina.png","contentUrl":"https:\/\/nouvellealpina.ch\/wp-content\/uploads\/2022\/05\/Logo-Nouvelle-Alpina.png","width":740,"height":198,"caption":"La Nouvelle Alpina"},"image":{"@id":"https:\/\/nouvellealpina.ch\/#\/schema\/logo\/image\/"},"sameAs":["https:\/\/www.facebook.com\/nouvellealpina","https:\/\/www.instagram.com\/nouvellealpina\/"]}]}},"_links":{"self":[{"href":"https:\/\/nouvellealpina.ch\/en\/wp-json\/wp\/v2\/pages\/20","targetHints":{"allow":["GET"]}}],"collection":[{"href":"https:\/\/nouvellealpina.ch\/en\/wp-json\/wp\/v2\/pages"}],"about":[{"href":"https:\/\/nouvellealpina.ch\/en\/wp-json\/wp\/v2\/types\/page"}],"author":[{"embeddable":true,"href":"https:\/\/nouvellealpina.ch\/en\/wp-json\/wp\/v2\/users\/1"}],"replies":[{"embeddable":true,"href":"https:\/\/nouvellealpina.ch\/en\/wp-json\/wp\/v2\/comments?post=20"}],"version-history":[{"count":274,"href":"https:\/\/nouvellealpina.ch\/en\/wp-json\/wp\/v2\/pages\/20\/revisions"}],"predecessor-version":[{"id":3906,"href":"https:\/\/nouvellealpina.ch\/en\/wp-json\/wp\/v2\/pages\/20\/revisions\/3906"}],"wp:attachment":[{"href":"https:\/\/nouvellealpina.ch\/en\/wp-json\/wp\/v2\/media?parent=20"}],"curies":[{"name":"wp","href":"https:\/\/api.w.org\/{rel}","templated":true}]}}