{"id":18,"date":"2017-06-30T09:48:28","date_gmt":"2017-06-30T09:48:28","guid":{"rendered":"http:\/\/www.nicdarkthemes.com\/themes\/hotel\/wp\/demo\/?page_id=18"},"modified":"2022-06-30T12:15:38","modified_gmt":"2022-06-30T12:15:38","slug":"contact-infos","status":"publish","type":"page","link":"https:\/\/nouvellealpina.ch\/en\/contact-infos\/","title":{"rendered":"Contact &amp; Info"},"content":{"rendered":"<div class=\"wpb-content-wrapper\"><div class=\"vc_row wpb_row vc_row-fluid\"><div class=\"wpb_column vc_column_container vc_col-sm-5\"><div class=\"vc_column-inner vc_custom_1653684742551\"><div class=\"wpb_wrapper\"> <h2 style=\"color:;padding:px;text-align:;font-size:25px;line-height:30px;letter-spacing: px;font-weight:normal\" class=\"   nd_options_first_font \">Contact &amp; Informations:<\/h2> <div style=\"background-color:;height: 20px\" class=\"nicdark_section  \"><\/div>\n\t<div class=\"wpb_text_column wpb_content_element\" >\n\t\t<div class=\"wpb_wrapper\">\n\t\t\t<p>Vous avez des questions? Vous \u00eates int\u00e9ress\u00e9 et vous souhaitez recevoir un devis par rapport \u00e0 un futur s\u00e9jour \u00e0 la Nouvelle Alpina? Besoin d&rsquo;informations suppl\u00e9mentaires? \u00c9crivez-nous. Nous sommes \u00e0 l&rsquo;\u00e9coute. Prenez contact et nous vous r\u00e9pondrons dans les meilleurs d\u00e9lais.<\/p>\n\n\t\t<\/div>\n\t<\/div>\n<div style=\"background-color:;height: 20px\" class=\"nicdark_section  \"><\/div><div class=\"wpforms-container wpforms-container-full\" id=\"wpforms-3008\"><form id=\"wpforms-form-3008\" class=\"wpforms-validate wpforms-form wpforms-ajax-form\" data-formid=\"3008\" method=\"post\" enctype=\"multipart\/form-data\" action=\"\/en\/wp-json\/wp\/v2\/pages\/18\" data-token=\"6fb6df8e126191e77727e6d2f42f26e4\" data-token-time=\"1776712851\"><noscript class=\"wpforms-error-noscript\">Please enable JavaScript in your browser to complete this form.<\/noscript><div class=\"wpforms-field-container\"><div id=\"wpforms-3008-field_7-container\" class=\"wpforms-field wpforms-field-name\" data-field-id=\"7\"><label class=\"wpforms-field-label\" for=\"wpforms-3008-field_7\">Pr\u00e9nom &amp; Nom de famille <span class=\"wpforms-required-label\">*<\/span><\/label><input type=\"text\" id=\"wpforms-3008-field_7\" class=\"wpforms-field-large wpforms-field-required\" name=\"wpforms[fields][7]\" required><\/div><div id=\"wpforms-3008-field_3-container\" class=\"wpforms-field wpforms-field-email\" data-field-id=\"3\"><label class=\"wpforms-field-label\" for=\"wpforms-3008-field_3\">E-mail <span class=\"wpforms-required-label\">*<\/span><\/label><input type=\"email\" id=\"wpforms-3008-field_3\" class=\"wpforms-field-large wpforms-field-required\" name=\"wpforms[fields][3]\" spellcheck=\"false\" required><\/div><div id=\"wpforms-3008-field_8-container\" class=\"wpforms-field wpforms-field-text\" data-field-id=\"8\"><label class=\"wpforms-field-label\" for=\"wpforms-3008-field_8\">Num\u00e9ro de t\u00e9l\u00e9phone<\/label><input type=\"text\" id=\"wpforms-3008-field_8\" class=\"wpforms-field-large\" name=\"wpforms[fields][8]\" ><\/div><div id=\"wpforms-3008-field_9-container\" class=\"wpforms-field wpforms-field-text\" data-field-id=\"9\"><label class=\"wpforms-field-label\" for=\"wpforms-3008-field_9\">Sujet du message <span class=\"wpforms-required-label\">*<\/span><\/label><input type=\"text\" id=\"wpforms-3008-field_9\" class=\"wpforms-field-large wpforms-field-required\" name=\"wpforms[fields][9]\" required><\/div><div id=\"wpforms-3008-field_4-container\" class=\"wpforms-field wpforms-field-textarea\" data-field-id=\"4\"><label class=\"wpforms-field-label\" for=\"wpforms-3008-field_4\">Message <span class=\"wpforms-required-label\">*<\/span><\/label><textarea id=\"wpforms-3008-field_4\" class=\"wpforms-field-medium wpforms-field-required\" name=\"wpforms[fields][4]\" required><\/textarea><\/div><\/div><!-- .wpforms-field-container --><div class=\"wpforms-recaptcha-container wpforms-is-recaptcha wpforms-is-recaptcha-type-v2\" ><div class=\"g-recaptcha\" data-sitekey=\"6LfjhLAgAAAAANoFQUlNyJgBasYE1wrwkG5lJlRp\"><\/div><input type=\"text\" name=\"g-recaptcha-hidden\" class=\"wpforms-recaptcha-hidden\" style=\"position:absolute!important;clip:rect(0,0,0,0)!important;height:1px!important;width:1px!important;border:0!important;overflow:hidden!important;padding:0!important;margin:0!important;\" data-rule-recaptcha=\"1\"><\/div><div class=\"wpforms-submit-container\" ><input type=\"hidden\" name=\"wpforms[id]\" value=\"3008\"><input type=\"hidden\" name=\"page_title\" value=\"\"><input type=\"hidden\" name=\"page_url\" value=\"https:\/\/nouvellealpina.ch\/en\/wp-json\/wp\/v2\/pages\/18\"><input type=\"hidden\" name=\"url_referer\" value=\"\"><button type=\"submit\" name=\"wpforms[submit]\" id=\"wpforms-submit-3008\" class=\"wpforms-submit\" data-alt-text=\"Envoi...\" data-submit-text=\"ENVOYER\" aria-live=\"assertive\" value=\"wpforms-submit\">ENVOYER<\/button><img loading=\"lazy\" decoding=\"async\" src=\"https:\/\/nouvellealpina.ch\/wp-content\/plugins\/wpforms-lite\/assets\/images\/submit-spin.svg\" class=\"wpforms-submit-spinner\" style=\"display: none;\" width=\"26\" height=\"26\" alt=\"Loading\"><\/div><input type=\"hidden\" id=\"ct_checkjs_wpforms_a3c65c2974270fd093ee8a9bf8ae7d0b\" name=\"ct_checkjs_wpforms\" value=\"0\" \/><script>setTimeout(function(){var ct_input_name = \"ct_checkjs_wpforms_a3c65c2974270fd093ee8a9bf8ae7d0b\";if (document.getElementById(ct_input_name) !== null) {var ct_input_value = document.getElementById(ct_input_name).value;document.getElementById(ct_input_name).value = document.getElementById(ct_input_name).value.replace(ct_input_value, '993497380');}}, 1000);<\/script><input\n                    class=\"apbct_special_field apbct_email_id__wp_wpforms\"\n                    name=\"apbct__email_id__wp_wpforms\"\n                    aria-label=\"apbct__label_id__wp_wpforms\"\n                    type=\"text\" size=\"30\" maxlength=\"200\" autocomplete=\"off\"\n                    value=\"\"\n                \/><\/form><\/div>  <!-- .wpforms-container --><\/div><\/div><\/div><div class=\"wpb_column vc_column_container vc_col-sm-7\"><div class=\"vc_column-inner vc_custom_1653684753990\"><div class=\"wpb_wrapper\"> <h2 style=\"color:;padding:px;text-align:;font-size:25px;line-height:30px;letter-spacing: px;font-weight:normal\" class=\"   nd_options_first_font \">Emplacement de la Nouvelle Alpina:<\/h2> <div style=\"background-color:#ffffff;height: 20px\" class=\"nicdark_section  \"><\/div><div class=\"wpb_gmaps_widget wpb_content_element\"><div class=\"wpb_wrapper\"><div class=\"wpb_map_wraper\"><iframe src=\"https:\/\/www.google.com\/maps\/embed?pb=!1m18!1m12!1m3!1d2762.395448190667!2d6.874417815456007!3d46.18268887911603!2m3!1f0!2f0!3f0!3m2!1i1024!2i768!4f13.1!3m3!1m2!1s0x478ea58049878ecd%3A0xb1a4c7811e56771d!2sNouvelle%20Alpina!5e0!3m2!1sen!2sch!4v1654821509852!5m2!1sen!2sch\" width=\"600\" height=\"480\" style=\"border:0;\" allowfullscreen=\"\" loading=\"lazy\" referrerpolicy=\"no-referrer-when-downgrade\"><\/iframe><\/div><\/div><\/div><div style=\"background-color:;height: 25px\" class=\"nicdark_section  \"><\/div><div class=\"vc_row wpb_row vc_inner vc_row-fluid\"><div class=\"wpb_column vc_column_container vc_col-sm-6\"><div class=\"vc_column-inner\"><div class=\"wpb_wrapper\">\n\n\n  <div class=\"nd_options_section  nd_options_display_table \">\n    <div class=\"nd_options_display_table_cell nd_options_vertical_align_middle nd_options_width_50_percentage nd_options_text_align_left nd_options_padding_10 nd_options_box_sizing_border_box\">\n      <p class=\" nd_options_second_font nd_options_margin_0 nd_options_padding_0\" style=\"color:#1c1c1c\">Adresse:<\/p>\n    <\/div>\n    <div class=\"nd_options_display_table_cell nd_options_vertical_align_middle nd_options_width_50_percentage nd_options_text_align_right nd_options_padding_10 nd_options_box_sizing_border_box\">\n      <p class=\" nd_options_second_font nd_options_margin_0 nd_options_padding_0\" style=\"color:#878787\">Rte de Chavalet 9, 1874 Champ\u00e9ry, Valais, Suisse<\/p>\n    <\/div>\n  <\/div>\n\n\n   <div style=\"background-color:#f1f1f1;height: 1px\" class=\"nicdark_section  \"><\/div>\n\n\n  <div class=\"nd_options_section  nd_options_display_table \">\n    <div class=\"nd_options_display_table_cell nd_options_vertical_align_middle nd_options_width_50_percentage nd_options_text_align_left nd_options_padding_10 nd_options_box_sizing_border_box\">\n      <p class=\" nd_options_second_font nd_options_margin_0 nd_options_padding_0\" style=\"color:#1c1c1c\">Check-In :<\/p>\n    <\/div>\n    <div class=\"nd_options_display_table_cell nd_options_vertical_align_middle nd_options_width_50_percentage nd_options_text_align_right nd_options_padding_10 nd_options_box_sizing_border_box\">\n      <p class=\" nd_options_second_font nd_options_margin_0 nd_options_padding_0\" style=\"color:#878787\">\u00c0 tout moment<\/p>\n    <\/div>\n  <\/div>\n\n\n   <\/div><\/div><\/div><div class=\"wpb_column vc_column_container vc_col-sm-6\"><div class=\"vc_column-inner\"><div class=\"wpb_wrapper\">\n\n\n  <div class=\"nd_options_section  nd_options_display_table \">\n    <div class=\"nd_options_display_table_cell nd_options_vertical_align_middle nd_options_width_50_percentage nd_options_text_align_left nd_options_padding_10 nd_options_box_sizing_border_box\">\n      <p class=\" nd_options_second_font nd_options_margin_0 nd_options_padding_0\" style=\"color:#1c1c1c\">T\u00e9l. fixe:<\/p>\n    <\/div>\n    <div class=\"nd_options_display_table_cell nd_options_vertical_align_middle nd_options_width_50_percentage nd_options_text_align_right nd_options_padding_10 nd_options_box_sizing_border_box\">\n      <p class=\" nd_options_second_font nd_options_margin_0 nd_options_padding_0\" style=\"color:#878787\">+41 24 479 11 17<\/p>\n    <\/div>\n  <\/div>\n\n\n   <div style=\"background-color:#f1f1f1;height: 1px\" class=\"nicdark_section  \"><\/div>\n\n\n  <div class=\"nd_options_section  nd_options_display_table \">\n    <div class=\"nd_options_display_table_cell nd_options_vertical_align_middle nd_options_width_50_percentage nd_options_text_align_left nd_options_padding_10 nd_options_box_sizing_border_box\">\n      <p class=\" nd_options_second_font nd_options_margin_0 nd_options_padding_0\" style=\"color:#1c1c1c\">Email :<\/p>\n    <\/div>\n    <div class=\"nd_options_display_table_cell nd_options_vertical_align_middle nd_options_width_50_percentage nd_options_text_align_right nd_options_padding_10 nd_options_box_sizing_border_box\">\n      <p class=\" nd_options_second_font nd_options_margin_0 nd_options_padding_0\" style=\"color:#878787\">contact@nouvellealpina.ch<\/p>\n    <\/div>\n  <\/div>\n\n\n   <div style=\"background-color:#f1f1f1;height: 1px\" class=\"nicdark_section  \"><\/div>\n\n\n  <div class=\"nd_options_section  nd_options_display_table \">\n    <div class=\"nd_options_display_table_cell nd_options_vertical_align_middle nd_options_width_50_percentage nd_options_text_align_left nd_options_padding_10 nd_options_box_sizing_border_box\">\n      <p class=\" nd_options_second_font nd_options_margin_0 nd_options_padding_0\" style=\"color:#1c1c1c\">Check-Out :<\/p>\n    <\/div>\n    <div class=\"nd_options_display_table_cell nd_options_vertical_align_middle nd_options_width_50_percentage nd_options_text_align_right nd_options_padding_10 nd_options_box_sizing_border_box\">\n      <p class=\" nd_options_second_font nd_options_margin_0 nd_options_padding_0\" style=\"color:#878787\">\u00c0 tout moment<\/p>\n    <\/div>\n  <\/div>\n\n\n   <\/div><\/div><\/div><\/div><div style=\"background-color:;height: 35px\" class=\"nicdark_section  \"><\/div> <h5 style=\"color:#878787;padding:px;text-align:;font-size:18px;line-height:24px;letter-spacing: 2px;font-weight:lighter\" class=\"   nd_options_second_font \">Num\u00e9ro de t\u00e9l\u00e9phone: (Lun-Ven: 8h30-12h30 &amp; 13h30-18h30)<\/h5> <div style=\"background-color:;height: 20px\" class=\"nicdark_section  \"><\/div>\n    <div class=\"nd_options_section nd_options_line_height_0  nd_options_text_align_left \">\n        <span style=\"height:1px;width:30px;background-color:#878787\" class=\"nd_options_display_inline_block\"><\/span>\n    <\/div>\n   <div style=\"background-color:;height: 20px\" class=\"nicdark_section  \"><\/div> <h3 style=\"color:#1c1c1c;padding:px;text-align:;font-size:55px;line-height:60px;letter-spacing: px;font-weight:normal\" class=\"   nd_options_first_font \">+41 (0)24 479 11 17<\/h3> <\/div><\/div><\/div><\/div><div class=\"vc_row wpb_row vc_row-fluid\"><div class=\"wpb_column vc_column_container vc_col-sm-12\"><div class=\"vc_column-inner\"><div class=\"wpb_wrapper\"><\/div><\/div><\/div><\/div><div class=\"vc_row wpb_row vc_row-fluid\"><div class=\"wpb_column vc_column_container vc_col-sm-12\"><div class=\"vc_column-inner\"><div class=\"wpb_wrapper\"><\/div><\/div><\/div><\/div>\n<\/div>","protected":false},"excerpt":{"rendered":"Contact &amp; Informations: Vous avez des questions? Vous \u00eates int\u00e9ress\u00e9 et vous souhaitez recevoir un devis par rapport \u00e0 un futur s\u00e9jour \u00e0 la Nouvelle Alpina? Besoin d'informations suppl\u00e9mentaires? \u00c9crivez-nous. Nous sommes \u00e0 l'\u00e9coute. Prenez contact et nous vous r\u00e9pondrons dans les meilleurs d\u00e9lais. Please enable JavaScript in your browser to complete this form.Pr\u00e9nom &amp; [...]","protected":false},"author":1,"featured_media":0,"parent":0,"menu_order":0,"comment_status":"closed","ping_status":"closed","template":"","meta":{"_monsterinsights_skip_tracking":false,"_monsterinsights_sitenote_active":false,"_monsterinsights_sitenote_note":"","_monsterinsights_sitenote_category":0,"footnotes":""},"class_list":["post-18","page","type-page","status-publish","hentry"],"yoast_head":"<!-- This site is optimized with the Yoast SEO Premium plugin v21.6 (Yoast SEO v27.4) - https:\/\/yoast.com\/product\/yoast-seo-premium-wordpress\/ -->\n<title>Contact &amp; Infos - Chalet La Nouvelle Alpina - \u00c0 louer - Champ\u00e9ry - Valais<\/title>\n<meta name=\"description\" content=\"Vous avez des questions? Vous \u00eates int\u00e9ress\u00e9 et vous souhaitez recevoir un devis par rapport \u00e0 un futur s\u00e9jour \u00e0 la Nouvelle Alpina?\" \/>\n<meta name=\"robots\" content=\"index, follow, max-snippet:-1, max-image-preview:large, max-video-preview:-1\" \/>\n<link rel=\"canonical\" href=\"https:\/\/nouvellealpina.ch\/en\/contact-infos\/\" \/>\n<meta property=\"og:locale\" content=\"en_GB\" \/>\n<meta property=\"og:type\" content=\"article\" \/>\n<meta property=\"og:title\" content=\"Contact &amp; Infos\" \/>\n<meta property=\"og:description\" content=\"Vous avez des questions? Vous \u00eates int\u00e9ress\u00e9 et vous souhaitez recevoir un devis par rapport \u00e0 un futur s\u00e9jour \u00e0 la Nouvelle Alpina?\" \/>\n<meta property=\"og:url\" content=\"https:\/\/nouvellealpina.ch\/en\/contact-infos\/\" \/>\n<meta property=\"og:site_name\" content=\"La Nouvelle Alpina\" \/>\n<meta property=\"article:publisher\" content=\"https:\/\/www.facebook.com\/nouvellealpina\" \/>\n<meta property=\"article:modified_time\" content=\"2022-06-30T12:15:38+00:00\" \/>\n<meta name=\"twitter:card\" content=\"summary_large_image\" \/>\n<meta name=\"twitter:label1\" content=\"Estimated reading time\" \/>\n\t<meta name=\"twitter:data1\" content=\"4 minutes\" \/>\n<script type=\"application\/ld+json\" class=\"yoast-schema-graph\">{\"@context\":\"https:\\\/\\\/schema.org\",\"@graph\":[{\"@type\":\"WebPage\",\"@id\":\"https:\\\/\\\/nouvellealpina.ch\\\/contact-infos\\\/\",\"url\":\"https:\\\/\\\/nouvellealpina.ch\\\/contact-infos\\\/\",\"name\":\"Contact & Infos - Chalet La Nouvelle Alpina - \u00c0 louer - Champ\u00e9ry - Valais\",\"isPartOf\":{\"@id\":\"https:\\\/\\\/nouvellealpina.ch\\\/#website\"},\"datePublished\":\"2017-06-30T09:48:28+00:00\",\"dateModified\":\"2022-06-30T12:15:38+00:00\",\"description\":\"Vous avez des questions? Vous \u00eates int\u00e9ress\u00e9 et vous souhaitez recevoir un devis par rapport \u00e0 un futur s\u00e9jour \u00e0 la Nouvelle Alpina?\",\"breadcrumb\":{\"@id\":\"https:\\\/\\\/nouvellealpina.ch\\\/contact-infos\\\/#breadcrumb\"},\"inLanguage\":\"en-GB\",\"potentialAction\":[{\"@type\":\"ReadAction\",\"target\":[\"https:\\\/\\\/nouvellealpina.ch\\\/contact-infos\\\/\"]}]},{\"@type\":\"BreadcrumbList\",\"@id\":\"https:\\\/\\\/nouvellealpina.ch\\\/contact-infos\\\/#breadcrumb\",\"itemListElement\":[{\"@type\":\"ListItem\",\"position\":1,\"name\":\"Accueil\",\"item\":\"https:\\\/\\\/nouvellealpina.ch\\\/\"},{\"@type\":\"ListItem\",\"position\":2,\"name\":\"Contact &#038; Infos\"}]},{\"@type\":\"WebSite\",\"@id\":\"https:\\\/\\\/nouvellealpina.ch\\\/#website\",\"url\":\"https:\\\/\\\/nouvellealpina.ch\\\/\",\"name\":\"La Nouvelle Alpina\",\"description\":\"Auberge Chalet pour groupes \u00e0 louer \u00e0 Champ\u00e9ry\",\"publisher\":{\"@id\":\"https:\\\/\\\/nouvellealpina.ch\\\/#organization\"},\"potentialAction\":[{\"@type\":\"SearchAction\",\"target\":{\"@type\":\"EntryPoint\",\"urlTemplate\":\"https:\\\/\\\/nouvellealpina.ch\\\/?s={search_term_string}\"},\"query-input\":{\"@type\":\"PropertyValueSpecification\",\"valueRequired\":true,\"valueName\":\"search_term_string\"}}],\"inLanguage\":\"en-GB\"},{\"@type\":\"Organization\",\"@id\":\"https:\\\/\\\/nouvellealpina.ch\\\/#organization\",\"name\":\"La Nouvelle Alpina\",\"url\":\"https:\\\/\\\/nouvellealpina.ch\\\/\",\"logo\":{\"@type\":\"ImageObject\",\"inLanguage\":\"en-GB\",\"@id\":\"https:\\\/\\\/nouvellealpina.ch\\\/#\\\/schema\\\/logo\\\/image\\\/\",\"url\":\"https:\\\/\\\/nouvellealpina.ch\\\/wp-content\\\/uploads\\\/2022\\\/05\\\/Logo-Nouvelle-Alpina.png\",\"contentUrl\":\"https:\\\/\\\/nouvellealpina.ch\\\/wp-content\\\/uploads\\\/2022\\\/05\\\/Logo-Nouvelle-Alpina.png\",\"width\":740,\"height\":198,\"caption\":\"La Nouvelle Alpina\"},\"image\":{\"@id\":\"https:\\\/\\\/nouvellealpina.ch\\\/#\\\/schema\\\/logo\\\/image\\\/\"},\"sameAs\":[\"https:\\\/\\\/www.facebook.com\\\/nouvellealpina\",\"https:\\\/\\\/www.instagram.com\\\/nouvellealpina\\\/\"]}]}<\/script>\n<!-- \/ Yoast SEO Premium plugin. -->","yoast_head_json":{"title":"Contact & Infos - Chalet La Nouvelle Alpina - \u00c0 louer - Champ\u00e9ry - Valais","description":"Vous avez des questions? Vous \u00eates int\u00e9ress\u00e9 et vous souhaitez recevoir un devis par rapport \u00e0 un futur s\u00e9jour \u00e0 la Nouvelle Alpina?","robots":{"index":"index","follow":"follow","max-snippet":"max-snippet:-1","max-image-preview":"max-image-preview:large","max-video-preview":"max-video-preview:-1"},"canonical":"https:\/\/nouvellealpina.ch\/en\/contact-infos\/","og_locale":"en_GB","og_type":"article","og_title":"Contact & Infos","og_description":"Vous avez des questions? Vous \u00eates int\u00e9ress\u00e9 et vous souhaitez recevoir un devis par rapport \u00e0 un futur s\u00e9jour \u00e0 la Nouvelle Alpina?","og_url":"https:\/\/nouvellealpina.ch\/en\/contact-infos\/","og_site_name":"La Nouvelle Alpina","article_publisher":"https:\/\/www.facebook.com\/nouvellealpina","article_modified_time":"2022-06-30T12:15:38+00:00","twitter_card":"summary_large_image","twitter_misc":{"Estimated reading time":"4 minutes"},"schema":{"@context":"https:\/\/schema.org","@graph":[{"@type":"WebPage","@id":"https:\/\/nouvellealpina.ch\/contact-infos\/","url":"https:\/\/nouvellealpina.ch\/contact-infos\/","name":"Contact & Infos - Chalet La Nouvelle Alpina - \u00c0 louer - Champ\u00e9ry - Valais","isPartOf":{"@id":"https:\/\/nouvellealpina.ch\/#website"},"datePublished":"2017-06-30T09:48:28+00:00","dateModified":"2022-06-30T12:15:38+00:00","description":"Vous avez des questions? Vous \u00eates int\u00e9ress\u00e9 et vous souhaitez recevoir un devis par rapport \u00e0 un futur s\u00e9jour \u00e0 la Nouvelle Alpina?","breadcrumb":{"@id":"https:\/\/nouvellealpina.ch\/contact-infos\/#breadcrumb"},"inLanguage":"en-GB","potentialAction":[{"@type":"ReadAction","target":["https:\/\/nouvellealpina.ch\/contact-infos\/"]}]},{"@type":"BreadcrumbList","@id":"https:\/\/nouvellealpina.ch\/contact-infos\/#breadcrumb","itemListElement":[{"@type":"ListItem","position":1,"name":"Accueil","item":"https:\/\/nouvellealpina.ch\/"},{"@type":"ListItem","position":2,"name":"Contact &#038; Infos"}]},{"@type":"WebSite","@id":"https:\/\/nouvellealpina.ch\/#website","url":"https:\/\/nouvellealpina.ch\/","name":"Nouvelle Alpina","description":"Auberge Chalet pour groupes \u00e0 louer \u00e0 Champ\u00e9ry","publisher":{"@id":"https:\/\/nouvellealpina.ch\/#organization"},"potentialAction":[{"@type":"SearchAction","target":{"@type":"EntryPoint","urlTemplate":"https:\/\/nouvellealpina.ch\/?s={search_term_string}"},"query-input":{"@type":"PropertyValueSpecification","valueRequired":true,"valueName":"search_term_string"}}],"inLanguage":"en-GB"},{"@type":"Organization","@id":"https:\/\/nouvellealpina.ch\/#organization","name":"Nouvelle Alpina","url":"https:\/\/nouvellealpina.ch\/","logo":{"@type":"ImageObject","inLanguage":"en-GB","@id":"https:\/\/nouvellealpina.ch\/#\/schema\/logo\/image\/","url":"https:\/\/nouvellealpina.ch\/wp-content\/uploads\/2022\/05\/Logo-Nouvelle-Alpina.png","contentUrl":"https:\/\/nouvellealpina.ch\/wp-content\/uploads\/2022\/05\/Logo-Nouvelle-Alpina.png","width":740,"height":198,"caption":"La Nouvelle Alpina"},"image":{"@id":"https:\/\/nouvellealpina.ch\/#\/schema\/logo\/image\/"},"sameAs":["https:\/\/www.facebook.com\/nouvellealpina","https:\/\/www.instagram.com\/nouvellealpina\/"]}]}},"_links":{"self":[{"href":"https:\/\/nouvellealpina.ch\/en\/wp-json\/wp\/v2\/pages\/18","targetHints":{"allow":["GET"]}}],"collection":[{"href":"https:\/\/nouvellealpina.ch\/en\/wp-json\/wp\/v2\/pages"}],"about":[{"href":"https:\/\/nouvellealpina.ch\/en\/wp-json\/wp\/v2\/types\/page"}],"author":[{"embeddable":true,"href":"https:\/\/nouvellealpina.ch\/en\/wp-json\/wp\/v2\/users\/1"}],"replies":[{"embeddable":true,"href":"https:\/\/nouvellealpina.ch\/en\/wp-json\/wp\/v2\/comments?post=18"}],"version-history":[{"count":50,"href":"https:\/\/nouvellealpina.ch\/en\/wp-json\/wp\/v2\/pages\/18\/revisions"}],"predecessor-version":[{"id":3963,"href":"https:\/\/nouvellealpina.ch\/en\/wp-json\/wp\/v2\/pages\/18\/revisions\/3963"}],"wp:attachment":[{"href":"https:\/\/nouvellealpina.ch\/en\/wp-json\/wp\/v2\/media?parent=18"}],"curies":[{"name":"wp","href":"https:\/\/api.w.org\/{rel}","templated":true}]}}