{"id":433,"date":"2017-07-19T08:57:14","date_gmt":"2017-07-19T08:57:14","guid":{"rendered":"http:\/\/www.nicdarkthemes.com\/themes\/hotel\/wp\/demo\/?page_id=433"},"modified":"2022-06-26T04:51:14","modified_gmt":"2022-06-26T04:51:14","slug":"champery","status":"publish","type":"page","link":"https:\/\/nouvellealpina.ch\/de\/champery\/","title":{"rendered":"Bergdorf Champ\u00e9ry"},"content":{"rendered":"<div class=\"wpb-content-wrapper\"><div data-vc-full-width=\"true\" data-vc-full-width-init=\"false\" class=\"vc_row wpb_row vc_row-fluid\"><div class=\"wpb_column vc_column_container vc_col-sm-12 vc_col-has-fill\"><div class=\"vc_column-inner vc_custom_1655685935772\"><div class=\"wpb_wrapper\">\n\t\t\t<!-- START Champ\u00e9ry Village REVOLUTION SLIDER 6.5.7 --><p class=\"rs-p-wp-fix\"><\/p>\n\t\t\t<rs-module-wrap id=\"rev_slider_19_1_wrapper\" data-source=\"gallery\" style=\"visibility:hidden;background:#FFFFFF;padding:0;margin:0px auto;margin-top:0;margin-bottom:0;\">\n\t\t\t\t<rs-module id=\"rev_slider_19_1\" style=\"\" data-version=\"6.5.7\">\n\t\t\t\t\t<rs-slides>\n\t\t\t\t\t\t<rs-slide style=\"position: absolute;\" data-key=\"rs-46\" data-title=\"Slide\" data-in=\"o:0;\" data-out=\"a:false;\">\n\t\t\t\t\t\t\t<img loading=\"lazy\" decoding=\"async\" src=\"\/\/nouvellealpina.ch\/wp-content\/plugins\/revslider\/public\/assets\/assets\/dummy.png\" title=\"Champe\u0301ry Nouvelle Alpina\" width=\"1436\" height=\"1402\" class=\"rev-slidebg tp-rs-img rs-lazyload\" data-lazyload=\"\/\/nouvellealpina.ch\/wp-content\/uploads\/2022\/06\/Champe\u0301ry-Nouvelle-Alpina.png\" data-bg=\"p:left bottom;\" data-panzoom=\"d:10000;ss:105%;se:110%;os:150px\/0;oe:0\/50px;\" data-no-retina>\n<!--\n\t\t\t\t\t\t\t--><rs-layer\n\t\t\t\t\t\t\t\tid=\"slider-19-slide-46-layer-4\" \n\t\t\t\t\t\t\t\tclass=\"tp-shape tp-shapewrapper\"\n\t\t\t\t\t\t\t\tdata-type=\"shape\"\n\t\t\t\t\t\t\t\tdata-rsp_ch=\"on\"\n\t\t\t\t\t\t\t\tdata-xy=\"x:c;xo:-185px,-185px,-185px,-186px;y:m;yo:310px,310px,310px,453px;\"\n\t\t\t\t\t\t\t\tdata-text=\"w:normal;fw:700;\"\n\t\t\t\t\t\t\t\tdata-dim=\"w:3000px;h:1909.99px,1909px,1909px,1909px;\"\n\t\t\t\t\t\t\t\tdata-frame_1=\"e:power2.inOut;\"\n\t\t\t\t\t\t\t\tdata-frame_999=\"o:0;e:nothing;st:w;sR:8700;\"\n\t\t\t\t\t\t\t\tstyle=\"z-index:8;background-color:rgba(0,0,0,0.15);background:linear-gradient(to bottom, rgba(28,28,28,0.8) 0%,rgba(28,28,28,0) 35%,rgba(28,28,28,0) 45%,rgba(28,28,28,0.7) 100%);\"\n\t\t\t\t\t\t\t> \n\t\t\t\t\t\t\t<\/rs-layer><!--\n-->\t\t\t\t\t\t<\/rs-slide>\n\t\t\t\t\t<\/rs-slides>\n\t\t\t\t<\/rs-module>\n\t\t\t\t<script type=\"text\/javascript\">\n\t\t\t\t\tsetREVStartSize({c: 'rev_slider_19_1',rl:[1240,1024,778,480],el:[867.995,768,960,720],gw:[1240,1024,778,480],gh:[868,768,960,720],type:'standard',justify:'',layout:'fullwidth',mh:\"0\"});if (window.RS_MODULES!==undefined && window.RS_MODULES.modules!==undefined && window.RS_MODULES.modules[\"revslider191\"]!==undefined) {window.RS_MODULES.modules[\"revslider191\"].once = false;window.revapi19 = undefined;if (window.RS_MODULES.checkMinimal!==undefined) window.RS_MODULES.checkMinimal()}\n\t\t\t\t<\/script>\n\t\t\t<\/rs-module-wrap>\n\t\t\t<!-- END REVOLUTION SLIDER -->\n<\/div><\/div><\/div><\/div><div class=\"vc_row-full-width vc_clearfix\"><\/div><div class=\"vc_row wpb_row vc_row-fluid\"><div class=\"wpb_column vc_column_container vc_col-sm-12\"><div class=\"vc_column-inner\"><div class=\"wpb_wrapper\"><div style=\"background-color:;height: 40px\" class=\"nicdark_section  \"><\/div> <h6 style=\"color:#878787;padding:px;text-align:center;font-size:20px;line-height:20px;letter-spacing: px;font-weight:lighter\" class=\"   nd_options_second_font \">VALAIS, SUISSE<\/h6> <div style=\"background-color:;height: 20px\" class=\"nicdark_section  \"><\/div>\n    <div class=\"nd_options_section nd_options_line_height_0  nd_options_text_align_center \">\n        <span style=\"height:1px;width:30px;background-color:#878787\" class=\"nd_options_display_inline_block\"><\/span>\n    <\/div>\n   <div style=\"background-color:;height: 30px\" class=\"nicdark_section  \"><\/div> <h1 style=\"color:#1c1c1c;padding:px;text-align:center;font-size:55px;line-height:px;letter-spacing: px;font-weight:normal\" class=\"  nd_options_font_size_40_important_all_iphone nd_options_line_height_40_important_all_iphone nd_options_first_font \">Champ\u00e9ry<\/h1> <div style=\"background-color:;height: 50px\" class=\"nicdark_section  \"><\/div><\/div><\/div><\/div><\/div><div class=\"vc_row wpb_row vc_row-fluid\"><div class=\"wpb_column vc_column_container vc_col-sm-1\"><div class=\"vc_column-inner\"><div class=\"wpb_wrapper\"><\/div><\/div><\/div><div class=\"wpb_column vc_column_container vc_col-sm-10\"><div class=\"vc_column-inner\"><div class=\"wpb_wrapper\"> <p style=\"color:;padding:px;text-align:;font-size:18px;line-height:px;letter-spacing: px;font-weight:lighter\" class=\"   nd_options_second_font \">\u00c0 1'050 m d\u2019altitude dans le Val d\u2019Illiez dans le canton du Valais, Champ\u00e9ry est un village pittoresque de vacances du Chablais situ\u00e9 au pied du gigantesque domaine skiable des \u00ab Portes du Soleil \u00bb.<\/p> <div style=\"background-color:;height: 20px\" class=\"nicdark_section  \"><\/div> <p style=\"color:;padding:px;text-align:;font-size:18px;line-height:px;letter-spacing: px;font-weight:lighter\" class=\"   nd_options_second_font \">Au pied du massif des Dents du Midi et des Dents Blanches avoisinantes, ce village a r\u00e9ussi \u00e0 pr\u00e9server un charme historique unique et est consid\u00e9r\u00e9 comme l\u2019une des destinations touristiques les plus anciennes de Suisse o\u00f9, d\u00e8s la fin du XIX\u00e8me si\u00e8cle, les riches touristes anglais venaient se reposer.<\/p> <div style=\"background-color:;height: 20px\" class=\"nicdark_section  \"><\/div> <p style=\"color:;padding:px;text-align:;font-size:18px;line-height:px;letter-spacing: px;font-weight:lighter\" class=\"   nd_options_second_font \">Les r\u00e9sidants locaux, les sportifs et les touristes venus d\u2019ailleurs sont toujours s\u00e9duits par le charme et l\u2019authenticit\u00e9 de la rue pittoresque principale du village, avec ses nombreux chalets traditionnels aux balcons en bois sculpt\u00e9 et la forme typique de ses toits, de ses petites boutiques, de ses bars et restaurants.<\/p> <div style=\"background-color:;height: 20px\" class=\"nicdark_section  \"><\/div><\/div><\/div><\/div><div class=\"wpb_column vc_column_container vc_col-sm-1\"><div class=\"vc_column-inner\"><div class=\"wpb_wrapper\"><\/div><\/div><\/div><\/div><div class=\"vc_row wpb_row vc_row-fluid vc_custom_1492510780167\"><div class=\"wpb_column vc_column_container vc_col-sm-4\"><div class=\"vc_column-inner\"><div class=\"wpb_wrapper\"><div style=\"background-color:;height: 10px\" class=\"nicdark_section  \"><\/div>\n\n  <!--START team-->\n  <div class=\" nd_options_team_component_l5 nd_options_section nd_options_box_sizing_border_box  \">    \n    <div class=\"nd_options_section nd_options_position_relative\">\n\n      <img decoding=\"async\" alt=\"\" class=\"nd_options_section\" src=\"https:\/\/nouvellealpina.ch\/wp-content\/uploads\/2022\/05\/newAlpina_04.jpeg\">\n\n      <div class=\"nd_options_bg_greydark_alpha_gradient_3 nd_options_position_absolute nd_options_left_0 nd_options_height_100_percentage nd_options_width_100_percentage nd_options_box_sizing_border_box\">\n        <div class=\"nd_options_position_absolute nd_options_bottom_30 nd_options_width_100_percentage nd_options_padding_botttom_0 nd_options_padding_50 nd_options_box_sizing_border_box nd_options_text_align_center\">\n          <h3 class=\"nd_options_color_white\"><\/h3>\n          <div class=\"nd_options_section nd_options_height_10\"><\/div>\n          <h6 class=\"nd_options_color_white\"><strong><\/strong><\/h6>\n        <\/div>\n      <\/div>\n\n    <\/div>\n  <\/div>\n  <!--END team-->\n<div style=\"background-color:;height: 10px\" class=\"nicdark_section  \"><\/div><\/div><\/div><\/div><div class=\"wpb_column vc_column_container vc_col-sm-4\"><div class=\"vc_column-inner\"><div class=\"wpb_wrapper\"><div style=\"background-color:;height: 10px\" class=\"nicdark_section  \"><\/div>\n\n  <!--START team-->\n  <div class=\" nd_options_team_component_l5 nd_options_section nd_options_box_sizing_border_box  \">    \n    <div class=\"nd_options_section nd_options_position_relative\">\n\n      <img decoding=\"async\" alt=\"\" class=\"nd_options_section\" src=\"https:\/\/nouvellealpina.ch\/wp-content\/uploads\/2022\/05\/newAlpina_05.jpeg\">\n\n      <div class=\"nd_options_bg_greydark_alpha_gradient_3 nd_options_position_absolute nd_options_left_0 nd_options_height_100_percentage nd_options_width_100_percentage nd_options_box_sizing_border_box\">\n        <div class=\"nd_options_position_absolute nd_options_bottom_30 nd_options_width_100_percentage nd_options_padding_botttom_0 nd_options_padding_50 nd_options_box_sizing_border_box nd_options_text_align_center\">\n          <h3 class=\"nd_options_color_white\"><\/h3>\n          <div class=\"nd_options_section nd_options_height_10\"><\/div>\n          <h6 class=\"nd_options_color_white\"><strong><\/strong><\/h6>\n        <\/div>\n      <\/div>\n\n    <\/div>\n  <\/div>\n  <!--END team-->\n<div style=\"background-color:;height: 10px\" class=\"nicdark_section  \"><\/div><\/div><\/div><\/div><div class=\"wpb_column vc_column_container vc_col-sm-4\"><div class=\"vc_column-inner\"><div class=\"wpb_wrapper\"><div style=\"background-color:;height: 10px\" class=\"nicdark_section  \"><\/div>\n\n  <!--START team-->\n  <div class=\" nd_options_team_component_l5 nd_options_section nd_options_box_sizing_border_box  \">    \n    <div class=\"nd_options_section nd_options_position_relative\">\n\n      <img decoding=\"async\" alt=\"\" class=\"nd_options_section\" src=\"https:\/\/nouvellealpina.ch\/wp-content\/uploads\/2022\/05\/newAlpina_17.jpeg\">\n\n      <div class=\"nd_options_bg_greydark_alpha_gradient_3 nd_options_position_absolute nd_options_left_0 nd_options_height_100_percentage nd_options_width_100_percentage nd_options_box_sizing_border_box\">\n        <div class=\"nd_options_position_absolute nd_options_bottom_30 nd_options_width_100_percentage nd_options_padding_botttom_0 nd_options_padding_50 nd_options_box_sizing_border_box nd_options_text_align_center\">\n          <h3 class=\"nd_options_color_white\"><\/h3>\n          <div class=\"nd_options_section nd_options_height_10\"><\/div>\n          <h6 class=\"nd_options_color_white\"><strong><\/strong><\/h6>\n        <\/div>\n      <\/div>\n\n    <\/div>\n  <\/div>\n  <!--END team-->\n<div style=\"background-color:;height: 10px\" class=\"nicdark_section  \"><\/div><\/div><\/div><\/div><\/div><div class=\"vc_row wpb_row vc_row-fluid\"><div class=\"wpb_column vc_column_container vc_col-sm-12\"><div class=\"vc_column-inner\"><div class=\"wpb_wrapper\"><div style=\"background-color:;height: 50px\" class=\"nicdark_section  \"><\/div> <h2 style=\"color:#1c1c1c;padding:px;text-align:center;font-size:25px;line-height:45px;letter-spacing: px;font-weight:normal\" class=\"  nd_options_text_align_center_responsive_important nd_options_first_font \">Un village pittoresque et authentique du Chablais, situ\u00e9 dans le canton du Valais en Suisse<\/h2> <div style=\"background-color:;height: 5px\" class=\"nicdark_section  \"><\/div><\/div><\/div><\/div><\/div><div data-vc-full-width=\"true\" data-vc-full-width-init=\"false\" class=\"vc_row wpb_row vc_row-fluid nd_options_vc_parallax_filter_2_2 vc_custom_1655688478934 vc_row-has-fill\"><div class=\"wpb_column vc_column_container vc_col-sm-8\"><div class=\"vc_column-inner\"><div class=\"wpb_wrapper\">\n\n\n    <div class=\"nd_options_section nd_options_position_relative \">\n        <img decoding=\"async\" alt=\"\" class=\"nd_options_position_absolute nd_options_left_0\" width=\"55\" src=\"\">\n        <div class=\"nd_options_section nd_options_padding_left_80 nd_options_box_sizing_border_box\">\n            <h1 class=\"nd_options_font_size_40 nd_options_line_height_50\" style=\"color:#ffffff\"><strong><\/strong><\/h1>\n        <\/div>\n    <\/div>\n\n\n  <div style=\"background-color:;height: 350px\" class=\"nicdark_section  \"><\/div><\/div><\/div><\/div><div class=\"wpb_column vc_column_container vc_col-sm-4\"><div class=\"vc_column-inner\"><div class=\"wpb_wrapper\"><\/div><\/div><\/div><\/div><div class=\"vc_row-full-width vc_clearfix\"><\/div><div class=\"vc_row wpb_row vc_row-fluid\"><div class=\"wpb_column vc_column_container vc_col-sm-12\"><div class=\"vc_column-inner\"><div class=\"wpb_wrapper\"><div style=\"background-color:;height: 50px\" class=\"nicdark_section  \"><\/div> <h2 style=\"color:#1c1c1c;padding:px;text-align:center;font-size:25px;line-height:45px;letter-spacing: px;font-weight:normal\" class=\"  nd_options_text_align_center_responsive_important nd_options_first_font \">Le village dispose de nombreux \u00e9tablissements appr\u00e9ci\u00e9s pour se restaurer et sortir.<\/h2> <div style=\"background-color:;height: 5px\" class=\"nicdark_section  \"><\/div><\/div><\/div><\/div><\/div><div class=\"vc_row wpb_row vc_row-fluid vc_custom_1492511016596\"><div class=\"nd_options_text_align_center wpb_column vc_column_container vc_col-sm-12\"><div class=\"vc_column-inner\"><div class=\"wpb_wrapper\">\n\t<div class=\"nd_options_section nd_options_text_align_center\">\n\t<a style=\"border: px solid;border-radius:2px;letter-spacing:2px;line-height:13px;font-size:13px;background-color:#c19b76;padding:15px 35px;margin:;color:#ffffff\" rel=\"\" href=\"https:\/\/nouvellealpina.ch\/les-bonnes-adresses\/\" class=\"nicdark_display_inline_block  nd_options_font_weight_normal nd_options_second_font  \">EN SAVOIR PLUS<\/a>\n\t<\/div>\n<div style=\"background-color:;height: 30px\" class=\"nicdark_section  \"><\/div><\/div><\/div><\/div><\/div><div data-vc-full-width=\"true\" data-vc-full-width-init=\"false\" class=\"vc_row wpb_row vc_row-fluid vc_custom_1655689279222 vc_row-has-fill\"><div class=\"wpb_column vc_column_container vc_col-sm-12\"><div class=\"vc_column-inner\"><div class=\"wpb_wrapper\"> <h3 style=\"color:#ffffff;padding:px;text-align:center;font-size:13px;line-height:13px;letter-spacing: 2px;font-weight:lighter\" class=\"   nd_options_second_font \">CONTACTEZ-NOUS<\/h3> <div style=\"background-color:;height: 10px\" class=\"nicdark_section  \"><\/div> <h1 style=\"color:#ffffff;padding:px;text-align:center;font-size:30px;line-height:35px;letter-spacing: px;font-weight:normal\" class=\"   nd_options_first_font \">N'h\u00e9sitez pas \u00e0 nous contacter pour toute question ou info suppl\u00e9mentaire.<\/h1> <\/div><\/div><\/div><\/div><div class=\"vc_row-full-width vc_clearfix\"><\/div>\n<\/div>","protected":false},"excerpt":{"rendered":"VALAIS, SUISSE Champ\u00e9ry \u00c0 1'050 m d\u2019altitude dans le Val d\u2019Illiez dans le canton du Valais, Champ\u00e9ry est un village pittoresque de vacances du Chablais situ\u00e9 au pied du gigantesque domaine skiable des \u00ab Portes du Soleil \u00bb. Au pied du massif des Dents du Midi et des Dents Blanches avoisinantes, ce village a r\u00e9ussi [...]","protected":false},"author":1,"featured_media":0,"parent":0,"menu_order":0,"comment_status":"closed","ping_status":"closed","template":"","meta":{"_monsterinsights_skip_tracking":false,"_monsterinsights_sitenote_active":false,"_monsterinsights_sitenote_note":"","_monsterinsights_sitenote_category":0,"footnotes":""},"class_list":["post-433","page","type-page","status-publish","hentry"],"yoast_head":"<!-- This site is optimized with the Yoast SEO Premium plugin v21.6 (Yoast SEO v27.4) - https:\/\/yoast.com\/product\/yoast-seo-premium-wordpress\/ -->\n<title>Le Village - Chalet La Nouvelle Alpina - \u00c0 louer - Champ\u00e9ry - Valais<\/title>\n<meta name=\"description\" content=\"\u00c0 1&#039;050 m d\u2019altitude dans le Val d\u2019Illiez dans le canton du Valais, Champ\u00e9ry est un village pittoresque de vacances du Chablais situ\u00e9 au pied du gigantesque domaine skiable des \u00ab Portes du Soleil \u00bb.\" \/>\n<meta name=\"robots\" content=\"index, follow, max-snippet:-1, max-image-preview:large, max-video-preview:-1\" \/>\n<link rel=\"canonical\" href=\"https:\/\/nouvellealpina.ch\/de\/champery\/\" \/>\n<meta property=\"og:locale\" content=\"de_DE\" \/>\n<meta property=\"og:type\" content=\"article\" \/>\n<meta property=\"og:title\" content=\"Champ\u00e9ry Village\" \/>\n<meta property=\"og:description\" content=\"\u00c0 1&#039;050 m d\u2019altitude dans le Val d\u2019Illiez dans le canton du Valais, Champ\u00e9ry est un village pittoresque de vacances du Chablais situ\u00e9 au pied du gigantesque domaine skiable des \u00ab Portes du Soleil \u00bb.\" \/>\n<meta property=\"og:url\" content=\"https:\/\/nouvellealpina.ch\/de\/champery\/\" \/>\n<meta property=\"og:site_name\" content=\"La Nouvelle Alpina\" \/>\n<meta property=\"article:publisher\" content=\"https:\/\/www.facebook.com\/nouvellealpina\" \/>\n<meta property=\"article:modified_time\" content=\"2022-06-26T04:51:14+00:00\" \/>\n<meta name=\"twitter:card\" content=\"summary_large_image\" \/>\n<meta name=\"twitter:label1\" content=\"Gesch\u00e4tzte Lesezeit\" \/>\n\t<meta name=\"twitter:data1\" content=\"5\u00a0Minuten\" \/>\n<script type=\"application\/ld+json\" class=\"yoast-schema-graph\">{\"@context\":\"https:\\\/\\\/schema.org\",\"@graph\":[{\"@type\":\"WebPage\",\"@id\":\"https:\\\/\\\/nouvellealpina.ch\\\/champery\\\/\",\"url\":\"https:\\\/\\\/nouvellealpina.ch\\\/champery\\\/\",\"name\":\"Le Village - Chalet La Nouvelle Alpina - \u00c0 louer - Champ\u00e9ry - Valais\",\"isPartOf\":{\"@id\":\"https:\\\/\\\/nouvellealpina.ch\\\/#website\"},\"datePublished\":\"2017-07-19T08:57:14+00:00\",\"dateModified\":\"2022-06-26T04:51:14+00:00\",\"description\":\"\u00c0 1'050 m d\u2019altitude dans le Val d\u2019Illiez dans le canton du Valais, Champ\u00e9ry est un village pittoresque de vacances du Chablais situ\u00e9 au pied du gigantesque domaine skiable des \u00ab Portes du Soleil \u00bb.\",\"breadcrumb\":{\"@id\":\"https:\\\/\\\/nouvellealpina.ch\\\/champery\\\/#breadcrumb\"},\"inLanguage\":\"de-CH\",\"potentialAction\":[{\"@type\":\"ReadAction\",\"target\":[\"https:\\\/\\\/nouvellealpina.ch\\\/champery\\\/\"]}]},{\"@type\":\"BreadcrumbList\",\"@id\":\"https:\\\/\\\/nouvellealpina.ch\\\/champery\\\/#breadcrumb\",\"itemListElement\":[{\"@type\":\"ListItem\",\"position\":1,\"name\":\"Accueil\",\"item\":\"https:\\\/\\\/nouvellealpina.ch\\\/\"},{\"@type\":\"ListItem\",\"position\":2,\"name\":\"Champ\u00e9ry Village\"}]},{\"@type\":\"WebSite\",\"@id\":\"https:\\\/\\\/nouvellealpina.ch\\\/#website\",\"url\":\"https:\\\/\\\/nouvellealpina.ch\\\/\",\"name\":\"La Nouvelle Alpina\",\"description\":\"Auberge Chalet pour groupes \u00e0 louer \u00e0 Champ\u00e9ry\",\"publisher\":{\"@id\":\"https:\\\/\\\/nouvellealpina.ch\\\/#organization\"},\"potentialAction\":[{\"@type\":\"SearchAction\",\"target\":{\"@type\":\"EntryPoint\",\"urlTemplate\":\"https:\\\/\\\/nouvellealpina.ch\\\/?s={search_term_string}\"},\"query-input\":{\"@type\":\"PropertyValueSpecification\",\"valueRequired\":true,\"valueName\":\"search_term_string\"}}],\"inLanguage\":\"de-CH\"},{\"@type\":\"Organization\",\"@id\":\"https:\\\/\\\/nouvellealpina.ch\\\/#organization\",\"name\":\"La Nouvelle Alpina\",\"url\":\"https:\\\/\\\/nouvellealpina.ch\\\/\",\"logo\":{\"@type\":\"ImageObject\",\"inLanguage\":\"de-CH\",\"@id\":\"https:\\\/\\\/nouvellealpina.ch\\\/#\\\/schema\\\/logo\\\/image\\\/\",\"url\":\"https:\\\/\\\/nouvellealpina.ch\\\/wp-content\\\/uploads\\\/2022\\\/05\\\/Logo-Nouvelle-Alpina.png\",\"contentUrl\":\"https:\\\/\\\/nouvellealpina.ch\\\/wp-content\\\/uploads\\\/2022\\\/05\\\/Logo-Nouvelle-Alpina.png\",\"width\":740,\"height\":198,\"caption\":\"La Nouvelle Alpina\"},\"image\":{\"@id\":\"https:\\\/\\\/nouvellealpina.ch\\\/#\\\/schema\\\/logo\\\/image\\\/\"},\"sameAs\":[\"https:\\\/\\\/www.facebook.com\\\/nouvellealpina\",\"https:\\\/\\\/www.instagram.com\\\/nouvellealpina\\\/\"]}]}<\/script>\n<!-- \/ Yoast SEO Premium plugin. -->","yoast_head_json":{"title":"Le Village - Chalet La Nouvelle Alpina - \u00c0 louer - Champ\u00e9ry - Valais","description":"Champ\u00e9ry liegt auf 1\u2019050 m H\u00f6he im Val d'Illiez im Kanton Wallis und ist ein malerisches Feriendorf im Chablais am Fusse des riesigen Skigebiets \u00abPortes du Soleil\u00bb.","robots":{"index":"index","follow":"follow","max-snippet":"max-snippet:-1","max-image-preview":"max-image-preview:large","max-video-preview":"max-video-preview:-1"},"canonical":"https:\/\/nouvellealpina.ch\/de\/champery\/","og_locale":"de_DE","og_type":"article","og_title":"Champ\u00e9ry Village","og_description":"\u00c0 1'050 m d\u2019altitude dans le Val d\u2019Illiez dans le canton du Valais, Champ\u00e9ry est un village pittoresque de vacances du Chablais situ\u00e9 au pied du gigantesque domaine skiable des \u00ab Portes du Soleil \u00bb.","og_url":"https:\/\/nouvellealpina.ch\/de\/champery\/","og_site_name":"La Nouvelle Alpina","article_publisher":"https:\/\/www.facebook.com\/nouvellealpina","article_modified_time":"2022-06-26T04:51:14+00:00","twitter_card":"summary_large_image","twitter_misc":{"Gesch\u00e4tzte Lesezeit":"5\u00a0Minuten"},"schema":{"@context":"https:\/\/schema.org","@graph":[{"@type":"WebPage","@id":"https:\/\/nouvellealpina.ch\/champery\/","url":"https:\/\/nouvellealpina.ch\/champery\/","name":"Le Village - Chalet La Nouvelle Alpina - \u00c0 louer - Champ\u00e9ry - Valais","isPartOf":{"@id":"https:\/\/nouvellealpina.ch\/#website"},"datePublished":"2017-07-19T08:57:14+00:00","dateModified":"2022-06-26T04:51:14+00:00","description":"Champ\u00e9ry liegt auf 1\u2019050 m H\u00f6he im Val d'Illiez im Kanton Wallis und ist ein malerisches Feriendorf im Chablais am Fusse des riesigen Skigebiets \u00abPortes du Soleil\u00bb.","breadcrumb":{"@id":"https:\/\/nouvellealpina.ch\/champery\/#breadcrumb"},"inLanguage":"de-CH","potentialAction":[{"@type":"ReadAction","target":["https:\/\/nouvellealpina.ch\/champery\/"]}]},{"@type":"BreadcrumbList","@id":"https:\/\/nouvellealpina.ch\/champery\/#breadcrumb","itemListElement":[{"@type":"ListItem","position":1,"name":"Accueil","item":"https:\/\/nouvellealpina.ch\/"},{"@type":"ListItem","position":2,"name":"Champ\u00e9ry Village"}]},{"@type":"WebSite","@id":"https:\/\/nouvellealpina.ch\/#website","url":"https:\/\/nouvellealpina.ch\/","name":"Nouvelle Alpina","description":"Auberge Chalet pour groupes \u00e0 louer \u00e0 Champ\u00e9ry","publisher":{"@id":"https:\/\/nouvellealpina.ch\/#organization"},"potentialAction":[{"@type":"SearchAction","target":{"@type":"EntryPoint","urlTemplate":"https:\/\/nouvellealpina.ch\/?s={search_term_string}"},"query-input":{"@type":"PropertyValueSpecification","valueRequired":true,"valueName":"search_term_string"}}],"inLanguage":"de-CH"},{"@type":"Organization","@id":"https:\/\/nouvellealpina.ch\/#organization","name":"Nouvelle Alpina","url":"https:\/\/nouvellealpina.ch\/","logo":{"@type":"ImageObject","inLanguage":"de-CH","@id":"https:\/\/nouvellealpina.ch\/#\/schema\/logo\/image\/","url":"https:\/\/nouvellealpina.ch\/wp-content\/uploads\/2022\/05\/Logo-Nouvelle-Alpina.png","contentUrl":"https:\/\/nouvellealpina.ch\/wp-content\/uploads\/2022\/05\/Logo-Nouvelle-Alpina.png","width":740,"height":198,"caption":"La Nouvelle Alpina"},"image":{"@id":"https:\/\/nouvellealpina.ch\/#\/schema\/logo\/image\/"},"sameAs":["https:\/\/www.facebook.com\/nouvellealpina","https:\/\/www.instagram.com\/nouvellealpina\/"]}]}},"_links":{"self":[{"href":"https:\/\/nouvellealpina.ch\/de\/wp-json\/wp\/v2\/pages\/433","targetHints":{"allow":["GET"]}}],"collection":[{"href":"https:\/\/nouvellealpina.ch\/de\/wp-json\/wp\/v2\/pages"}],"about":[{"href":"https:\/\/nouvellealpina.ch\/de\/wp-json\/wp\/v2\/types\/page"}],"author":[{"embeddable":true,"href":"https:\/\/nouvellealpina.ch\/de\/wp-json\/wp\/v2\/users\/1"}],"replies":[{"embeddable":true,"href":"https:\/\/nouvellealpina.ch\/de\/wp-json\/wp\/v2\/comments?post=433"}],"version-history":[{"count":50,"href":"https:\/\/nouvellealpina.ch\/de\/wp-json\/wp\/v2\/pages\/433\/revisions"}],"predecessor-version":[{"id":3915,"href":"https:\/\/nouvellealpina.ch\/de\/wp-json\/wp\/v2\/pages\/433\/revisions\/3915"}],"wp:attachment":[{"href":"https:\/\/nouvellealpina.ch\/de\/wp-json\/wp\/v2\/media?parent=433"}],"curies":[{"name":"wp","href":"https:\/\/api.w.org\/{rel}","templated":true}]}}