{"id":3,"date":"2022-04-27T23:39:09","date_gmt":"2022-04-27T23:39:09","guid":{"rendered":"https:\/\/dijisoft.net\/wordpress\/nouvellealpina\/?page_id=3"},"modified":"2022-06-12T22:25:57","modified_gmt":"2022-06-12T22:25:57","slug":"politique-de-confidentialite","status":"publish","type":"page","link":"https:\/\/nouvellealpina.ch\/de\/politique-de-confidentialite\/","title":{"rendered":"Datenschutzrichtlinie"},"content":{"rendered":"<p><\/br><\/p>\n<h4>Datenschutzrichtlinie<\/h4>\n<p>Nouvelle Alpina (\u00abwir\u00bb, \u00abunser\u00bb oder \u00abunsere\u00bb) betreibt die Website nouvellealpina.ch (\u00abDienst\u00bb).<\/p>\n<p>Diese Seite informiert Sie \u00fcber unsere Richtlinien bez\u00fcglich der Erfassung, Nutzung und Offenlegung von Personendaten, wenn Sie unseren Dienst nutzen.<\/p>\n<p>Wir werden Ihre Personendaten nicht verwenden oder mit jemandem teilen, ausser in den in dieser Datenschutzrichtlinie beschriebenen F\u00e4llen.<\/p>\n<p>Wir verwenden Ihre Personendaten, um den Dienst bereitzustellen und zu verbessern. Durch die Nutzung des Dienstes erkl\u00e4ren Sie sich mit der Erfassung und Nutzung Ihrer Personendaten gem\u00e4ss dieser Richtlinie einverstanden. Sofern in dieser Datenschutzrichtlinie nicht anders definiert, haben die hier verwendeten Begriffe dieselbe Bedeutung wie in unseren Allgemeinen Nutzungsbedingungen, die unter https:\/\/nouvellealpina.ch\/fr\/conditions-utilisation\/ abrufbar sind.\u00a0<a title=\"https:\/\/panel.realberg.ch\/fr\/conditions-utilisation\/\" href=\"https:\/\/nouvellealpina.ch\/fr\/conditions-utilisation\/\">https:\/\/nouvellealpina.ch\/fr\/conditions-utilisation\/<\/a><br \/>\n<\/br><\/p>\n<h4>Erfassung und Verwendung von Personendaten<\/h4>\n<p>Wenn Sie unseren Dienst nutzen, k\u00f6nnen wir Sie bitten, uns bestimmte identifizierbare Personendaten zur Verf\u00fcgung zu stellen, die verwendet werden k\u00f6nnen, um Sie zu kontaktieren oder zu identifizieren. Pers\u00f6nlich identifizierbare Informationen (\u00abPersonendaten\u00bb) k\u00f6nnen Folgendes umfassen, sind aber nicht darauf beschr\u00e4nkt: Nachname und Vorname, E-Mail-Adresse, Telefonnummer.<br \/>\n<\/br><\/p>\n<h4>Erfasste Daten<\/h4>\n<p>Wir erfassen Personendaten, die Ihr Browser jedes Mal sendet, wenn Sie unseren Dienst besuchen (\u00abErfasste Daten\u00bb). Diese Daten k\u00f6nnen Informationen wie die IP-Adresse Ihres Computers, den Browsertyp, die Browserversion, die Seiten unseres Dienstes, die Sie besuchen, die Uhrzeit und das Datum Ihres Zugriffs, die auf diesen Seiten verbrachte Zeit und andere Statistiken umfassen.<br \/>\n<\/br><\/p>\n<h4>Cookies<\/h4>\n<p>Cookies sind Dateien, die eine kleine Menge an Daten enthalten, die eine anonyme eindeutige Kennung enthalten k\u00f6nnen. Cookies werden von einer Website an Ihren Browser gesendet und auf der Festplatte Ihres Computers gespeichert.<\/p>\n<p>Wir verwenden \u00abCookies\u00bb, um Informationen zu sammeln. Sie k\u00f6nnen Ihren Browser anweisen, alle Cookies abzulehnen oder anzugeben, wann ein Cookie gesendet wird. Wenn Sie keine Cookies akzeptieren, kann es jedoch sein, dass Sie bestimmte Teile unseres Dienstes nicht nutzen k\u00f6nnen.<br \/>\n<\/br><\/p>\n<h4>Dienstleister<\/h4>\n<p>Wir k\u00f6nnen Drittunternehmen und Einzelpersonen besch\u00e4ftigen, um unseren Dienst zu erleichtern, den Dienst in unserem Namen zu erbringen, Dienstleistungen im Zusammenhang mit dem Dienst auszuf\u00fchren oder uns dabei zu helfen, zu analysieren, wie unser Dienst genutzt wird.<\/p>\n<p>Diese Dritten haben nur Zugang zu Ihren Personendaten, um diese Aufgaben in unserem Auftrag auszuf\u00fchren, und sind verpflichtet, sie nicht weiterzugeben oder f\u00fcr andere Zwecke zu verwenden.<br \/>\n<\/br><\/p>\n<h4>Sicherheit<\/h4>\n<p>Die Sicherheit Ihrer Personendaten ist uns wichtig, aber bedenken Sie, dass keine Methode der Internet\u00fcbertragung oder der elektronischen Speicherung zu 100 % sicher ist. Obwohl wir uns bem\u00fchen, wirtschaftlich vertretbare Mittel zum Schutz Ihrer pers\u00f6nlichen Daten einzusetzen, k\u00f6nnen wir deren absolute Sicherheit nicht garantieren.<br \/>\n<\/br><\/p>\n<h4>Links zu anderen Seiten<\/h4>\n<p>Unser Dienst kann Links zu anderen Websites enthalten, die nicht von uns betrieben werden. Wenn Sie auf einen Link eines Dritten klicken, werden Sie auf die Website dieses Dritten weitergeleitet. Wir empfehlen Ihnen dringend, die Datenschutzrichtlinien jeder von Ihnen besuchten Seite zu pr\u00fcfen.<\/p>\n<p>Wir haben keine Kontrolle \u00fcber und \u00fcbernehmen keine Verantwortung f\u00fcr den Inhalt, die Datenschutzrichtlinien oder die Praktiken von Websites oder Diensten Dritter.<br \/>\n<\/br><\/p>\n<h4>Privatsph\u00e4re von Kindern<\/h4>\n<p>Unser Dienst richtet sich nicht an Personen unter 18 Jahren (\u00abKinder\u00bb).<\/p>\n<p>Wir erfassen nicht wissentlich pers\u00f6nlich identifizierbare Informationen von Kindern unter 18 Jahren. Wenn Sie ein Elternteil oder Vormund sind und wissen, dass Ihr Kind uns Personendaten zur Verf\u00fcgung gestellt hat, setzen Sie sich bitte mit uns in Verbindung. Wenn wir feststellen, dass ein Kind unter 18 Jahren uns Personendaten zur Verf\u00fcgung gestellt hat, werden wir diese Personendaten unverz\u00fcglich von unseren Servern l\u00f6schen.<br \/>\n<\/br><\/p>\n<h4>\u00c4nderungen an dieser Datenschutzrichtlinie<\/h4>\n<p>Wir k\u00f6nnen unsere Datenschutzrichtlinie von Zeit zu Zeit aktualisieren. Wir werden Sie \u00fcber alle \u00c4nderungen informieren, indem wir die neue Datenschutzrichtlinie auf dieser Seite ver\u00f6ffentlichen.<\/p>\n<p>Wir empfehlen Ihnen, diese Datenschutzrichtlinie regelm\u00e4ssig zu \u00fcberpr\u00fcfen, um sich \u00fcber m\u00f6gliche \u00c4nderungen zu informieren. \u00c4nderungen an dieser Datenschutzrichtlinie treten in Kraft, sobald sie auf dieser Seite ver\u00f6ffentlicht werden.<br \/>\n<\/br><\/p>\n<h4>Kontaktieren Sie uns<\/h4>\n<p>Wenn Sie Fragen zu dieser Datenschutzrichtlinie haben, wenden Sie sich bitte an uns.<\/p>","protected":false},"excerpt":{"rendered":"<p>Politique de confidentialit\u00e9 La Nouvelle Alpina (\u00ab\u00a0nous\u00a0\u00bb, \u00ab\u00a0notre\u00a0\u00bb ou \u00ab\u00a0nos\u00a0\u00bb) exploite le site web nouvellealpina.ch (le \u00ab\u00a0Service\u00a0\u00bb). Cette page vous informe de nos politiques concernant la collecte, l&rsquo;utilisation et la divulgation des informations personnelles lorsque vous utilisez notre Service. Nous n&rsquo;utiliserons ni ne partagerons vos informations avec quiconque, sauf dans les cas d\u00e9crits dans la [&hellip;]<\/p>\n","protected":false},"author":1,"featured_media":0,"parent":0,"menu_order":0,"comment_status":"closed","ping_status":"open","template":"","meta":{"_monsterinsights_skip_tracking":false,"_monsterinsights_sitenote_active":false,"_monsterinsights_sitenote_note":"","_monsterinsights_sitenote_category":0,"footnotes":""},"class_list":["post-3","page","type-page","status-publish","hentry"],"yoast_head":"<!-- This site is optimized with the Yoast SEO Premium plugin v21.6 (Yoast SEO v27.4) - https:\/\/yoast.com\/product\/yoast-seo-premium-wordpress\/ -->\n<title>Politique de confidentialit\u00e9 - La Nouvelle Alpina<\/title>\n<meta name=\"robots\" content=\"index, follow, max-snippet:-1, max-image-preview:large, max-video-preview:-1\" \/>\n<link rel=\"canonical\" href=\"https:\/\/nouvellealpina.ch\/de\/politique-de-confidentialite\/\" \/>\n<meta property=\"og:locale\" content=\"de_DE\" \/>\n<meta property=\"og:type\" content=\"article\" \/>\n<meta property=\"og:title\" content=\"Politique de confidentialit\u00e9\" \/>\n<meta property=\"og:description\" content=\"Politique de confidentialit\u00e9 La Nouvelle Alpina (\u00ab\u00a0nous\u00a0\u00bb, \u00ab\u00a0notre\u00a0\u00bb ou \u00ab\u00a0nos\u00a0\u00bb) exploite le site web nouvellealpina.ch (le \u00ab\u00a0Service\u00a0\u00bb). Cette page vous informe de nos politiques concernant la collecte, l&rsquo;utilisation et la divulgation des informations personnelles lorsque vous utilisez notre Service. Nous n&rsquo;utiliserons ni ne partagerons vos informations avec quiconque, sauf dans les cas d\u00e9crits dans la [&hellip;]\" \/>\n<meta property=\"og:url\" content=\"https:\/\/nouvellealpina.ch\/de\/politique-de-confidentialite\/\" \/>\n<meta property=\"og:site_name\" content=\"La Nouvelle Alpina\" \/>\n<meta property=\"article:publisher\" content=\"https:\/\/www.facebook.com\/nouvellealpina\" \/>\n<meta property=\"article:modified_time\" content=\"2022-06-12T22:25:57+00:00\" \/>\n<meta name=\"twitter:card\" content=\"summary_large_image\" \/>\n<meta name=\"twitter:label1\" content=\"Gesch\u00e4tzte Lesezeit\" \/>\n\t<meta name=\"twitter:data1\" content=\"4\u00a0Minuten\" \/>\n<script type=\"application\/ld+json\" class=\"yoast-schema-graph\">{\"@context\":\"https:\\\/\\\/schema.org\",\"@graph\":[{\"@type\":\"WebPage\",\"@id\":\"https:\\\/\\\/nouvellealpina.ch\\\/politique-de-confidentialite\\\/\",\"url\":\"https:\\\/\\\/nouvellealpina.ch\\\/politique-de-confidentialite\\\/\",\"name\":\"Politique de confidentialit\u00e9 - La Nouvelle Alpina\",\"isPartOf\":{\"@id\":\"https:\\\/\\\/nouvellealpina.ch\\\/#website\"},\"datePublished\":\"2022-04-27T23:39:09+00:00\",\"dateModified\":\"2022-06-12T22:25:57+00:00\",\"breadcrumb\":{\"@id\":\"https:\\\/\\\/nouvellealpina.ch\\\/politique-de-confidentialite\\\/#breadcrumb\"},\"inLanguage\":\"de-CH\",\"potentialAction\":[{\"@type\":\"ReadAction\",\"target\":[\"https:\\\/\\\/nouvellealpina.ch\\\/politique-de-confidentialite\\\/\"]}]},{\"@type\":\"BreadcrumbList\",\"@id\":\"https:\\\/\\\/nouvellealpina.ch\\\/politique-de-confidentialite\\\/#breadcrumb\",\"itemListElement\":[{\"@type\":\"ListItem\",\"position\":1,\"name\":\"Accueil\",\"item\":\"https:\\\/\\\/nouvellealpina.ch\\\/\"},{\"@type\":\"ListItem\",\"position\":2,\"name\":\"Politique de confidentialit\u00e9\"}]},{\"@type\":\"WebSite\",\"@id\":\"https:\\\/\\\/nouvellealpina.ch\\\/#website\",\"url\":\"https:\\\/\\\/nouvellealpina.ch\\\/\",\"name\":\"La Nouvelle Alpina\",\"description\":\"Auberge Chalet pour groupes \u00e0 louer \u00e0 Champ\u00e9ry\",\"publisher\":{\"@id\":\"https:\\\/\\\/nouvellealpina.ch\\\/#organization\"},\"potentialAction\":[{\"@type\":\"SearchAction\",\"target\":{\"@type\":\"EntryPoint\",\"urlTemplate\":\"https:\\\/\\\/nouvellealpina.ch\\\/?s={search_term_string}\"},\"query-input\":{\"@type\":\"PropertyValueSpecification\",\"valueRequired\":true,\"valueName\":\"search_term_string\"}}],\"inLanguage\":\"de-CH\"},{\"@type\":\"Organization\",\"@id\":\"https:\\\/\\\/nouvellealpina.ch\\\/#organization\",\"name\":\"La Nouvelle Alpina\",\"url\":\"https:\\\/\\\/nouvellealpina.ch\\\/\",\"logo\":{\"@type\":\"ImageObject\",\"inLanguage\":\"de-CH\",\"@id\":\"https:\\\/\\\/nouvellealpina.ch\\\/#\\\/schema\\\/logo\\\/image\\\/\",\"url\":\"https:\\\/\\\/nouvellealpina.ch\\\/wp-content\\\/uploads\\\/2022\\\/05\\\/Logo-Nouvelle-Alpina.png\",\"contentUrl\":\"https:\\\/\\\/nouvellealpina.ch\\\/wp-content\\\/uploads\\\/2022\\\/05\\\/Logo-Nouvelle-Alpina.png\",\"width\":740,\"height\":198,\"caption\":\"La Nouvelle Alpina\"},\"image\":{\"@id\":\"https:\\\/\\\/nouvellealpina.ch\\\/#\\\/schema\\\/logo\\\/image\\\/\"},\"sameAs\":[\"https:\\\/\\\/www.facebook.com\\\/nouvellealpina\",\"https:\\\/\\\/www.instagram.com\\\/nouvellealpina\\\/\"]}]}<\/script>\n<!-- \/ Yoast SEO Premium plugin. -->","yoast_head_json":{"title":"Politique de confidentialit\u00e9 - La Nouvelle Alpina","robots":{"index":"index","follow":"follow","max-snippet":"max-snippet:-1","max-image-preview":"max-image-preview:large","max-video-preview":"max-video-preview:-1"},"canonical":"https:\/\/nouvellealpina.ch\/de\/politique-de-confidentialite\/","og_locale":"de_DE","og_type":"article","og_title":"Politique de confidentialit\u00e9","og_description":"Politique de confidentialit\u00e9 La Nouvelle Alpina (\u00ab\u00a0nous\u00a0\u00bb, \u00ab\u00a0notre\u00a0\u00bb ou \u00ab\u00a0nos\u00a0\u00bb) exploite le site web nouvellealpina.ch (le \u00ab\u00a0Service\u00a0\u00bb). Cette page vous informe de nos politiques concernant la collecte, l&rsquo;utilisation et la divulgation des informations personnelles lorsque vous utilisez notre Service. Nous n&rsquo;utiliserons ni ne partagerons vos informations avec quiconque, sauf dans les cas d\u00e9crits dans la [&hellip;]","og_url":"https:\/\/nouvellealpina.ch\/de\/politique-de-confidentialite\/","og_site_name":"La Nouvelle Alpina","article_publisher":"https:\/\/www.facebook.com\/nouvellealpina","article_modified_time":"2022-06-12T22:25:57+00:00","twitter_card":"summary_large_image","twitter_misc":{"Gesch\u00e4tzte Lesezeit":"4\u00a0Minuten"},"schema":{"@context":"https:\/\/schema.org","@graph":[{"@type":"WebPage","@id":"https:\/\/nouvellealpina.ch\/politique-de-confidentialite\/","url":"https:\/\/nouvellealpina.ch\/politique-de-confidentialite\/","name":"Politique de confidentialit\u00e9 - La Nouvelle Alpina","isPartOf":{"@id":"https:\/\/nouvellealpina.ch\/#website"},"datePublished":"2022-04-27T23:39:09+00:00","dateModified":"2022-06-12T22:25:57+00:00","breadcrumb":{"@id":"https:\/\/nouvellealpina.ch\/politique-de-confidentialite\/#breadcrumb"},"inLanguage":"de-CH","potentialAction":[{"@type":"ReadAction","target":["https:\/\/nouvellealpina.ch\/politique-de-confidentialite\/"]}]},{"@type":"BreadcrumbList","@id":"https:\/\/nouvellealpina.ch\/politique-de-confidentialite\/#breadcrumb","itemListElement":[{"@type":"ListItem","position":1,"name":"Accueil","item":"https:\/\/nouvellealpina.ch\/"},{"@type":"ListItem","position":2,"name":"Politique de confidentialit\u00e9"}]},{"@type":"WebSite","@id":"https:\/\/nouvellealpina.ch\/#website","url":"https:\/\/nouvellealpina.ch\/","name":"Nouvelle Alpina","description":"Auberge Chalet pour groupes \u00e0 louer \u00e0 Champ\u00e9ry","publisher":{"@id":"https:\/\/nouvellealpina.ch\/#organization"},"potentialAction":[{"@type":"SearchAction","target":{"@type":"EntryPoint","urlTemplate":"https:\/\/nouvellealpina.ch\/?s={search_term_string}"},"query-input":{"@type":"PropertyValueSpecification","valueRequired":true,"valueName":"search_term_string"}}],"inLanguage":"de-CH"},{"@type":"Organization","@id":"https:\/\/nouvellealpina.ch\/#organization","name":"Nouvelle Alpina","url":"https:\/\/nouvellealpina.ch\/","logo":{"@type":"ImageObject","inLanguage":"de-CH","@id":"https:\/\/nouvellealpina.ch\/#\/schema\/logo\/image\/","url":"https:\/\/nouvellealpina.ch\/wp-content\/uploads\/2022\/05\/Logo-Nouvelle-Alpina.png","contentUrl":"https:\/\/nouvellealpina.ch\/wp-content\/uploads\/2022\/05\/Logo-Nouvelle-Alpina.png","width":740,"height":198,"caption":"La Nouvelle Alpina"},"image":{"@id":"https:\/\/nouvellealpina.ch\/#\/schema\/logo\/image\/"},"sameAs":["https:\/\/www.facebook.com\/nouvellealpina","https:\/\/www.instagram.com\/nouvellealpina\/"]}]}},"_links":{"self":[{"href":"https:\/\/nouvellealpina.ch\/de\/wp-json\/wp\/v2\/pages\/3","targetHints":{"allow":["GET"]}}],"collection":[{"href":"https:\/\/nouvellealpina.ch\/de\/wp-json\/wp\/v2\/pages"}],"about":[{"href":"https:\/\/nouvellealpina.ch\/de\/wp-json\/wp\/v2\/types\/page"}],"author":[{"embeddable":true,"href":"https:\/\/nouvellealpina.ch\/de\/wp-json\/wp\/v2\/users\/1"}],"replies":[{"embeddable":true,"href":"https:\/\/nouvellealpina.ch\/de\/wp-json\/wp\/v2\/comments?post=3"}],"version-history":[{"count":13,"href":"https:\/\/nouvellealpina.ch\/de\/wp-json\/wp\/v2\/pages\/3\/revisions"}],"predecessor-version":[{"id":2698,"href":"https:\/\/nouvellealpina.ch\/de\/wp-json\/wp\/v2\/pages\/3\/revisions\/2698"}],"wp:attachment":[{"href":"https:\/\/nouvellealpina.ch\/de\/wp-json\/wp\/v2\/media?parent=3"}],"curies":[{"name":"wp","href":"https:\/\/api.w.org\/{rel}","templated":true}]}}