{"id":2946,"date":"2022-06-15T10:17:26","date_gmt":"2022-06-15T10:17:26","guid":{"rendered":"https:\/\/nouvellealpina.com\/?page_id=2946"},"modified":"2023-12-02T21:55:50","modified_gmt":"2023-12-02T21:55:50","slug":"carte-multi-pass","status":"publish","type":"page","link":"https:\/\/nouvellealpina.ch\/de\/carte-multi-pass\/","title":{"rendered":"Carte Multi Pass"},"content":{"rendered":"<div class=\"wpb-content-wrapper\"><div class=\"vc_row wpb_row vc_row-fluid\"><div class=\"wpb_column vc_column_container vc_col-sm-12\"><div class=\"vc_column-inner\"><div class=\"wpb_wrapper\">\n\t\t\t<!-- START Carte Multipass REVOLUTION SLIDER 6.5.7 --><p class=\"rs-p-wp-fix\"><\/p>\n\t\t\t<rs-module-wrap id=\"rev_slider_23_1_wrapper\" data-source=\"gallery\" style=\"visibility:hidden;background:#FFFFFF;padding:0;margin:0px auto;margin-top:0;margin-bottom:0;\">\n\t\t\t\t<rs-module id=\"rev_slider_23_1\" style=\"\" data-version=\"6.5.7\">\n\t\t\t\t\t<rs-slides>\n\t\t\t\t\t\t<rs-slide style=\"position: absolute;\" data-key=\"rs-50\" data-title=\"Slide\" data-in=\"o:0;\" data-out=\"a:false;\">\n\t\t\t\t\t\t\t<img loading=\"lazy\" decoding=\"async\" src=\"\/\/nouvellealpina.ch\/wp-content\/plugins\/revslider\/public\/assets\/assets\/dummy.png\" title=\"d8e3ddf2-5e80-46c6-a1f4-fbf4246b3238\" width=\"1379\" height=\"1892\" class=\"rev-slidebg tp-rs-img rs-lazyload\" data-lazyload=\"\/\/nouvellealpina.ch\/wp-content\/uploads\/2022\/07\/d8e3ddf2-5e80-46c6-a1f4-fbf4246b3238.jpeg\" data-panzoom=\"d:10000;ss:100%;se:105%;os:150px\/0;oe:0\/50px;\" data-no-retina>\n<!--\n\t\t\t\t\t\t\t--><rs-layer\n\t\t\t\t\t\t\t\tid=\"slider-23-slide-50-layer-4\" \n\t\t\t\t\t\t\t\tclass=\"tp-shape tp-shapewrapper\"\n\t\t\t\t\t\t\t\tdata-type=\"shape\"\n\t\t\t\t\t\t\t\tdata-rsp_ch=\"on\"\n\t\t\t\t\t\t\t\tdata-xy=\"x:c;xo:-206px,-206px,-206px,-186px;y:m;yo:321px,321px,321px,453px;\"\n\t\t\t\t\t\t\t\tdata-text=\"w:normal;fw:700;\"\n\t\t\t\t\t\t\t\tdata-dim=\"w:3000px;h:1909.99px,1909px,1909px,1909px;\"\n\t\t\t\t\t\t\t\tdata-frame_1=\"e:power2.inOut;\"\n\t\t\t\t\t\t\t\tdata-frame_999=\"o:0;e:nothing;st:w;sR:8700;\"\n\t\t\t\t\t\t\t\tstyle=\"z-index:8;background-color:rgba(0,0,0,0.15);background:linear-gradient(to bottom, rgba(28,28,28,0.8) 0%,rgba(28,28,28,0) 35%,rgba(28,28,28,0) 45%,rgba(28,28,28,0.7) 100%);\"\n\t\t\t\t\t\t\t> \n\t\t\t\t\t\t\t<\/rs-layer><!--\n-->\t\t\t\t\t\t<\/rs-slide>\n\t\t\t\t\t<\/rs-slides>\n\t\t\t\t<\/rs-module>\n\t\t\t\t<script type=\"text\/javascript\">\n\t\t\t\t\tsetREVStartSize({c: 'rev_slider_23_1',rl:[1240,1024,778,480],el:[868,768,960,720],gw:[1240,1024,778,480],gh:[868,768,960,720],type:'standard',justify:'',layout:'fullwidth',mh:\"0\"});if (window.RS_MODULES!==undefined && window.RS_MODULES.modules!==undefined && window.RS_MODULES.modules[\"revslider231\"]!==undefined) {window.RS_MODULES.modules[\"revslider231\"].once = false;window.revapi23 = undefined;if (window.RS_MODULES.checkMinimal!==undefined) window.RS_MODULES.checkMinimal()}\n\t\t\t\t<\/script>\n\t\t\t<\/rs-module-wrap>\n\t\t\t<!-- END REVOLUTION SLIDER -->\n<\/div><\/div><\/div><\/div><div class=\"vc_row wpb_row vc_row-fluid\"><div class=\"wpb_column vc_column_container vc_col-sm-12\"><div class=\"vc_column-inner\"><div class=\"wpb_wrapper\"><div style=\"background-color:;height: 40px\" class=\"nicdark_section  \"><\/div> <h6 style=\"color:#878787;padding:px;text-align:center;font-size:20px;line-height:20px;letter-spacing: px;font-weight:lighter\" class=\"   nd_options_second_font \">CARTE<\/h6> <div style=\"background-color:;height: 20px\" class=\"nicdark_section  \"><\/div>\n    <div class=\"nd_options_section nd_options_line_height_0  nd_options_text_align_center \">\n        <span style=\"height:1px;width:30px;background-color:#878787\" class=\"nd_options_display_inline_block\"><\/span>\n    <\/div>\n   <div style=\"background-color:;height: 40px\" class=\"nicdark_section  \"><\/div> <h1 style=\"color:#000000;padding:px;text-align:center;font-size:55px;line-height:px;letter-spacing: px;font-weight:normal\" class=\"   nd_options_first_font \">Multi Pass<\/h1> <div style=\"background-color:;height: 45px\" class=\"nicdark_section  \"><\/div><\/div><\/div><\/div><\/div><div class=\"vc_row wpb_row vc_row-fluid\"><div class=\"wpb_column vc_column_container vc_col-sm-1\"><div class=\"vc_column-inner\"><div class=\"wpb_wrapper\"><\/div><\/div><\/div><div class=\"wpb_column vc_column_container vc_col-sm-10\"><div class=\"vc_column-inner\"><div class=\"wpb_wrapper\"> <p style=\"color:;padding:px;text-align:;font-size:18px;line-height:px;letter-spacing: px;font-weight:lighter\" class=\"   nd_options_second_font \">Durant l\u2019\u00e9t\u00e9, les invit\u00e9s qui logent \u00e0 l\u2019Auberge Nouvelle Alpina peuvent b\u00e9n\u00e9ficier de l\u2019offre Multi Pass, une carte qui donne acc\u00e8s \u00e0 ses membres \u00e0 une multitude d\u2019activit\u00e9s illimit\u00e9es dans 6 stations-villages des Portes-du-Soleil entre les villages de Champ\u00e9ry, Champoussin, Les Crosets, Morgins, Troistorrents et Val-d\u2019Illiez.<\/p> <div style=\"background-color:;height: 20px\" class=\"nicdark_section  \"><\/div> <p style=\"color:;padding:px;text-align:;font-size:18px;line-height:px;letter-spacing: px;font-weight:lighter\" class=\"   nd_options_second_font \">Le Multi Pass Portes du Soleil permet ainsi de profiter de 60 activit\u00e9s en illimit\u00e9, et 60 activit\u00e9s en r\u00e9duction, sur l\u2019int\u00e9gralit\u00e9 du domaine franco-suisse.<\/p> <div style=\"background-color:;height: 20px\" class=\"nicdark_section  \"><\/div> <p style=\"color:;padding:px;text-align:;font-size:18px;line-height:px;letter-spacing: px;font-weight:lighter\" class=\"   nd_options_second_font \">Gr\u00e2ce \u00e0 celle-ci, les Portes du Soleil r\u00e9inventent la montagne l\u2019\u00e9t\u00e9.<\/p> <\/div><\/div><\/div><div class=\"wpb_column vc_column_container vc_col-sm-1\"><div class=\"vc_column-inner\"><div class=\"wpb_wrapper\"><\/div><\/div><\/div><\/div><div class=\"vc_row wpb_row vc_row-fluid\"><div class=\"wpb_column vc_column_container vc_col-sm-12\"><div class=\"vc_column-inner\"><div class=\"wpb_wrapper\"><div style=\"background-color:;height: 40px\" class=\"nicdark_section  \"><\/div> <h2 style=\"color:;padding:px;text-align:center;font-size:25px;line-height:45px;letter-spacing: px;font-weight:normal\" class=\"   nd_options_first_font \">D\u00e9couvrez comment profiter des multiples avantages gr\u00e2ce \u00e0 la carte multi pass.<\/h2> <div style=\"background-color:;height: 40px\" class=\"nicdark_section  \"><\/div><\/div><\/div><\/div><\/div><div class=\"vc_row wpb_row vc_row-fluid\"><div class=\"wpb_column vc_column_container vc_col-sm-1\"><div class=\"vc_column-inner\"><div class=\"wpb_wrapper\"><\/div><\/div><\/div><div class=\"wpb_column vc_column_container vc_col-sm-10\"><div class=\"vc_column-inner\"><div class=\"wpb_wrapper\">\n\t<div class=\"nd_options_section nd_options_text_align_center\">\n\t<a style=\"border: px solid;border-radius:2px;letter-spacing:2px;line-height:13px;font-size:13px;background-color:#c19b76;padding:15px 35px;margin:;color:#ffffff\" rel=\"\" target=\"_blank\" href=\"https:\/\/www.regiondentsdumidi.ch\/fr\/a-faire\/nos-incontournables\/nos-incontournables-de-l-ete\/multi-pass\/les-activites-multi-pass-22796\/\" class=\"nicdark_display_inline_block  nd_options_font_weight_normal nd_options_second_font  \">EN SAVOIR PLUS<\/a>\n\t<\/div>\n<div style=\"background-color:;height: 20px\" class=\"nicdark_section  \"><\/div><\/div><\/div><\/div><div class=\"wpb_column vc_column_container vc_col-sm-1\"><div class=\"vc_column-inner\"><div class=\"wpb_wrapper\"><\/div><\/div><\/div><\/div><div data-vc-full-width=\"true\" data-vc-full-width-init=\"false\" class=\"vc_row wpb_row vc_row-fluid vc_custom_1656207801327 vc_row-has-fill\"><div class=\"wpb_column vc_column_container vc_col-sm-12\"><div class=\"vc_column-inner\"><div class=\"wpb_wrapper\"> <h3 style=\"color:#ffffff;padding:px;text-align:center;font-size:13px;line-height:13px;letter-spacing: 2px;font-weight:lighter\" class=\"   nd_options_second_font \">CONTACTEZ-NOUS<\/h3> <div style=\"background-color:;height: px\" class=\"nicdark_section  \"><\/div> <h1 style=\"color:#ffffff;padding:px;text-align:center;font-size:30px;line-height:35px;letter-spacing: px;font-weight:normal\" class=\"   nd_options_first_font \">N'h\u00e9sitez pas \u00e0 nous contacter pour toute question ou info suppl\u00e9mentaire.<\/h1> <\/div><\/div><\/div><\/div><div class=\"vc_row-full-width vc_clearfix\"><\/div>\n<\/div>","protected":false},"excerpt":{"rendered":"CARTE Multi Pass Durant l\u2019\u00e9t\u00e9, les invit\u00e9s qui logent \u00e0 l\u2019Auberge Nouvelle Alpina peuvent b\u00e9n\u00e9ficier de l\u2019offre Multi Pass, une carte qui donne acc\u00e8s \u00e0 ses membres \u00e0 une multitude d\u2019activit\u00e9s illimit\u00e9es dans 6 stations-villages des Portes-du-Soleil entre les villages de Champ\u00e9ry, Champoussin, Les Crosets, Morgins, Troistorrents et Val-d\u2019Illiez. Le Multi Pass Portes du Soleil [...]","protected":false},"author":1,"featured_media":0,"parent":0,"menu_order":0,"comment_status":"closed","ping_status":"closed","template":"","meta":{"_monsterinsights_skip_tracking":false,"_monsterinsights_sitenote_active":false,"_monsterinsights_sitenote_note":"","_monsterinsights_sitenote_category":0,"footnotes":""},"class_list":["post-2946","page","type-page","status-publish","hentry"],"yoast_head":"<!-- This site is optimized with the Yoast SEO Premium plugin v21.6 (Yoast SEO v27.4) - https:\/\/yoast.com\/product\/yoast-seo-premium-wordpress\/ -->\n<title>Multi Pass - Chalet La Nouvelle Alpina - \u00c0 louer - Champ\u00e9ry - Valais<\/title>\n<meta name=\"description\" content=\"Les invit\u00e9s de la Nouvelle Alpina peuvent b\u00e9n\u00e9ficier du Multi Pass qui donne acc\u00e8s \u00e0 de multitude d\u2019activit\u00e9s dans 6 stations des Portes-du-Soleil.\" \/>\n<meta name=\"robots\" content=\"index, follow, max-snippet:-1, max-image-preview:large, max-video-preview:-1\" \/>\n<link rel=\"canonical\" href=\"https:\/\/nouvellealpina.ch\/de\/carte-multi-pass\/\" \/>\n<meta property=\"og:locale\" content=\"de_DE\" \/>\n<meta property=\"og:type\" content=\"article\" \/>\n<meta property=\"og:title\" content=\"Carte Multi Pass\" \/>\n<meta property=\"og:description\" content=\"Les invit\u00e9s de la Nouvelle Alpina peuvent b\u00e9n\u00e9ficier du Multi Pass qui donne acc\u00e8s \u00e0 de multitude d\u2019activit\u00e9s dans 6 stations des Portes-du-Soleil.\" \/>\n<meta property=\"og:url\" content=\"https:\/\/nouvellealpina.ch\/de\/carte-multi-pass\/\" \/>\n<meta property=\"og:site_name\" content=\"La Nouvelle Alpina\" \/>\n<meta property=\"article:publisher\" content=\"https:\/\/www.facebook.com\/nouvellealpina\" \/>\n<meta property=\"article:modified_time\" content=\"2023-12-02T21:55:50+00:00\" \/>\n<meta name=\"twitter:card\" content=\"summary_large_image\" \/>\n<meta name=\"twitter:label1\" content=\"Gesch\u00e4tzte Lesezeit\" \/>\n\t<meta name=\"twitter:data1\" content=\"2\u00a0Minuten\" \/>\n<script type=\"application\/ld+json\" class=\"yoast-schema-graph\">{\"@context\":\"https:\\\/\\\/schema.org\",\"@graph\":[{\"@type\":\"WebPage\",\"@id\":\"https:\\\/\\\/nouvellealpina.ch\\\/carte-multi-pass\\\/\",\"url\":\"https:\\\/\\\/nouvellealpina.ch\\\/carte-multi-pass\\\/\",\"name\":\"Multi Pass - Chalet La Nouvelle Alpina - \u00c0 louer - Champ\u00e9ry - Valais\",\"isPartOf\":{\"@id\":\"https:\\\/\\\/nouvellealpina.ch\\\/#website\"},\"datePublished\":\"2022-06-15T10:17:26+00:00\",\"dateModified\":\"2023-12-02T21:55:50+00:00\",\"description\":\"Les invit\u00e9s de la Nouvelle Alpina peuvent b\u00e9n\u00e9ficier du Multi Pass qui donne acc\u00e8s \u00e0 de multitude d\u2019activit\u00e9s dans 6 stations des Portes-du-Soleil.\",\"breadcrumb\":{\"@id\":\"https:\\\/\\\/nouvellealpina.ch\\\/carte-multi-pass\\\/#breadcrumb\"},\"inLanguage\":\"de-CH\",\"potentialAction\":[{\"@type\":\"ReadAction\",\"target\":[\"https:\\\/\\\/nouvellealpina.ch\\\/carte-multi-pass\\\/\"]}]},{\"@type\":\"BreadcrumbList\",\"@id\":\"https:\\\/\\\/nouvellealpina.ch\\\/carte-multi-pass\\\/#breadcrumb\",\"itemListElement\":[{\"@type\":\"ListItem\",\"position\":1,\"name\":\"Accueil\",\"item\":\"https:\\\/\\\/nouvellealpina.ch\\\/\"},{\"@type\":\"ListItem\",\"position\":2,\"name\":\"Carte Multi Pass\"}]},{\"@type\":\"WebSite\",\"@id\":\"https:\\\/\\\/nouvellealpina.ch\\\/#website\",\"url\":\"https:\\\/\\\/nouvellealpina.ch\\\/\",\"name\":\"La Nouvelle Alpina\",\"description\":\"Auberge Chalet pour groupes \u00e0 louer \u00e0 Champ\u00e9ry\",\"publisher\":{\"@id\":\"https:\\\/\\\/nouvellealpina.ch\\\/#organization\"},\"potentialAction\":[{\"@type\":\"SearchAction\",\"target\":{\"@type\":\"EntryPoint\",\"urlTemplate\":\"https:\\\/\\\/nouvellealpina.ch\\\/?s={search_term_string}\"},\"query-input\":{\"@type\":\"PropertyValueSpecification\",\"valueRequired\":true,\"valueName\":\"search_term_string\"}}],\"inLanguage\":\"de-CH\"},{\"@type\":\"Organization\",\"@id\":\"https:\\\/\\\/nouvellealpina.ch\\\/#organization\",\"name\":\"La Nouvelle Alpina\",\"url\":\"https:\\\/\\\/nouvellealpina.ch\\\/\",\"logo\":{\"@type\":\"ImageObject\",\"inLanguage\":\"de-CH\",\"@id\":\"https:\\\/\\\/nouvellealpina.ch\\\/#\\\/schema\\\/logo\\\/image\\\/\",\"url\":\"https:\\\/\\\/nouvellealpina.ch\\\/wp-content\\\/uploads\\\/2022\\\/05\\\/Logo-Nouvelle-Alpina.png\",\"contentUrl\":\"https:\\\/\\\/nouvellealpina.ch\\\/wp-content\\\/uploads\\\/2022\\\/05\\\/Logo-Nouvelle-Alpina.png\",\"width\":740,\"height\":198,\"caption\":\"La Nouvelle Alpina\"},\"image\":{\"@id\":\"https:\\\/\\\/nouvellealpina.ch\\\/#\\\/schema\\\/logo\\\/image\\\/\"},\"sameAs\":[\"https:\\\/\\\/www.facebook.com\\\/nouvellealpina\",\"https:\\\/\\\/www.instagram.com\\\/nouvellealpina\\\/\"]}]}<\/script>\n<!-- \/ Yoast SEO Premium plugin. -->","yoast_head_json":{"title":"Multi Pass - Chalet La Nouvelle Alpina - \u00c0 louer - Champ\u00e9ry - Valais","description":"Les invit\u00e9s de la Nouvelle Alpina peuvent b\u00e9n\u00e9ficier du Multi Pass qui donne acc\u00e8s \u00e0 de multitude d\u2019activit\u00e9s dans 6 stations des Portes-du-Soleil.","robots":{"index":"index","follow":"follow","max-snippet":"max-snippet:-1","max-image-preview":"max-image-preview:large","max-video-preview":"max-video-preview:-1"},"canonical":"https:\/\/nouvellealpina.ch\/de\/carte-multi-pass\/","og_locale":"de_DE","og_type":"article","og_title":"Carte Multi Pass","og_description":"Les invit\u00e9s de la Nouvelle Alpina peuvent b\u00e9n\u00e9ficier du Multi Pass qui donne acc\u00e8s \u00e0 de multitude d\u2019activit\u00e9s dans 6 stations des Portes-du-Soleil.","og_url":"https:\/\/nouvellealpina.ch\/de\/carte-multi-pass\/","og_site_name":"La Nouvelle Alpina","article_publisher":"https:\/\/www.facebook.com\/nouvellealpina","article_modified_time":"2023-12-02T21:55:50+00:00","twitter_card":"summary_large_image","twitter_misc":{"Gesch\u00e4tzte Lesezeit":"2\u00a0Minuten"},"schema":{"@context":"https:\/\/schema.org","@graph":[{"@type":"WebPage","@id":"https:\/\/nouvellealpina.ch\/carte-multi-pass\/","url":"https:\/\/nouvellealpina.ch\/carte-multi-pass\/","name":"Multi Pass - Chalet La Nouvelle Alpina - \u00c0 louer - Champ\u00e9ry - Valais","isPartOf":{"@id":"https:\/\/nouvellealpina.ch\/#website"},"datePublished":"2022-06-15T10:17:26+00:00","dateModified":"2023-12-02T21:55:50+00:00","description":"Les invit\u00e9s de la Nouvelle Alpina peuvent b\u00e9n\u00e9ficier du Multi Pass qui donne acc\u00e8s \u00e0 de multitude d\u2019activit\u00e9s dans 6 stations des Portes-du-Soleil.","breadcrumb":{"@id":"https:\/\/nouvellealpina.ch\/carte-multi-pass\/#breadcrumb"},"inLanguage":"de-CH","potentialAction":[{"@type":"ReadAction","target":["https:\/\/nouvellealpina.ch\/carte-multi-pass\/"]}]},{"@type":"BreadcrumbList","@id":"https:\/\/nouvellealpina.ch\/carte-multi-pass\/#breadcrumb","itemListElement":[{"@type":"ListItem","position":1,"name":"Accueil","item":"https:\/\/nouvellealpina.ch\/"},{"@type":"ListItem","position":2,"name":"Carte Multi Pass"}]},{"@type":"WebSite","@id":"https:\/\/nouvellealpina.ch\/#website","url":"https:\/\/nouvellealpina.ch\/","name":"Nouvelle Alpina","description":"Auberge Chalet pour groupes \u00e0 louer \u00e0 Champ\u00e9ry","publisher":{"@id":"https:\/\/nouvellealpina.ch\/#organization"},"potentialAction":[{"@type":"SearchAction","target":{"@type":"EntryPoint","urlTemplate":"https:\/\/nouvellealpina.ch\/?s={search_term_string}"},"query-input":{"@type":"PropertyValueSpecification","valueRequired":true,"valueName":"search_term_string"}}],"inLanguage":"de-CH"},{"@type":"Organization","@id":"https:\/\/nouvellealpina.ch\/#organization","name":"Nouvelle Alpina","url":"https:\/\/nouvellealpina.ch\/","logo":{"@type":"ImageObject","inLanguage":"de-CH","@id":"https:\/\/nouvellealpina.ch\/#\/schema\/logo\/image\/","url":"https:\/\/nouvellealpina.ch\/wp-content\/uploads\/2022\/05\/Logo-Nouvelle-Alpina.png","contentUrl":"https:\/\/nouvellealpina.ch\/wp-content\/uploads\/2022\/05\/Logo-Nouvelle-Alpina.png","width":740,"height":198,"caption":"La Nouvelle Alpina"},"image":{"@id":"https:\/\/nouvellealpina.ch\/#\/schema\/logo\/image\/"},"sameAs":["https:\/\/www.facebook.com\/nouvellealpina","https:\/\/www.instagram.com\/nouvellealpina\/"]}]}},"_links":{"self":[{"href":"https:\/\/nouvellealpina.ch\/de\/wp-json\/wp\/v2\/pages\/2946","targetHints":{"allow":["GET"]}}],"collection":[{"href":"https:\/\/nouvellealpina.ch\/de\/wp-json\/wp\/v2\/pages"}],"about":[{"href":"https:\/\/nouvellealpina.ch\/de\/wp-json\/wp\/v2\/types\/page"}],"author":[{"embeddable":true,"href":"https:\/\/nouvellealpina.ch\/de\/wp-json\/wp\/v2\/users\/1"}],"replies":[{"embeddable":true,"href":"https:\/\/nouvellealpina.ch\/de\/wp-json\/wp\/v2\/comments?post=2946"}],"version-history":[{"count":11,"href":"https:\/\/nouvellealpina.ch\/de\/wp-json\/wp\/v2\/pages\/2946\/revisions"}],"predecessor-version":[{"id":4355,"href":"https:\/\/nouvellealpina.ch\/de\/wp-json\/wp\/v2\/pages\/2946\/revisions\/4355"}],"wp:attachment":[{"href":"https:\/\/nouvellealpina.ch\/de\/wp-json\/wp\/v2\/media?parent=2946"}],"curies":[{"name":"wp","href":"https:\/\/api.w.org\/{rel}","templated":true}]}}