{"id":2682,"date":"2022-06-12T22:11:04","date_gmt":"2022-06-12T22:11:04","guid":{"rendered":"https:\/\/nouvellealpina.com\/?page_id=2682"},"modified":"2022-06-13T08:00:19","modified_gmt":"2022-06-13T08:00:19","slug":"conditions-utilisation","status":"publish","type":"page","link":"https:\/\/nouvellealpina.ch\/de\/conditions-utilisation\/","title":{"rendered":"Nutzungsbedingungen"},"content":{"rendered":"<p>&nbsp;<\/p>\n<h4>Nutzungsbedingungen<\/h4>\n<p>Bitte lesen Sie diese Nutzungsbedingungen (\u00abBedingungen\u00bb, \u00abNutzungsbedingungen\u00bb) sorgf\u00e4ltig durch, bevor Sie die Website https:\/\/nouvellealpina.ch (\u00abDienst\u00bb) nutzen, die von Nouvelle Alpina (\u00abwir\u00bb, \u00abunser\u00bb oder \u00abunsere\u00bb) betrieben wird.<\/p>\n<p>Ihr Zugriff auf den Dienst und dessen Nutzung ist davon abh\u00e4ngig, ob Sie diese Bedingungen akzeptieren und einhalten. Diese Bedingungen gelten f\u00fcr alle Besucher, Nutzer und andere Personen, die auf den Dienst zugreifen oder ihn nutzen.<\/p>\n<p>Indem Sie auf den Dienst zugreifen oder ihn nutzen, erkl\u00e4ren Sie sich damit einverstanden, an diese Bedingungen gebunden zu sein. Wenn Sie mit einem Teil der Bedingungen nicht einverstanden sind, d\u00fcrfen Sie nicht auf den Dienst zugreifen.<\/p>\n<p>&nbsp;<\/p>\n<h4>Konten<\/h4>\n<p>F\u00fcr den Fall, dass Sie ein Konto bei uns einrichten, m\u00fcssen Sie uns Informationen zur Verf\u00fcgung stellen, die jederzeit richtig, vollst\u00e4ndig und auf dem neuesten Stand sind. Ein Verstoss gegen diese Verpflichtung stellt eine Verletzung der Bedingungen dar, die zur sofortigen K\u00fcndigung Ihres Kontos bei unserem Dienst f\u00fchren kann.<\/p>\n<p>Sie sind daf\u00fcr verantwortlich, das Passwort, das Sie f\u00fcr den Zugriff auf den Dienst verwenden, zu sichern, sowie f\u00fcr alle Aktivit\u00e4ten oder Handlungen, die unter Ihrem Passwort ausgef\u00fchrt werden, unabh\u00e4ngig davon, ob sich das Passwort auf unseren Dienst oder auf einen Drittanbieterdienst bezieht.<\/p>\n<p>Sie verpflichten sich, Ihr Passwort nicht an Dritte weiterzugeben. Sie m\u00fcssen uns unverz\u00fcglich informieren, sobald Sie von einer Sicherheitsverletzung oder einer unbefugten Nutzung Ihres Kontos Kenntnis erlangen.<\/p>\n<p>&nbsp;<\/p>\n<h4>Geistiges Eigentum<\/h4>\n<p>Der Dienst und sein urspr\u00fcnglicher Inhalt, seine Merkmale und Funktionen sind und bleiben das alleinige Eigentum von Nouvelle Alpina und seinen Lizenzgebern.<\/p>\n<p>&nbsp;<\/p>\n<h4>Links zu anderen Webseiten<\/h4>\n<p>Unser Service kann Links zu Webseiten oder Diensten von Drittanbietern enthalten, die nicht im Besitz oder unter der Kontrolle von Nouvelle Alpina stehen.<\/p>\n<p>Das Nouvelle Alpina hat keine Kontrolle \u00fcber und \u00fcbernimmt keine Verantwortung f\u00fcr den Inhalt, die Datenschutzrichtlinien oder die Praktiken von Websites oder Diensten von Drittanbietern. Dar\u00fcber hinaus erkennen Sie an und stimmen zu, dass Nouvelle Alpina weder direkt noch indirekt f\u00fcr Sch\u00e4den oder Verluste haftet, die durch oder in Verbindung mit der Nutzung oder dem Vertrauen auf solche Inhalte, Waren oder Dienstleistungen, die auf oder \u00fcber solche Webseiten oder Dienste verf\u00fcgbar sind, verursacht wurden oder angeblich verursacht wurden.<\/p>\n<p>Wir empfehlen Ihnen dringend, die Gesch\u00e4ftsbedingungen und Datenschutzrichtlinien aller Websites oder Dienste von Drittanbietern, die Sie besuchen, zu lesen.<\/p>\n<p>&nbsp;<\/p>\n<h4>Anwendbares Recht<\/h4>\n<p>Diese Bedingungen unterliegen den Gesetzen der Schweiz und werden in \u00dcbereinstimmung mit diesen ausgelegt, ohne R\u00fccksicht auf deren kollisionsrechtliche Bestimmungen.<\/p>\n<p>Die Tatsache, dass wir ein Recht oder eine Bestimmung dieser Bedingungen nicht durchsetzen, gilt nicht als Verzicht auf diese Rechte. Sollte eine Bestimmung dieser Bedingungen von einem Gericht f\u00fcr ung\u00fcltig oder nicht durchsetzbar befunden werden, bleiben die \u00fcbrigen Bestimmungen dieser Bedingungen in Kraft. Diese Bedingungen stellen die gesamte Vereinbarung zwischen uns in Bezug auf unseren Dienst dar und ersetzen alle fr\u00fcheren Vereinbarungen, die wir m\u00f6glicherweise in Bezug auf den Dienst zwischen uns haben.<\/p>\n<p>&nbsp;<\/p>\n<h4>\u00c4nderungen<\/h4>\n<p>Wir behalten uns das Recht vor, diese Bedingungen nach eigenem Ermessen jederzeit zu \u00e4ndern oder zu ersetzen. Wenn eine Revision wesentlich ist, werden wir uns bem\u00fchen, mindestens 30 Tage vor Inkrafttreten der neuen Bedingungen eine entsprechende Ank\u00fcndigung zu machen. Was eine wesentliche \u00c4nderung darstellt, wird nach unserem alleinigen Ermessen festgelegt.<\/p>\n<p>Wenn Sie nach dem Inkrafttreten dieser Revisionen weiterhin auf unseren Dienst zugreifen oder ihn nutzen, erkl\u00e4ren Sie sich damit einverstanden, an die ge\u00e4nderten Bedingungen gebunden zu sein. Wenn Sie den neuen Bedingungen nicht zustimmen, stellen Sie die Nutzung des Dienstes bitte ein.<\/p>\n<p>&nbsp;<\/p>\n<h4>Kontaktieren Sie uns<\/h4>\n<h4><\/h4>\n<p>Wenn Sie Fragen zu diesen Bedingungen haben, setzen Sie sich bitte mit uns in Verbindung.<\/p>","protected":false},"excerpt":{"rendered":"<p>&nbsp; Conditions d&rsquo;utilisation Veuillez lire attentivement les pr\u00e9sentes Conditions d&rsquo;utilisation (\u00ab\u00a0Conditions\u00a0\u00bb, \u00ab\u00a0Conditions d&rsquo;utilisation\u00a0\u00bb) avant d&rsquo;utiliser le site web https:\/\/nouvellealpina.ch (le \u00ab\u00a0Service\u00a0\u00bb) exploit\u00e9 par la Nouvelle Alpina (\u00ab\u00a0nous\u00a0\u00bb, \u00ab\u00a0notre\u00a0\u00bb, ou \u00ab\u00a0nos\u00a0\u00bb). Votre acc\u00e8s au Service et son utilisation sont conditionn\u00e9s par votre acceptation et votre respect des pr\u00e9sentes Conditions. Ces Conditions s&rsquo;appliquent \u00e0 tous les visiteurs, [&hellip;]<\/p>\n","protected":false},"author":1,"featured_media":0,"parent":0,"menu_order":0,"comment_status":"closed","ping_status":"closed","template":"","meta":{"_monsterinsights_skip_tracking":false,"_monsterinsights_sitenote_active":false,"_monsterinsights_sitenote_note":"","_monsterinsights_sitenote_category":0,"footnotes":""},"class_list":["post-2682","page","type-page","status-publish","hentry"],"yoast_head":"<!-- This site is optimized with the Yoast SEO Premium plugin v21.6 (Yoast SEO v27.3) - https:\/\/yoast.com\/product\/yoast-seo-premium-wordpress\/ -->\n<title>Conditions d&#039;utilisation - La Nouvelle Alpina<\/title>\n<meta name=\"robots\" content=\"index, follow, max-snippet:-1, max-image-preview:large, max-video-preview:-1\" \/>\n<link rel=\"canonical\" href=\"https:\/\/nouvellealpina.ch\/de\/conditions-utilisation\/\" \/>\n<meta property=\"og:locale\" content=\"de_DE\" \/>\n<meta property=\"og:type\" content=\"article\" \/>\n<meta property=\"og:title\" content=\"Conditions d&#039;utilisation\" \/>\n<meta property=\"og:description\" content=\"&nbsp; Conditions d&rsquo;utilisation Veuillez lire attentivement les pr\u00e9sentes Conditions d&rsquo;utilisation (\u00ab\u00a0Conditions\u00a0\u00bb, \u00ab\u00a0Conditions d&rsquo;utilisation\u00a0\u00bb) avant d&rsquo;utiliser le site web https:\/\/nouvellealpina.ch (le \u00ab\u00a0Service\u00a0\u00bb) exploit\u00e9 par la Nouvelle Alpina (\u00ab\u00a0nous\u00a0\u00bb, \u00ab\u00a0notre\u00a0\u00bb, ou \u00ab\u00a0nos\u00a0\u00bb). Votre acc\u00e8s au Service et son utilisation sont conditionn\u00e9s par votre acceptation et votre respect des pr\u00e9sentes Conditions. Ces Conditions s&rsquo;appliquent \u00e0 tous les visiteurs, [&hellip;]\" \/>\n<meta property=\"og:url\" content=\"https:\/\/nouvellealpina.ch\/de\/conditions-utilisation\/\" \/>\n<meta property=\"og:site_name\" content=\"La Nouvelle Alpina\" \/>\n<meta property=\"article:publisher\" content=\"https:\/\/www.facebook.com\/nouvellealpina\" \/>\n<meta property=\"article:modified_time\" content=\"2022-06-13T08:00:19+00:00\" \/>\n<meta name=\"twitter:card\" content=\"summary_large_image\" \/>\n<meta name=\"twitter:label1\" content=\"Gesch\u00e4tzte Lesezeit\" \/>\n\t<meta name=\"twitter:data1\" content=\"3\u00a0Minuten\" \/>\n<script type=\"application\/ld+json\" class=\"yoast-schema-graph\">{\"@context\":\"https:\\\/\\\/schema.org\",\"@graph\":[{\"@type\":\"WebPage\",\"@id\":\"https:\\\/\\\/nouvellealpina.ch\\\/conditions-utilisation\\\/\",\"url\":\"https:\\\/\\\/nouvellealpina.ch\\\/conditions-utilisation\\\/\",\"name\":\"Conditions d'utilisation - La Nouvelle Alpina\",\"isPartOf\":{\"@id\":\"https:\\\/\\\/nouvellealpina.ch\\\/#website\"},\"datePublished\":\"2022-06-12T22:11:04+00:00\",\"dateModified\":\"2022-06-13T08:00:19+00:00\",\"breadcrumb\":{\"@id\":\"https:\\\/\\\/nouvellealpina.ch\\\/conditions-utilisation\\\/#breadcrumb\"},\"inLanguage\":\"de-CH\",\"potentialAction\":[{\"@type\":\"ReadAction\",\"target\":[\"https:\\\/\\\/nouvellealpina.ch\\\/conditions-utilisation\\\/\"]}]},{\"@type\":\"BreadcrumbList\",\"@id\":\"https:\\\/\\\/nouvellealpina.ch\\\/conditions-utilisation\\\/#breadcrumb\",\"itemListElement\":[{\"@type\":\"ListItem\",\"position\":1,\"name\":\"Accueil\",\"item\":\"https:\\\/\\\/nouvellealpina.ch\\\/\"},{\"@type\":\"ListItem\",\"position\":2,\"name\":\"Conditions d&rsquo;utilisation\"}]},{\"@type\":\"WebSite\",\"@id\":\"https:\\\/\\\/nouvellealpina.ch\\\/#website\",\"url\":\"https:\\\/\\\/nouvellealpina.ch\\\/\",\"name\":\"La Nouvelle Alpina\",\"description\":\"Auberge Chalet pour groupes \u00e0 louer \u00e0 Champ\u00e9ry\",\"publisher\":{\"@id\":\"https:\\\/\\\/nouvellealpina.ch\\\/#organization\"},\"potentialAction\":[{\"@type\":\"SearchAction\",\"target\":{\"@type\":\"EntryPoint\",\"urlTemplate\":\"https:\\\/\\\/nouvellealpina.ch\\\/?s={search_term_string}\"},\"query-input\":{\"@type\":\"PropertyValueSpecification\",\"valueRequired\":true,\"valueName\":\"search_term_string\"}}],\"inLanguage\":\"de-CH\"},{\"@type\":\"Organization\",\"@id\":\"https:\\\/\\\/nouvellealpina.ch\\\/#organization\",\"name\":\"La Nouvelle Alpina\",\"url\":\"https:\\\/\\\/nouvellealpina.ch\\\/\",\"logo\":{\"@type\":\"ImageObject\",\"inLanguage\":\"de-CH\",\"@id\":\"https:\\\/\\\/nouvellealpina.ch\\\/#\\\/schema\\\/logo\\\/image\\\/\",\"url\":\"https:\\\/\\\/nouvellealpina.ch\\\/wp-content\\\/uploads\\\/2022\\\/05\\\/Logo-Nouvelle-Alpina.png\",\"contentUrl\":\"https:\\\/\\\/nouvellealpina.ch\\\/wp-content\\\/uploads\\\/2022\\\/05\\\/Logo-Nouvelle-Alpina.png\",\"width\":740,\"height\":198,\"caption\":\"La Nouvelle Alpina\"},\"image\":{\"@id\":\"https:\\\/\\\/nouvellealpina.ch\\\/#\\\/schema\\\/logo\\\/image\\\/\"},\"sameAs\":[\"https:\\\/\\\/www.facebook.com\\\/nouvellealpina\",\"https:\\\/\\\/www.instagram.com\\\/nouvellealpina\\\/\"]}]}<\/script>\n<!-- \/ Yoast SEO Premium plugin. -->","yoast_head_json":{"title":"Conditions d'utilisation - La Nouvelle Alpina","robots":{"index":"index","follow":"follow","max-snippet":"max-snippet:-1","max-image-preview":"max-image-preview:large","max-video-preview":"max-video-preview:-1"},"canonical":"https:\/\/nouvellealpina.ch\/de\/conditions-utilisation\/","og_locale":"de_DE","og_type":"article","og_title":"Conditions d'utilisation","og_description":"&nbsp; Conditions d&rsquo;utilisation Veuillez lire attentivement les pr\u00e9sentes Conditions d&rsquo;utilisation (\u00ab\u00a0Conditions\u00a0\u00bb, \u00ab\u00a0Conditions d&rsquo;utilisation\u00a0\u00bb) avant d&rsquo;utiliser le site web https:\/\/nouvellealpina.ch (le \u00ab\u00a0Service\u00a0\u00bb) exploit\u00e9 par la Nouvelle Alpina (\u00ab\u00a0nous\u00a0\u00bb, \u00ab\u00a0notre\u00a0\u00bb, ou \u00ab\u00a0nos\u00a0\u00bb). Votre acc\u00e8s au Service et son utilisation sont conditionn\u00e9s par votre acceptation et votre respect des pr\u00e9sentes Conditions. Ces Conditions s&rsquo;appliquent \u00e0 tous les visiteurs, [&hellip;]","og_url":"https:\/\/nouvellealpina.ch\/de\/conditions-utilisation\/","og_site_name":"La Nouvelle Alpina","article_publisher":"https:\/\/www.facebook.com\/nouvellealpina","article_modified_time":"2022-06-13T08:00:19+00:00","twitter_card":"summary_large_image","twitter_misc":{"Gesch\u00e4tzte Lesezeit":"3\u00a0Minuten"},"schema":{"@context":"https:\/\/schema.org","@graph":[{"@type":"WebPage","@id":"https:\/\/nouvellealpina.ch\/conditions-utilisation\/","url":"https:\/\/nouvellealpina.ch\/conditions-utilisation\/","name":"Conditions d'utilisation - La Nouvelle Alpina","isPartOf":{"@id":"https:\/\/nouvellealpina.ch\/#website"},"datePublished":"2022-06-12T22:11:04+00:00","dateModified":"2022-06-13T08:00:19+00:00","breadcrumb":{"@id":"https:\/\/nouvellealpina.ch\/conditions-utilisation\/#breadcrumb"},"inLanguage":"de-CH","potentialAction":[{"@type":"ReadAction","target":["https:\/\/nouvellealpina.ch\/conditions-utilisation\/"]}]},{"@type":"BreadcrumbList","@id":"https:\/\/nouvellealpina.ch\/conditions-utilisation\/#breadcrumb","itemListElement":[{"@type":"ListItem","position":1,"name":"Accueil","item":"https:\/\/nouvellealpina.ch\/"},{"@type":"ListItem","position":2,"name":"Conditions d&rsquo;utilisation"}]},{"@type":"WebSite","@id":"https:\/\/nouvellealpina.ch\/#website","url":"https:\/\/nouvellealpina.ch\/","name":"Nouvelle Alpina","description":"Auberge Chalet pour groupes \u00e0 louer \u00e0 Champ\u00e9ry","publisher":{"@id":"https:\/\/nouvellealpina.ch\/#organization"},"potentialAction":[{"@type":"SearchAction","target":{"@type":"EntryPoint","urlTemplate":"https:\/\/nouvellealpina.ch\/?s={search_term_string}"},"query-input":{"@type":"PropertyValueSpecification","valueRequired":true,"valueName":"search_term_string"}}],"inLanguage":"de-CH"},{"@type":"Organization","@id":"https:\/\/nouvellealpina.ch\/#organization","name":"Nouvelle Alpina","url":"https:\/\/nouvellealpina.ch\/","logo":{"@type":"ImageObject","inLanguage":"de-CH","@id":"https:\/\/nouvellealpina.ch\/#\/schema\/logo\/image\/","url":"https:\/\/nouvellealpina.ch\/wp-content\/uploads\/2022\/05\/Logo-Nouvelle-Alpina.png","contentUrl":"https:\/\/nouvellealpina.ch\/wp-content\/uploads\/2022\/05\/Logo-Nouvelle-Alpina.png","width":740,"height":198,"caption":"La Nouvelle Alpina"},"image":{"@id":"https:\/\/nouvellealpina.ch\/#\/schema\/logo\/image\/"},"sameAs":["https:\/\/www.facebook.com\/nouvellealpina","https:\/\/www.instagram.com\/nouvellealpina\/"]}]}},"_links":{"self":[{"href":"https:\/\/nouvellealpina.ch\/de\/wp-json\/wp\/v2\/pages\/2682","targetHints":{"allow":["GET"]}}],"collection":[{"href":"https:\/\/nouvellealpina.ch\/de\/wp-json\/wp\/v2\/pages"}],"about":[{"href":"https:\/\/nouvellealpina.ch\/de\/wp-json\/wp\/v2\/types\/page"}],"author":[{"embeddable":true,"href":"https:\/\/nouvellealpina.ch\/de\/wp-json\/wp\/v2\/users\/1"}],"replies":[{"embeddable":true,"href":"https:\/\/nouvellealpina.ch\/de\/wp-json\/wp\/v2\/comments?post=2682"}],"version-history":[{"count":17,"href":"https:\/\/nouvellealpina.ch\/de\/wp-json\/wp\/v2\/pages\/2682\/revisions"}],"predecessor-version":[{"id":2842,"href":"https:\/\/nouvellealpina.ch\/de\/wp-json\/wp\/v2\/pages\/2682\/revisions\/2842"}],"wp:attachment":[{"href":"https:\/\/nouvellealpina.ch\/de\/wp-json\/wp\/v2\/media?parent=2682"}],"curies":[{"name":"wp","href":"https:\/\/api.w.org\/{rel}","templated":true}]}}