{"id":249,"date":"2017-07-13T14:55:27","date_gmt":"2017-07-13T14:55:27","guid":{"rendered":"http:\/\/www.nicdarkthemes.com\/themes\/hotel\/wp\/demo\/?page_id=249"},"modified":"2026-01-18T16:19:12","modified_gmt":"2026-01-18T16:19:12","slug":"footer","status":"publish","type":"page","link":"https:\/\/nouvellealpina.ch\/de\/footer\/","title":{"rendered":"Footer"},"content":{"rendered":"<div class=\"wpb-content-wrapper\"><div class=\"vc_row wpb_row vc_row-fluid vc_custom_1654089182349 vc_row-has-fill\"><div class=\"wpb_column vc_column_container vc_col-sm-12\"><div class=\"vc_column-inner\"><div class=\"wpb_wrapper\"><div style=\"background-color:;height: 50px\" class=\"nicdark_section\"><\/div><\/div><\/div><\/div><\/div><div data-vc-full-width=\"true\" data-vc-full-width-init=\"false\" class=\"vc_row wpb_row vc_row-fluid vc_custom_1654089469329 vc_row-has-fill\"><div class=\"wpb_column vc_column_container vc_col-sm-3\"><div class=\"vc_column-inner\"><div class=\"wpb_wrapper\"> <h6 style=\"color:#878787;padding:px;text-align:;font-size:18px;line-height:20px;letter-spacing: px;font-weight:lighter\" class=\"nd_options_margin_top_50_responsive nd_options_second_font\">ADRESSE<\/h6> <div style=\"background-color:;height: 30px\" class=\"nicdark_section\"><\/div> <p style=\"color:#000000;padding:px;text-align:;font-size:16px;line-height:20px;letter-spacing: 2px;font-weight:\" class=\"nd_options_second_font\">Nouvelle Alpina<\/p> <div style=\"background-color:;height: 10px\" class=\"nicdark_section\"><\/div> <p style=\"color:#000000;padding:px;text-align:;font-size:16px;line-height:20px;letter-spacing: 3px;font-weight:\" class=\"nd_options_second_font\">Route de Chavalet 9<\/p> <div style=\"background-color:;height: 10px\" class=\"nicdark_section\"><\/div> <p style=\"color:#000000;padding:px;text-align:;font-size:16px;line-height:20px;letter-spacing: 2px;font-weight:\" class=\"nd_options_second_font\">1874 Champ\u00e9ry<\/p> <div style=\"background-color:;height: 10px\" class=\"nicdark_section\"><\/div> <p style=\"color:#000000;padding:px;text-align:;font-size:16px;line-height:20px;letter-spacing: 2px;font-weight:\" class=\"nd_options_second_font\">Valais, Suisse<\/p> <div style=\"background-color:;height: 10px\" class=\"nicdark_section\"><\/div><\/div><\/div><\/div><div class=\"wpb_column vc_column_container vc_col-sm-3\"><div class=\"vc_column-inner\"><div class=\"wpb_wrapper\"> <h6 style=\"color:#878787;padding:px;text-align:;font-size:18px;line-height:20px;letter-spacing: px;font-weight:lighter\" class=\"nd_options_margin_top_50_responsive nd_options_second_font\">E-MAIL<\/h6> <div style=\"background-color:;height: 30px\" class=\"nicdark_section\"><\/div> <p style=\"color:#000000;padding:px;text-align:;font-size:16px;line-height:20px;letter-spacing: 1px;font-weight:\" class=\"nd_options_margin_bottom_50_responsive nd_options_second_font\">contact@nouvellealpina.ch<\/p> <\/div><\/div><\/div><div class=\"wpb_column vc_column_container vc_col-sm-3 vc_col-has-fill\"><div class=\"vc_column-inner vc_custom_1653476927779\"><div class=\"wpb_wrapper\"> <h6 style=\"color:#878787;padding:px;text-align:;font-size:18px;line-height:20px;letter-spacing: px;font-weight:lighter\" class=\"nd_options_margin_top_50_responsive nd_options_second_font\">TELEFON<\/h6> <div style=\"background-color:;height: 30px\" class=\"nicdark_section\"><\/div> <p style=\"color:#000000;padding:px;text-align:;font-size:16px;line-height:20px;letter-spacing: 1px;font-weight:\" class=\"nd_options_margin_bottom_50_responsive nd_options_second_font\">+41 (0)24 479 11 17<\/p> <\/div><\/div><\/div><div class=\"wpb_column vc_column_container vc_col-sm-3\"><div class=\"vc_column-inner\"><div class=\"wpb_wrapper\"> <h6 style=\"color:#878787;padding:px;text-align:;font-size:18px;line-height:20px;letter-spacing: px;font-weight:lighter\" class=\"nd_options_margin_top_50_responsive nd_options_second_font\">SOZIALE NETZWERKE<\/h6> <div style=\"background-color:;height: 30px\" class=\"nicdark_section\"><\/div>\n\t\n\t<a style=\"margin:0px 20px 0px 0px;border: px solid;border-radius:px;background-color:;padding:\" rel=\"\" href=\"https:\/\/maps.app.goo.gl\/j7bmNiqqmgGNL5kK6\" class=\"nicdark_display_inline_block nd_options_float_left\"><img decoding=\"async\" class=\"nd_options_float_left\" alt=\"\" width=\"20\" src=\"https:\/\/nouvellealpina.ch\/wp-content\/uploads\/2023\/11\/pngegg.png\"><\/a>\n\t\n\n\t\n\t<a style=\"margin:0px 20px 0px 0px;border: px solid;border-radius:px;background-color:;padding:\" rel=\"\" href=\"https:\/\/www.facebook.com\/nouvellealpinahttps:\/\/www.facebook.com\/nouvellealpina\" class=\"nicdark_display_inline_block nd_options_float_left\"><img decoding=\"async\" class=\"nd_options_float_left\" alt=\"\" width=\"20\" src=\"https:\/\/nouvellealpina.ch\/wp-content\/uploads\/2022\/05\/FB-icon-NA.png\"><\/a>\n\t\n\n\t\n\t<a style=\"margin:0px 20px 0px 0px;border: px solid;border-radius:px;background-color:;padding:\" rel=\"\" href=\"https:\/\/www.instagram.com\/nouvellealpina\/\" class=\"nicdark_display_inline_block nd_options_float_left\"><img decoding=\"async\" class=\"nd_options_float_left\" alt=\"\" width=\"20\" src=\"https:\/\/nouvellealpina.ch\/wp-content\/uploads\/2022\/05\/IG-icon-NA.png\"><\/a>\n\t\n<div style=\"background-color:;height: 30px\" class=\"nicdark_section\"><\/div><\/div><\/div><\/div><\/div><div class=\"vc_row-full-width vc_clearfix\"><\/div><div class=\"vc_row wpb_row vc_row-fluid vc_custom_1654089041697 vc_row-has-fill\"><div class=\"wpb_column vc_column_container vc_col-sm-12\"><div class=\"vc_column-inner\"><div class=\"wpb_wrapper\"><div style=\"background-color:;height: 30px\" class=\"nicdark_section\"><\/div>\n\t<div class=\"wpb_text_column wpb_content_element\" >\n\t\t<div class=\"wpb_wrapper\">\n\t\t\t<p style=\"text-align: center;\"><a href=\"https:\/\/nouvellealpina.ch\/de\/experience\/\">\u00dcber uns<\/a>\u00a0 \u00a0 \u00a0<a href=\"https:\/\/nouvellealpina.ch\/de\/contact-infos\/\">Kontakt<\/a>\u00a0 \u00a0 \u00a0<a href=\"https:\/\/nouvellealpina.ch\/de\/faq\/\">FAQ<\/a>\u00a0 \u00a0 \u00a0<a href=\"https:\/\/nouvellealpina.ch\/de\/reservation\/\">Verf\u00fcgbarkeitskalender<\/a>\u00a0 \u00a0 \u00a0<a href=\"https:\/\/nouvellealpina.ch\/de\/contact-infos\/\">Buchungsanfrage<\/a>\u00a0 \u00a0 \u00a0<a href=\"https:\/\/nouvellealpina.ch\/de\/reservation\/\">Buchung<\/a>\u00a0 \u00a0 <a href=\"https:\/\/nouvellealpina.ch\/de\/conditions-utilisation\/\">Nutzungsbedingungen<\/a>\u00a0 \u00a0 \u00a0<a href=\"https:\/\/nouvellealpina.ch\/de\/politique-de-confidentialite\/\">Datenschutzrichtlinie<\/a><\/p>\n\n\t\t<\/div>\n\t<\/div>\n<div style=\"background-color:;height: 20px\" class=\"nicdark_section\"><\/div>\n\t<div class=\"wpb_text_column wpb_content_element\" >\n\t\t<div class=\"wpb_wrapper\">\n\t\t\t<p style=\"text-align: center;\">\u00a9 2026 Nouvelle Alpina. Alle Rechte vorbehalten.<\/p>\n\n\t\t<\/div>\n\t<\/div>\n<div style=\"background-color:;height: 10px\" class=\"nicdark_section\"><\/div>\n\t<div  class=\"wpb_single_image wpb_content_element vc_align_center wpb_content_element\">\n\t\t\n\t\t<figure class=\"wpb_wrapper vc_figure\">\n\t\t\t<div class=\"vc_single_image-wrapper   vc_box_border_grey\"><img loading=\"lazy\" decoding=\"async\" width=\"300\" height=\"80\" src=\"https:\/\/nouvellealpina.ch\/wp-content\/uploads\/2022\/05\/Logo-Nouvelle-Alpina-300x80.png\" class=\"vc_single_image-img attachment-medium\" alt=\"\" title=\"Logo-Nouvelle-Alpina\" srcset=\"https:\/\/nouvellealpina.ch\/wp-content\/uploads\/2022\/05\/Logo-Nouvelle-Alpina-300x80.png 300w, https:\/\/nouvellealpina.ch\/wp-content\/uploads\/2022\/05\/Logo-Nouvelle-Alpina.png 740w\" sizes=\"auto, (max-width: 300px) 100vw, 300px\" \/><\/div>\n\t\t<\/figure>\n\t<\/div>\n<div style=\"background-color:;height: 30px\" class=\"nicdark_section\"><\/div><\/div><\/div><\/div><\/div>\n<\/div>","protected":false},"excerpt":{"rendered":"ADRESSE Nouvelle Alpina Route de Chavalet 9 1874 Champ\u00e9ry Valais, Suisse E-MAIL contact@nouvellealpina.ch T\u00c9L\u00c9PHONE +41 (0)24 479 11 17 R\u00c9SEAUX SOCIAUX \u00c0 notre propos\u00a0 \u00a0 \u00a0Contact\u00a0 \u00a0 \u00a0FAQ\u00a0 \u00a0 \u00a0Calendrier des disponibilit\u00e9s\u00a0 \u00a0 \u00a0Demande de devis\u00a0 \u00a0 \u00a0R\u00e9servation\u00a0 \u00a0 Conditions d'utilisation\u00a0 \u00a0 \u00a0Politique de confidentialit\u00e9 \u00a9 2026 Nouvelle Alpina. Tous Droits R\u00e9serv\u00e9s.","protected":false},"author":1,"featured_media":0,"parent":0,"menu_order":0,"comment_status":"closed","ping_status":"closed","template":"","meta":{"_monsterinsights_skip_tracking":false,"_monsterinsights_sitenote_active":false,"_monsterinsights_sitenote_note":"","_monsterinsights_sitenote_category":0,"footnotes":""},"class_list":["post-249","page","type-page","status-publish","hentry"],"yoast_head":"<!-- This site is optimized with the Yoast SEO Premium plugin v21.6 (Yoast SEO v27.4) - https:\/\/yoast.com\/product\/yoast-seo-premium-wordpress\/ -->\n<title>Footer - La Nouvelle Alpina<\/title>\n<meta name=\"robots\" content=\"index, follow, max-snippet:-1, max-image-preview:large, max-video-preview:-1\" \/>\n<link rel=\"canonical\" href=\"https:\/\/nouvellealpina.ch\/de\/footer\/\" \/>\n<meta property=\"og:locale\" content=\"de_DE\" \/>\n<meta property=\"og:type\" content=\"article\" \/>\n<meta property=\"og:title\" content=\"Footer\" \/>\n<meta property=\"og:url\" content=\"https:\/\/nouvellealpina.ch\/de\/footer\/\" \/>\n<meta property=\"og:site_name\" content=\"La Nouvelle Alpina\" \/>\n<meta property=\"article:publisher\" content=\"https:\/\/www.facebook.com\/nouvellealpina\" \/>\n<meta property=\"article:modified_time\" content=\"2026-01-18T16:19:12+00:00\" \/>\n<meta name=\"twitter:card\" content=\"summary_large_image\" \/>\n<meta name=\"twitter:label1\" content=\"Gesch\u00e4tzte Lesezeit\" \/>\n\t<meta name=\"twitter:data1\" content=\"2\u00a0Minuten\" \/>\n<script type=\"application\/ld+json\" class=\"yoast-schema-graph\">{\"@context\":\"https:\\\/\\\/schema.org\",\"@graph\":[{\"@type\":\"WebPage\",\"@id\":\"https:\\\/\\\/nouvellealpina.ch\\\/footer\\\/\",\"url\":\"https:\\\/\\\/nouvellealpina.ch\\\/footer\\\/\",\"name\":\"Footer - La Nouvelle Alpina\",\"isPartOf\":{\"@id\":\"https:\\\/\\\/nouvellealpina.ch\\\/#website\"},\"datePublished\":\"2017-07-13T14:55:27+00:00\",\"dateModified\":\"2026-01-18T16:19:12+00:00\",\"breadcrumb\":{\"@id\":\"https:\\\/\\\/nouvellealpina.ch\\\/footer\\\/#breadcrumb\"},\"inLanguage\":\"de-CH\",\"potentialAction\":[{\"@type\":\"ReadAction\",\"target\":[\"https:\\\/\\\/nouvellealpina.ch\\\/footer\\\/\"]}]},{\"@type\":\"BreadcrumbList\",\"@id\":\"https:\\\/\\\/nouvellealpina.ch\\\/footer\\\/#breadcrumb\",\"itemListElement\":[{\"@type\":\"ListItem\",\"position\":1,\"name\":\"Accueil\",\"item\":\"https:\\\/\\\/nouvellealpina.ch\\\/\"},{\"@type\":\"ListItem\",\"position\":2,\"name\":\"Footer\"}]},{\"@type\":\"WebSite\",\"@id\":\"https:\\\/\\\/nouvellealpina.ch\\\/#website\",\"url\":\"https:\\\/\\\/nouvellealpina.ch\\\/\",\"name\":\"La Nouvelle Alpina\",\"description\":\"Auberge Chalet pour groupes \u00e0 louer \u00e0 Champ\u00e9ry\",\"publisher\":{\"@id\":\"https:\\\/\\\/nouvellealpina.ch\\\/#organization\"},\"potentialAction\":[{\"@type\":\"SearchAction\",\"target\":{\"@type\":\"EntryPoint\",\"urlTemplate\":\"https:\\\/\\\/nouvellealpina.ch\\\/?s={search_term_string}\"},\"query-input\":{\"@type\":\"PropertyValueSpecification\",\"valueRequired\":true,\"valueName\":\"search_term_string\"}}],\"inLanguage\":\"de-CH\"},{\"@type\":\"Organization\",\"@id\":\"https:\\\/\\\/nouvellealpina.ch\\\/#organization\",\"name\":\"La Nouvelle Alpina\",\"url\":\"https:\\\/\\\/nouvellealpina.ch\\\/\",\"logo\":{\"@type\":\"ImageObject\",\"inLanguage\":\"de-CH\",\"@id\":\"https:\\\/\\\/nouvellealpina.ch\\\/#\\\/schema\\\/logo\\\/image\\\/\",\"url\":\"https:\\\/\\\/nouvellealpina.ch\\\/wp-content\\\/uploads\\\/2022\\\/05\\\/Logo-Nouvelle-Alpina.png\",\"contentUrl\":\"https:\\\/\\\/nouvellealpina.ch\\\/wp-content\\\/uploads\\\/2022\\\/05\\\/Logo-Nouvelle-Alpina.png\",\"width\":740,\"height\":198,\"caption\":\"La Nouvelle Alpina\"},\"image\":{\"@id\":\"https:\\\/\\\/nouvellealpina.ch\\\/#\\\/schema\\\/logo\\\/image\\\/\"},\"sameAs\":[\"https:\\\/\\\/www.facebook.com\\\/nouvellealpina\",\"https:\\\/\\\/www.instagram.com\\\/nouvellealpina\\\/\"]}]}<\/script>\n<!-- \/ Yoast SEO Premium plugin. -->","yoast_head_json":{"title":"Footer - La Nouvelle Alpina","robots":{"index":"index","follow":"follow","max-snippet":"max-snippet:-1","max-image-preview":"max-image-preview:large","max-video-preview":"max-video-preview:-1"},"canonical":"https:\/\/nouvellealpina.ch\/de\/footer\/","og_locale":"de_DE","og_type":"article","og_title":"Footer","og_url":"https:\/\/nouvellealpina.ch\/de\/footer\/","og_site_name":"La Nouvelle Alpina","article_publisher":"https:\/\/www.facebook.com\/nouvellealpina","article_modified_time":"2026-01-18T16:19:12+00:00","twitter_card":"summary_large_image","twitter_misc":{"Gesch\u00e4tzte Lesezeit":"2\u00a0Minuten"},"schema":{"@context":"https:\/\/schema.org","@graph":[{"@type":"WebPage","@id":"https:\/\/nouvellealpina.ch\/footer\/","url":"https:\/\/nouvellealpina.ch\/footer\/","name":"Footer - La Nouvelle Alpina","isPartOf":{"@id":"https:\/\/nouvellealpina.ch\/#website"},"datePublished":"2017-07-13T14:55:27+00:00","dateModified":"2026-01-18T16:19:12+00:00","breadcrumb":{"@id":"https:\/\/nouvellealpina.ch\/footer\/#breadcrumb"},"inLanguage":"de-CH","potentialAction":[{"@type":"ReadAction","target":["https:\/\/nouvellealpina.ch\/footer\/"]}]},{"@type":"BreadcrumbList","@id":"https:\/\/nouvellealpina.ch\/footer\/#breadcrumb","itemListElement":[{"@type":"ListItem","position":1,"name":"Accueil","item":"https:\/\/nouvellealpina.ch\/"},{"@type":"ListItem","position":2,"name":"Footer"}]},{"@type":"WebSite","@id":"https:\/\/nouvellealpina.ch\/#website","url":"https:\/\/nouvellealpina.ch\/","name":"Nouvelle Alpina","description":"Auberge Chalet pour groupes \u00e0 louer \u00e0 Champ\u00e9ry","publisher":{"@id":"https:\/\/nouvellealpina.ch\/#organization"},"potentialAction":[{"@type":"SearchAction","target":{"@type":"EntryPoint","urlTemplate":"https:\/\/nouvellealpina.ch\/?s={search_term_string}"},"query-input":{"@type":"PropertyValueSpecification","valueRequired":true,"valueName":"search_term_string"}}],"inLanguage":"de-CH"},{"@type":"Organization","@id":"https:\/\/nouvellealpina.ch\/#organization","name":"Nouvelle Alpina","url":"https:\/\/nouvellealpina.ch\/","logo":{"@type":"ImageObject","inLanguage":"de-CH","@id":"https:\/\/nouvellealpina.ch\/#\/schema\/logo\/image\/","url":"https:\/\/nouvellealpina.ch\/wp-content\/uploads\/2022\/05\/Logo-Nouvelle-Alpina.png","contentUrl":"https:\/\/nouvellealpina.ch\/wp-content\/uploads\/2022\/05\/Logo-Nouvelle-Alpina.png","width":740,"height":198,"caption":"La Nouvelle Alpina"},"image":{"@id":"https:\/\/nouvellealpina.ch\/#\/schema\/logo\/image\/"},"sameAs":["https:\/\/www.facebook.com\/nouvellealpina","https:\/\/www.instagram.com\/nouvellealpina\/"]}]}},"_links":{"self":[{"href":"https:\/\/nouvellealpina.ch\/de\/wp-json\/wp\/v2\/pages\/249","targetHints":{"allow":["GET"]}}],"collection":[{"href":"https:\/\/nouvellealpina.ch\/de\/wp-json\/wp\/v2\/pages"}],"about":[{"href":"https:\/\/nouvellealpina.ch\/de\/wp-json\/wp\/v2\/types\/page"}],"author":[{"embeddable":true,"href":"https:\/\/nouvellealpina.ch\/de\/wp-json\/wp\/v2\/users\/1"}],"replies":[{"embeddable":true,"href":"https:\/\/nouvellealpina.ch\/de\/wp-json\/wp\/v2\/comments?post=249"}],"version-history":[{"count":125,"href":"https:\/\/nouvellealpina.ch\/de\/wp-json\/wp\/v2\/pages\/249\/revisions"}],"predecessor-version":[{"id":4401,"href":"https:\/\/nouvellealpina.ch\/de\/wp-json\/wp\/v2\/pages\/249\/revisions\/4401"}],"wp:attachment":[{"href":"https:\/\/nouvellealpina.ch\/de\/wp-json\/wp\/v2\/media?parent=249"}],"curies":[{"name":"wp","href":"https:\/\/api.w.org\/{rel}","templated":true}]}}